{"id":4185,"date":"2024-12-13T09:37:27","date_gmt":"2024-12-13T09:37:27","guid":{"rendered":"https:\/\/www.olfa.mimacdoo.rs\/?post_type=product&#038;p=4185"},"modified":"2024-12-13T09:40:00","modified_gmt":"2024-12-13T09:40:00","slug":"kh-1-l5-al-set","status":"publish","type":"product","link":"https:\/\/www.olfa.mimacdoo.rs\/?product=kh-1-l5-al-set","title":{"rendered":"KH-1\/L5-AL SET"},"content":{"rendered":"<p>Kombo pakovanje KH-1\/L5-AL sadr\u017ei dr\u017ea\u010d skalpela KH-1 i skalpel L5-AL iz X dizajn serije.<br \/>\nKH-1 je napravljen od polipropilenske smole oja\u010dane staklenim vlaknima za \u010dvrstinu i izdr\u017eljivost, koja je otporna na aceton i kiseline. Idealan je za radna mesta gde se skalpeli \u010desto koriste, jer omogu\u0107ava brzo i bezbedno skladi\u0161tenje skalpela.<\/p>\n<p><img fetchpriority=\"high\" class=\"alignnone wp-image-4201\" src=\"https:\/\/www.olfa.mimacdoo.rs\/wp-content\/uploads\/2024\/12\/kh-1-l5-al_f01-300x200.jpg\" alt=\"\" width=\"341\" height=\"227\" srcset=\"https:\/\/www.olfa.mimacdoo.rs\/wp-content\/uploads\/2024\/12\/kh-1-l5-al_f01-300x200.jpg 300w, https:\/\/www.olfa.mimacdoo.rs\/wp-content\/uploads\/2024\/12\/kh-1-l5-al_f01-1024x683.jpg 1024w, https:\/\/www.olfa.mimacdoo.rs\/wp-content\/uploads\/2024\/12\/kh-1-l5-al_f01-768x512.jpg 768w, https:\/\/www.olfa.mimacdoo.rs\/wp-content\/uploads\/2024\/12\/kh-1-l5-al_f01-18x12.jpg 18w, https:\/\/www.olfa.mimacdoo.rs\/wp-content\/uploads\/2024\/12\/kh-1-l5-al_f01-600x400.jpg 600w, https:\/\/www.olfa.mimacdoo.rs\/wp-content\/uploads\/2024\/12\/kh-1-l5-al_f01.jpg 1200w\" sizes=\"(max-width: 341px) 100vw, 341px\" \/><\/p>\n<p>OLFA je razvila specijalno dizajniran dr\u017ea\u010d skalpela KH-1 sa ciljem da na\u0161e skalpele iz X serije u\u010dini jo\u0161 lak\u0161im za kori\u0161\u0107enje i sigurnijim za upotrebu. Kompatibilan je sa skalpelima od 18mm iz X dizajn serije: L-5, L5-AL, L-7, L7-AL i L8-AL.<\/p>\n<p><img class=\"alignnone wp-image-4197\" src=\"https:\/\/www.olfa.mimacdoo.rs\/wp-content\/uploads\/2024\/12\/kh-1-l5-al_f03-300x161.jpg\" alt=\"\" width=\"341\" height=\"182\" srcset=\"https:\/\/www.olfa.mimacdoo.rs\/wp-content\/uploads\/2024\/12\/kh-1-l5-al_f03-300x161.jpg 300w, https:\/\/www.olfa.mimacdoo.rs\/wp-content\/uploads\/2024\/12\/kh-1-l5-al_f03-1024x548.jpg 1024w, https:\/\/www.olfa.mimacdoo.rs\/wp-content\/uploads\/2024\/12\/kh-1-l5-al_f03-768x411.jpg 768w, https:\/\/www.olfa.mimacdoo.rs\/wp-content\/uploads\/2024\/12\/kh-1-l5-al_f03-1536x822.jpg 1536w, https:\/\/www.olfa.mimacdoo.rs\/wp-content\/uploads\/2024\/12\/kh-1-l5-al_f03-2048x1096.jpg 2048w, https:\/\/www.olfa.mimacdoo.rs\/wp-content\/uploads\/2024\/12\/kh-1-l5-al_f03-18x10.jpg 18w, https:\/\/www.olfa.mimacdoo.rs\/wp-content\/uploads\/2024\/12\/kh-1-l5-al_f03-600x321.jpg 600w\" sizes=\"(max-width: 341px) 100vw, 341px\" \/><\/p>\n<p>KH-1 bezbedno zaklju\u010dava skalpel na mestu samo ubacivanjem u dr\u017ea\u010d. Kada \u017eelite da koristite skalpel, mo\u017eete otpustiti bravu laganim pritiskom na crveno dugme.<\/p>\n<p><img class=\"alignnone wp-image-4198\" src=\"https:\/\/www.olfa.mimacdoo.rs\/wp-content\/uploads\/2024\/12\/kh-1-l5-al_f04-300x200.jpg\" alt=\"\" width=\"341\" height=\"227\" srcset=\"https:\/\/www.olfa.mimacdoo.rs\/wp-content\/uploads\/2024\/12\/kh-1-l5-al_f04-300x200.jpg 300w, https:\/\/www.olfa.mimacdoo.rs\/wp-content\/uploads\/2024\/12\/kh-1-l5-al_f04-1024x683.jpg 1024w, https:\/\/www.olfa.mimacdoo.rs\/wp-content\/uploads\/2024\/12\/kh-1-l5-al_f04-768x512.jpg 768w, https:\/\/www.olfa.mimacdoo.rs\/wp-content\/uploads\/2024\/12\/kh-1-l5-al_f04-1536x1024.jpg 1536w, https:\/\/www.olfa.mimacdoo.rs\/wp-content\/uploads\/2024\/12\/kh-1-l5-al_f04-2048x1365.jpg 2048w, https:\/\/www.olfa.mimacdoo.rs\/wp-content\/uploads\/2024\/12\/kh-1-l5-al_f04-18x12.jpg 18w, https:\/\/www.olfa.mimacdoo.rs\/wp-content\/uploads\/2024\/12\/kh-1-l5-al_f04-600x400.jpg 600w\" sizes=\"(max-width: 341px) 100vw, 341px\" \/><\/p>\n<p>Ugao om\u010de za kai\u0161 se mo\u017ee pomerati u rasponu od 30 stepeni, tako da ga mo\u017eete koristiti pod uglom sa kojim vam je najugodnije raditi.<\/p>\n<p><img loading=\"lazy\" class=\"alignnone wp-image-4199\" src=\"https:\/\/www.olfa.mimacdoo.rs\/wp-content\/uploads\/2024\/12\/kh-1-l5-al_f06-300x200.jpg\" alt=\"\" width=\"341\" height=\"227\" srcset=\"https:\/\/www.olfa.mimacdoo.rs\/wp-content\/uploads\/2024\/12\/kh-1-l5-al_f06-300x200.jpg 300w, https:\/\/www.olfa.mimacdoo.rs\/wp-content\/uploads\/2024\/12\/kh-1-l5-al_f06-1024x683.jpg 1024w, https:\/\/www.olfa.mimacdoo.rs\/wp-content\/uploads\/2024\/12\/kh-1-l5-al_f06-768x512.jpg 768w, https:\/\/www.olfa.mimacdoo.rs\/wp-content\/uploads\/2024\/12\/kh-1-l5-al_f06-18x12.jpg 18w, https:\/\/www.olfa.mimacdoo.rs\/wp-content\/uploads\/2024\/12\/kh-1-l5-al_f06-600x400.jpg 600w, https:\/\/www.olfa.mimacdoo.rs\/wp-content\/uploads\/2024\/12\/kh-1-l5-al_f06.jpg 1200w\" sizes=\"(max-width: 341px) 100vw, 341px\" \/><\/p>\n<p>Velika om\u010da za kai\u0161 je kompatibilna sa pojasevima razli\u010ditih veli\u010dina. Po\u0161to je napravljena od mekog elastomera, ne\u0107e vam smetati pri radu u bilo kojem polo\u017eaju.<\/p>\n<p><img loading=\"lazy\" class=\"alignnone wp-image-4200\" src=\"https:\/\/www.olfa.mimacdoo.rs\/wp-content\/uploads\/2024\/12\/kh-1-l5-al_f05-300x200.jpg\" alt=\"\" width=\"341\" height=\"227\" srcset=\"https:\/\/www.olfa.mimacdoo.rs\/wp-content\/uploads\/2024\/12\/kh-1-l5-al_f05-300x200.jpg 300w, https:\/\/www.olfa.mimacdoo.rs\/wp-content\/uploads\/2024\/12\/kh-1-l5-al_f05-1024x683.jpg 1024w, https:\/\/www.olfa.mimacdoo.rs\/wp-content\/uploads\/2024\/12\/kh-1-l5-al_f05-768x512.jpg 768w, https:\/\/www.olfa.mimacdoo.rs\/wp-content\/uploads\/2024\/12\/kh-1-l5-al_f05-18x12.jpg 18w, https:\/\/www.olfa.mimacdoo.rs\/wp-content\/uploads\/2024\/12\/kh-1-l5-al_f05-600x400.jpg 600w, https:\/\/www.olfa.mimacdoo.rs\/wp-content\/uploads\/2024\/12\/kh-1-l5-al_f05.jpg 1200w\" sizes=\"(max-width: 341px) 100vw, 341px\" \/><\/p>\n<p>&nbsp;<\/p>\n<div class=\"ast-oembed-container \" style=\"height: 100%;\"><iframe title=\"KH-1\" width=\"500\" height=\"281\" src=\"https:\/\/www.youtube.com\/embed\/U-Wx1G-3XW4?feature=oembed\" frameborder=\"0\" allow=\"accelerometer; autoplay; clipboard-write; encrypted-media; gyroscope; picture-in-picture; web-share\" referrerpolicy=\"strict-origin-when-cross-origin\" allowfullscreen><\/iframe><\/div>\n","protected":false},"excerpt":{"rendered":"<p>\u2022 Dr\u017ea\u010d skalpela KH-1 i skalpel L5-AL<br \/>\n\u2022 Kompatibilan za 18mm skalpele iz X serije<br \/>\n\u2022 Velika om\u010da za ka\u010denje na kai\u0161<br \/>\n\u2022 Ugao dr\u017ea\u010da se mo\u017ee podesiti u rasponu od 30 stepeni<br \/>\n\u2022 Polipropilenska smola oja\u010dana staklenim vlaknima<br \/>\n\u2022 X dizajn<br \/>\n\u2022 <strong>Made in Japan<\/strong><\/p>\n","protected":false},"featured_media":4190,"template":"","meta":{"_uag_custom_page_level_css":"","site-sidebar-layout":"default","site-content-layout":"","ast-site-content-layout":"default","site-content-style":"default","site-sidebar-style":"default","ast-global-header-display":"","ast-banner-title-visibility":"","ast-main-header-display":"","ast-hfb-above-header-display":"","ast-hfb-below-header-display":"","ast-hfb-mobile-header-display":"","site-post-title":"","ast-breadcrumbs-content":"","ast-featured-img":"","footer-sml-layout":"","theme-transparent-header-meta":"default","adv-header-id-meta":"","stick-header-meta":"","header-above-stick-meta":"","header-main-stick-meta":"","header-below-stick-meta":"","astra-migrate-meta-layouts":"set","ast-page-background-enabled":"default","ast-page-background-meta":{"desktop":{"background-color":"","background-image":"","background-repeat":"repeat","background-position":"center center","background-size":"auto","background-attachment":"scroll","background-type":"","background-media":"","overlay-type":"","overlay-color":"","overlay-opacity":"","overlay-gradient":""},"tablet":{"background-color":"","background-image":"","background-repeat":"repeat","background-position":"center center","background-size":"auto","background-attachment":"scroll","background-type":"","background-media":"","overlay-type":"","overlay-color":"","overlay-opacity":"","overlay-gradient":""},"mobile":{"background-color":"","background-image":"","background-repeat":"repeat","background-position":"center center","background-size":"auto","background-attachment":"scroll","background-type":"","background-media":"","overlay-type":"","overlay-color":"","overlay-opacity":"","overlay-gradient":""}},"ast-content-background-meta":{"desktop":{"background-color":"var(--ast-global-color-5)","background-image":"","background-repeat":"repeat","background-position":"center center","background-size":"auto","background-attachment":"scroll","background-type":"","background-media":"","overlay-type":"","overlay-color":"","overlay-opacity":"","overlay-gradient":""},"tablet":{"background-color":"var(--ast-global-color-5)","background-image":"","background-repeat":"repeat","background-position":"center center","background-size":"auto","background-attachment":"scroll","background-type":"","background-media":"","overlay-type":"","overlay-color":"","overlay-opacity":"","overlay-gradient":""},"mobile":{"background-color":"var(--ast-global-color-5)","background-image":"","background-repeat":"repeat","background-position":"center center","background-size":"auto","background-attachment":"scroll","background-type":"","background-media":"","overlay-type":"","overlay-color":"","overlay-opacity":"","overlay-gradient":""}}},"product_brand":[],"product_cat":[43],"product_tag":[],"class_list":{"0":"post-4185","1":"product","2":"type-product","3":"status-publish","4":"has-post-thumbnail","6":"product_cat-18mm","7":"desktop-align-left","8":"tablet-align-left","9":"mobile-align-left","11":"first","12":"instock","13":"shipping-taxable","14":"product-type-simple"},"uagb_featured_image_src":{"full":["https:\/\/www.olfa.mimacdoo.rs\/wp-content\/uploads\/2024\/12\/KH-1_L5-AL.jpg",640,640,false],"thumbnail":["https:\/\/www.olfa.mimacdoo.rs\/wp-content\/uploads\/2024\/12\/KH-1_L5-AL-150x150.jpg",150,150,true],"medium":["https:\/\/www.olfa.mimacdoo.rs\/wp-content\/uploads\/2024\/12\/KH-1_L5-AL-300x300.jpg",300,300,true],"medium_large":["https:\/\/www.olfa.mimacdoo.rs\/wp-content\/uploads\/2024\/12\/KH-1_L5-AL.jpg",640,640,false],"large":["https:\/\/www.olfa.mimacdoo.rs\/wp-content\/uploads\/2024\/12\/KH-1_L5-AL.jpg",640,640,false],"1536x1536":["https:\/\/www.olfa.mimacdoo.rs\/wp-content\/uploads\/2024\/12\/KH-1_L5-AL.jpg",640,640,false],"2048x2048":["https:\/\/www.olfa.mimacdoo.rs\/wp-content\/uploads\/2024\/12\/KH-1_L5-AL.jpg",640,640,false],"trp-custom-language-flag":["https:\/\/www.olfa.mimacdoo.rs\/wp-content\/uploads\/2024\/12\/KH-1_L5-AL-12x12.jpg",12,12,true],"woocommerce_thumbnail":["https:\/\/www.olfa.mimacdoo.rs\/wp-content\/uploads\/2024\/12\/KH-1_L5-AL-300x300.jpg",300,300,true],"woocommerce_single":["https:\/\/www.olfa.mimacdoo.rs\/wp-content\/uploads\/2024\/12\/KH-1_L5-AL-600x600.jpg",600,600,true],"woocommerce_gallery_thumbnail":["https:\/\/www.olfa.mimacdoo.rs\/wp-content\/uploads\/2024\/12\/KH-1_L5-AL-100x100.jpg",100,100,true]},"uagb_author_info":{"display_name":"mimacdoo","author_link":"https:\/\/www.olfa.mimacdoo.rs\/?author=0"},"uagb_comment_info":0,"uagb_excerpt":"\u2022 Dr\u017ea\u010d skalpela KH-1 i skalpel L5-AL \u2022 Kompatibilan za 18mm skalpele iz X serije \u2022 Velika om\u010da za ka\u010denje na kai\u0161 \u2022 Ugao dr\u017ea\u010da se mo\u017ee podesiti u rasponu od 30 stepeni \u2022 Polipropilenska smola oja\u010dana staklenim vlaknima \u2022 X dizajn \u2022 Made in Japan","_links":{"self":[{"href":"https:\/\/www.olfa.mimacdoo.rs\/index.php?rest_route=\/wp\/v2\/product\/4185","targetHints":{"allow":["GET"]}}],"collection":[{"href":"https:\/\/www.olfa.mimacdoo.rs\/index.php?rest_route=\/wp\/v2\/product"}],"about":[{"href":"https:\/\/www.olfa.mimacdoo.rs\/index.php?rest_route=\/wp\/v2\/types\/product"}],"wp:featuredmedia":[{"embeddable":true,"href":"https:\/\/www.olfa.mimacdoo.rs\/index.php?rest_route=\/wp\/v2\/media\/4190"}],"wp:attachment":[{"href":"https:\/\/www.olfa.mimacdoo.rs\/index.php?rest_route=%2Fwp%2Fv2%2Fmedia&parent=4185"}],"wp:term":[{"taxonomy":"product_brand","embeddable":true,"href":"https:\/\/www.olfa.mimacdoo.rs\/index.php?rest_route=%2Fwp%2Fv2%2Fproduct_brand&post=4185"},{"taxonomy":"product_cat","embeddable":true,"href":"https:\/\/www.olfa.mimacdoo.rs\/index.php?rest_route=%2Fwp%2Fv2%2Fproduct_cat&post=4185"},{"taxonomy":"product_tag","embeddable":true,"href":"https:\/\/www.olfa.mimacdoo.rs\/index.php?rest_route=%2Fwp%2Fv2%2Fproduct_tag&post=4185"}],"curies":[{"name":"wp","href":"https:\/\/api.w.org\/{rel}","templated":true}]}}