{"id":4129,"date":"2024-05-27T13:49:07","date_gmt":"2024-05-27T13:49:07","guid":{"rendered":"https:\/\/www.olfa.mimacdoo.rs\/?post_type=product&#038;p=4129"},"modified":"2024-12-13T09:11:14","modified_gmt":"2024-12-13T09:11:14","slug":"wd-l-brn","status":"publish","type":"product","link":"https:\/\/www.olfa.mimacdoo.rs\/?product=wd-l-brn","title":{"rendered":"WD-L\/BRN SKALPEL"},"content":{"rendered":"<p><strong>WD-L\/BRN<\/strong><\/p>\n<p>Skalpel WD-L\/BRN napravljen je od materijala biomase koja koristi do 70% manje plastike u dr\u0161ci, \u0161to ga \u010dini prihvatljivim za \u017eivotnu sredinu. U smolu koja se koristi za izradu ove dr\u0161ke, je ume\u0161ano \u010dak 70% drvenog peleta i ostataka drveta. Zna\u010dajne razlike nema u izdr\u017eljivosti i snazi dr\u0161ke u poredjenju sa potpuno plasti\u010dnom.<\/p>\n<p><img fetchpriority=\"high\" class=\"alignnone wp-image-4162\" src=\"https:\/\/www.olfa.mimacdoo.rs\/wp-content\/uploads\/2024\/05\/wd-al-brn_f02-1-640x427-1-300x200.jpg\" alt=\"\" width=\"400\" height=\"267\" srcset=\"https:\/\/www.olfa.mimacdoo.rs\/wp-content\/uploads\/2024\/05\/wd-al-brn_f02-1-640x427-1-300x200.jpg 300w, https:\/\/www.olfa.mimacdoo.rs\/wp-content\/uploads\/2024\/05\/wd-al-brn_f02-1-640x427-1-18x12.jpg 18w, https:\/\/www.olfa.mimacdoo.rs\/wp-content\/uploads\/2024\/05\/wd-al-brn_f02-1-640x427-1-600x400.jpg 600w, https:\/\/www.olfa.mimacdoo.rs\/wp-content\/uploads\/2024\/05\/wd-al-brn_f02-1-640x427-1.jpg 640w\" sizes=\"(max-width: 400px) 100vw, 400px\" \/><\/p>\n<p>Pored smanjenja upotrebe plastike, tekstura Woody skalpela je odli\u010dna i spre\u010dava klizanje na mokrim, masnim ili uljem namazanim rukama, te tako \u010dini hvat i prianjanje boljim. Zavr\u0161na obrada pru\u017ea takvu teksturu i izgled, da je ose\u0107aj dok dr\u017eite dr\u0161ku u rukama kao prirodno drvo.<\/p>\n<p>Skalpel sadr\u017ei rupu na kraju ru\u010dke koja slu\u017ei za ka\u010denje i pri\u010dvr\u0161\u0107ivanje u\u017eeteta ili raznih metalnih dodataka, \u0161to ga \u010dini korisnim u raznim radnim okru\u017eenjima gde je bezbednosna kontrola stogo propisana. Pri radu na visini, zbog bezbednosti najbolje je dr\u017eati ga zaka\u010denog.<\/p>\n<p>Ovaj model se isporu\u010duje sa ultra o\u0161trim crnim no\u017ei\u0107em od 18mm koji su 25% o\u0161triji od standardnih OLFA no\u017ei\u0107a. No\u017ei\u0107 nudi 8 segmenata koji pru\u017eaju ta\u010dne i detaljne rezove. Kada se segment istupi, jednostavno lomljenje segmenta no\u017ei\u0107a otkriva novu o\u0161tricu, \u0161to omogu\u0107ava brz povratak na posao. Promena no\u017ei\u0107a je jednostavna i bez dodatnih alata.<\/p>\n<p>Koristi rezervne no\u017ei\u0107e <a href=\"https:\/\/www.olfa.mimacdoo.rs\/?product=lbb-nozici\">LBB<\/a>, <a href=\"https:\/\/www.olfa.mimacdoo.rs\/?product=lb-nozici\">LB<\/a>, <a href=\"https:\/\/www.olfa.mimacdoo.rs\/?product=lbd-nozici\">LBD<\/a>, <a href=\"https:\/\/www.olfa.mimacdoo.rs\/?product=lb-sol-nozici\">LB-SOL<\/a>, <a href=\"https:\/\/www.olfa.mimacdoo.rs\/?product=lfb-nozici\">LFB<\/a> i <a href=\"https:\/\/www.olfa.mimacdoo.rs\/?product=lwb-nozici\">LWB<\/a> serije.<\/p>\n<div class=\"ast-oembed-container \" style=\"height: 100%;\"><iframe title=\"WD-L\/BRN, WD-AL\/BRN -Woody Cutter-\" width=\"500\" height=\"281\" src=\"https:\/\/www.youtube.com\/embed\/VarVRbJADSk?feature=oembed\" frameborder=\"0\" allow=\"accelerometer; autoplay; clipboard-write; encrypted-media; gyroscope; picture-in-picture; web-share\" referrerpolicy=\"strict-origin-when-cross-origin\" allowfullscreen><\/iframe><\/div>\n","protected":false},"excerpt":{"rendered":"<p>\u2022 To\u010dki\u0107 za zaklju\u010davanje no\u017ei\u0107a<br \/>\n\u2022 Drvenasta dr\u0161ka od ekolo\u0161ki prihvatljivog materijala<br \/>\n\u2022 Vrhunsko prianjanje na mokrim rukama<br \/>\n\u2022 Dolazi sa 18mm LBB visokokvalitetnim no\u017ei\u0107em<br \/>\n\u2022 Veoma laka zamena dotrajalog no\u017ei\u0107a<br \/>\n\u2022 <strong>Made in Japan<\/strong><\/p>\n","protected":false},"featured_media":4130,"template":"","meta":{"_uag_custom_page_level_css":"","site-sidebar-layout":"default","site-content-layout":"","ast-site-content-layout":"default","site-content-style":"default","site-sidebar-style":"default","ast-global-header-display":"","ast-banner-title-visibility":"","ast-main-header-display":"","ast-hfb-above-header-display":"","ast-hfb-below-header-display":"","ast-hfb-mobile-header-display":"","site-post-title":"","ast-breadcrumbs-content":"","ast-featured-img":"","footer-sml-layout":"","theme-transparent-header-meta":"default","adv-header-id-meta":"","stick-header-meta":"","header-above-stick-meta":"","header-main-stick-meta":"","header-below-stick-meta":"","astra-migrate-meta-layouts":"set","ast-page-background-enabled":"default","ast-page-background-meta":{"desktop":{"background-color":"","background-image":"","background-repeat":"repeat","background-position":"center center","background-size":"auto","background-attachment":"scroll","background-type":"","background-media":"","overlay-type":"","overlay-color":"","overlay-opacity":"","overlay-gradient":""},"tablet":{"background-color":"","background-image":"","background-repeat":"repeat","background-position":"center center","background-size":"auto","background-attachment":"scroll","background-type":"","background-media":"","overlay-type":"","overlay-color":"","overlay-opacity":"","overlay-gradient":""},"mobile":{"background-color":"","background-image":"","background-repeat":"repeat","background-position":"center center","background-size":"auto","background-attachment":"scroll","background-type":"","background-media":"","overlay-type":"","overlay-color":"","overlay-opacity":"","overlay-gradient":""}},"ast-content-background-meta":{"desktop":{"background-color":"var(--ast-global-color-5)","background-image":"","background-repeat":"repeat","background-position":"center center","background-size":"auto","background-attachment":"scroll","background-type":"","background-media":"","overlay-type":"","overlay-color":"","overlay-opacity":"","overlay-gradient":""},"tablet":{"background-color":"var(--ast-global-color-5)","background-image":"","background-repeat":"repeat","background-position":"center center","background-size":"auto","background-attachment":"scroll","background-type":"","background-media":"","overlay-type":"","overlay-color":"","overlay-opacity":"","overlay-gradient":""},"mobile":{"background-color":"var(--ast-global-color-5)","background-image":"","background-repeat":"repeat","background-position":"center center","background-size":"auto","background-attachment":"scroll","background-type":"","background-media":"","overlay-type":"","overlay-color":"","overlay-opacity":"","overlay-gradient":""}}},"product_brand":[],"product_cat":[43],"product_tag":[],"class_list":{"0":"post-4129","1":"product","2":"type-product","3":"status-publish","4":"has-post-thumbnail","6":"product_cat-18mm","7":"desktop-align-left","8":"tablet-align-left","9":"mobile-align-left","11":"first","12":"instock","13":"shipping-taxable","14":"product-type-simple"},"uagb_featured_image_src":{"full":["https:\/\/www.olfa.mimacdoo.rs\/wp-content\/uploads\/2024\/05\/WD-L_BRN.jpg",640,640,false],"thumbnail":["https:\/\/www.olfa.mimacdoo.rs\/wp-content\/uploads\/2024\/05\/WD-L_BRN-150x150.jpg",150,150,true],"medium":["https:\/\/www.olfa.mimacdoo.rs\/wp-content\/uploads\/2024\/05\/WD-L_BRN-300x300.jpg",300,300,true],"medium_large":["https:\/\/www.olfa.mimacdoo.rs\/wp-content\/uploads\/2024\/05\/WD-L_BRN.jpg",640,640,false],"large":["https:\/\/www.olfa.mimacdoo.rs\/wp-content\/uploads\/2024\/05\/WD-L_BRN.jpg",640,640,false],"1536x1536":["https:\/\/www.olfa.mimacdoo.rs\/wp-content\/uploads\/2024\/05\/WD-L_BRN.jpg",640,640,false],"2048x2048":["https:\/\/www.olfa.mimacdoo.rs\/wp-content\/uploads\/2024\/05\/WD-L_BRN.jpg",640,640,false],"trp-custom-language-flag":["https:\/\/www.olfa.mimacdoo.rs\/wp-content\/uploads\/2024\/05\/WD-L_BRN-12x12.jpg",12,12,true],"woocommerce_thumbnail":["https:\/\/www.olfa.mimacdoo.rs\/wp-content\/uploads\/2024\/05\/WD-L_BRN-300x300.jpg",300,300,true],"woocommerce_single":["https:\/\/www.olfa.mimacdoo.rs\/wp-content\/uploads\/2024\/05\/WD-L_BRN-600x600.jpg",600,600,true],"woocommerce_gallery_thumbnail":["https:\/\/www.olfa.mimacdoo.rs\/wp-content\/uploads\/2024\/05\/WD-L_BRN-100x100.jpg",100,100,true]},"uagb_author_info":{"display_name":"mimacdoo","author_link":"https:\/\/www.olfa.mimacdoo.rs\/?author=0"},"uagb_comment_info":0,"uagb_excerpt":"\u2022 To\u010dki\u0107 za zaklju\u010davanje no\u017ei\u0107a \u2022 Drvenasta dr\u0161ka od ekolo\u0161ki prihvatljivog materijala \u2022 Vrhunsko prianjanje na mokrim rukama \u2022 Dolazi sa 18mm LBB visokokvalitetnim no\u017ei\u0107em \u2022 Veoma laka zamena dotrajalog no\u017ei\u0107a \u2022 Made in Japan","_links":{"self":[{"href":"https:\/\/www.olfa.mimacdoo.rs\/index.php?rest_route=\/wp\/v2\/product\/4129","targetHints":{"allow":["GET"]}}],"collection":[{"href":"https:\/\/www.olfa.mimacdoo.rs\/index.php?rest_route=\/wp\/v2\/product"}],"about":[{"href":"https:\/\/www.olfa.mimacdoo.rs\/index.php?rest_route=\/wp\/v2\/types\/product"}],"wp:featuredmedia":[{"embeddable":true,"href":"https:\/\/www.olfa.mimacdoo.rs\/index.php?rest_route=\/wp\/v2\/media\/4130"}],"wp:attachment":[{"href":"https:\/\/www.olfa.mimacdoo.rs\/index.php?rest_route=%2Fwp%2Fv2%2Fmedia&parent=4129"}],"wp:term":[{"taxonomy":"product_brand","embeddable":true,"href":"https:\/\/www.olfa.mimacdoo.rs\/index.php?rest_route=%2Fwp%2Fv2%2Fproduct_brand&post=4129"},{"taxonomy":"product_cat","embeddable":true,"href":"https:\/\/www.olfa.mimacdoo.rs\/index.php?rest_route=%2Fwp%2Fv2%2Fproduct_cat&post=4129"},{"taxonomy":"product_tag","embeddable":true,"href":"https:\/\/www.olfa.mimacdoo.rs\/index.php?rest_route=%2Fwp%2Fv2%2Fproduct_tag&post=4129"}],"curies":[{"name":"wp","href":"https:\/\/api.w.org\/{rel}","templated":true}]}}