{"id":2632,"date":"2023-01-11T13:20:41","date_gmt":"2023-01-11T13:20:41","guid":{"rendered":"https:\/\/www.olfa.mimacdoo.rs\/?post_type=product&#038;p=2632"},"modified":"2024-09-12T10:02:30","modified_gmt":"2024-09-12T10:02:30","slug":"pk-1-skalpel","status":"publish","type":"product","link":"https:\/\/www.olfa.mimacdoo.rs\/?product=pk-1-skalpel","title":{"rendered":"PK-1 SKALPEL"},"content":{"rendered":"<p>Se\u010divo kod skalpela se nalazi na unutra\u0161njoj strani dr\u0161ke, \u0161to ga \u010dini bezbednim za upotrebu i malo je verovatno da \u0107e izazvati povrede. Sadr\u017ei tvrdo se\u010divo od ner\u0111aju\u0107eg \u010delika za dugotrajnu o\u0161trinu. Se\u010divo u obliku slova V se\u010de u dva smera, \u010dine\u0107i ga pogodnim za levoruke i desnoruke. Poseduje rupu na kraju ru\u010dke koja slu\u017ei za ka\u010denje i pri\u010dvr\u0161\u0107ivanje u\u017eeta. Pri radu, najbolje je nositi ga oko vrata radi udobnosti.<\/p>\n<p><img fetchpriority=\"high\" class=\"alignnone wp-image-3969\" src=\"https:\/\/www.olfa.mimacdoo.rs\/wp-content\/uploads\/2023\/01\/PK-1-use-5-300x102.jpg\" alt=\"\" width=\"487\" height=\"165\" srcset=\"https:\/\/www.olfa.mimacdoo.rs\/wp-content\/uploads\/2023\/01\/PK-1-use-5-300x102.jpg 300w, https:\/\/www.olfa.mimacdoo.rs\/wp-content\/uploads\/2023\/01\/PK-1-use-5-18x6.jpg 18w, https:\/\/www.olfa.mimacdoo.rs\/wp-content\/uploads\/2023\/01\/PK-1-use-5.jpg 600w\" sizes=\"(max-width: 487px) 100vw, 487px\" \/><\/p>\n<p>Jednokratan je, tako da kada se vremenom istupi, jednostavno ga zamenite novim. Namenjen je za otvaranje zape\u010da\u0107enih pakovanja, kao \u0161to su vakum pakovanja i pakovanja za hranu.<\/p>\n<div class=\"ast-oembed-container \" style=\"height: 100%;\"><iframe title=\"PK-1 \/ Bag cutter\" width=\"500\" height=\"281\" src=\"https:\/\/www.youtube.com\/embed\/-vMWaI8zBBI?feature=oembed\" frameborder=\"0\" allow=\"accelerometer; autoplay; clipboard-write; encrypted-media; gyroscope; picture-in-picture; web-share\" referrerpolicy=\"strict-origin-when-cross-origin\" allowfullscreen><\/iframe><\/div>\n","protected":false},"excerpt":{"rendered":"<p>\u2022 Skalpel za se\u010denje vakum pakovanja<br \/>\n\u2022 Ultra o\u0161tro se\u010divo od ner\u0111aju\u0107eg \u010delika<br \/>\n\u2022 Za levoruke i desnoruke<br \/>\n\u2022 Bezbednosna rupa za ka\u010denje<br \/>\n\u2022 Teksturirano telo spre\u010dava klizanje<br \/>\n\u2022 <strong>Made in Japan<\/strong><\/p>\n","protected":false},"featured_media":3490,"template":"","meta":{"_uag_custom_page_level_css":"","site-sidebar-layout":"default","site-content-layout":"default","ast-site-content-layout":"default","site-content-style":"default","site-sidebar-style":"default","ast-global-header-display":"","ast-banner-title-visibility":"","ast-main-header-display":"","ast-hfb-above-header-display":"","ast-hfb-below-header-display":"","ast-hfb-mobile-header-display":"","site-post-title":"","ast-breadcrumbs-content":"","ast-featured-img":"","footer-sml-layout":"","theme-transparent-header-meta":"default","adv-header-id-meta":"","stick-header-meta":"","header-above-stick-meta":"","header-main-stick-meta":"","header-below-stick-meta":"","astra-migrate-meta-layouts":"set","ast-page-background-enabled":"default","ast-page-background-meta":{"desktop":{"background-color":"","background-image":"","background-repeat":"repeat","background-position":"center center","background-size":"auto","background-attachment":"scroll","background-type":"","background-media":"","overlay-type":"","overlay-color":"","overlay-opacity":"","overlay-gradient":""},"tablet":{"background-color":"","background-image":"","background-repeat":"repeat","background-position":"center center","background-size":"auto","background-attachment":"scroll","background-type":"","background-media":"","overlay-type":"","overlay-color":"","overlay-opacity":"","overlay-gradient":""},"mobile":{"background-color":"","background-image":"","background-repeat":"repeat","background-position":"center center","background-size":"auto","background-attachment":"scroll","background-type":"","background-media":"","overlay-type":"","overlay-color":"","overlay-opacity":"","overlay-gradient":""}},"ast-content-background-meta":{"desktop":{"background-color":"var(--ast-global-color-5)","background-image":"","background-repeat":"repeat","background-position":"center center","background-size":"auto","background-attachment":"scroll","background-type":"","background-media":"","overlay-type":"","overlay-color":"","overlay-opacity":"","overlay-gradient":""},"tablet":{"background-color":"var(--ast-global-color-5)","background-image":"","background-repeat":"repeat","background-position":"center center","background-size":"auto","background-attachment":"scroll","background-type":"","background-media":"","overlay-type":"","overlay-color":"","overlay-opacity":"","overlay-gradient":""},"mobile":{"background-color":"var(--ast-global-color-5)","background-image":"","background-repeat":"repeat","background-position":"center center","background-size":"auto","background-attachment":"scroll","background-type":"","background-media":"","overlay-type":"","overlay-color":"","overlay-opacity":"","overlay-gradient":""}}},"product_brand":[],"product_cat":[55],"product_tag":[],"class_list":{"0":"post-2632","1":"product","2":"type-product","3":"status-publish","4":"has-post-thumbnail","6":"product_cat-art-hobby","7":"desktop-align-left","8":"tablet-align-left","9":"mobile-align-left","11":"first","12":"instock","13":"shipping-taxable","14":"product-type-simple"},"uagb_featured_image_src":{"full":["https:\/\/www.olfa.mimacdoo.rs\/wp-content\/uploads\/2023\/01\/PK-1.jpg",640,640,false],"thumbnail":["https:\/\/www.olfa.mimacdoo.rs\/wp-content\/uploads\/2023\/01\/PK-1-150x150.jpg",150,150,true],"medium":["https:\/\/www.olfa.mimacdoo.rs\/wp-content\/uploads\/2023\/01\/PK-1-300x300.jpg",300,300,true],"medium_large":["https:\/\/www.olfa.mimacdoo.rs\/wp-content\/uploads\/2023\/01\/PK-1.jpg",640,640,false],"large":["https:\/\/www.olfa.mimacdoo.rs\/wp-content\/uploads\/2023\/01\/PK-1.jpg",640,640,false],"1536x1536":["https:\/\/www.olfa.mimacdoo.rs\/wp-content\/uploads\/2023\/01\/PK-1.jpg",640,640,false],"2048x2048":["https:\/\/www.olfa.mimacdoo.rs\/wp-content\/uploads\/2023\/01\/PK-1.jpg",640,640,false],"trp-custom-language-flag":["https:\/\/www.olfa.mimacdoo.rs\/wp-content\/uploads\/2023\/01\/PK-1-12x12.jpg",12,12,true],"woocommerce_thumbnail":["https:\/\/www.olfa.mimacdoo.rs\/wp-content\/uploads\/2023\/01\/PK-1-300x300.jpg",300,300,true],"woocommerce_single":["https:\/\/www.olfa.mimacdoo.rs\/wp-content\/uploads\/2023\/01\/PK-1-600x600.jpg",600,600,true],"woocommerce_gallery_thumbnail":["https:\/\/www.olfa.mimacdoo.rs\/wp-content\/uploads\/2023\/01\/PK-1-100x100.jpg",100,100,true]},"uagb_author_info":{"display_name":"mimacdoo","author_link":"https:\/\/www.olfa.mimacdoo.rs\/?author=0"},"uagb_comment_info":0,"uagb_excerpt":"\u2022 Skalpel za se\u010denje vakum pakovanja \u2022 Ultra o\u0161tro se\u010divo od ner\u0111aju\u0107eg \u010delika \u2022 Za levoruke i desnoruke \u2022 Bezbednosna rupa za ka\u010denje \u2022 Teksturirano telo spre\u010dava klizanje \u2022 Made in Japan","_links":{"self":[{"href":"https:\/\/www.olfa.mimacdoo.rs\/index.php?rest_route=\/wp\/v2\/product\/2632","targetHints":{"allow":["GET"]}}],"collection":[{"href":"https:\/\/www.olfa.mimacdoo.rs\/index.php?rest_route=\/wp\/v2\/product"}],"about":[{"href":"https:\/\/www.olfa.mimacdoo.rs\/index.php?rest_route=\/wp\/v2\/types\/product"}],"wp:featuredmedia":[{"embeddable":true,"href":"https:\/\/www.olfa.mimacdoo.rs\/index.php?rest_route=\/wp\/v2\/media\/3490"}],"wp:attachment":[{"href":"https:\/\/www.olfa.mimacdoo.rs\/index.php?rest_route=%2Fwp%2Fv2%2Fmedia&parent=2632"}],"wp:term":[{"taxonomy":"product_brand","embeddable":true,"href":"https:\/\/www.olfa.mimacdoo.rs\/index.php?rest_route=%2Fwp%2Fv2%2Fproduct_brand&post=2632"},{"taxonomy":"product_cat","embeddable":true,"href":"https:\/\/www.olfa.mimacdoo.rs\/index.php?rest_route=%2Fwp%2Fv2%2Fproduct_cat&post=2632"},{"taxonomy":"product_tag","embeddable":true,"href":"https:\/\/www.olfa.mimacdoo.rs\/index.php?rest_route=%2Fwp%2Fv2%2Fproduct_tag&post=2632"}],"curies":[{"name":"wp","href":"https:\/\/api.w.org\/{rel}","templated":true}]}}