{"id":2618,"date":"2023-01-11T12:37:40","date_gmt":"2023-01-11T12:37:40","guid":{"rendered":"https:\/\/www.olfa.mimacdoo.rs\/?post_type=product&#038;p=2618"},"modified":"2024-09-12T10:37:56","modified_gmt":"2024-09-12T10:37:56","slug":"rty-st-qr-rc","status":"publish","type":"product","link":"https:\/\/www.olfa.mimacdoo.rs\/?product=rty-st-qr-rc","title":{"rendered":"RTY-ST\/QR-RC SET"},"content":{"rendered":"<p>OLFA komplet ukulju\u010duje:<\/p>\n<p>OLFA RTY-2\/G 45mm rotacioni skalpel<\/p>\n<p>Savr\u0161en za levoruke i desnoruke, ovaj rotacioni skalpel je dizajniran za se\u010denje svih vrsta tkanine i materijala, kao i papira, gumenih listova i filma. Dolazi sa rotacionim no\u017ei\u0107em od volframovog \u010delika pre\u010dnika 45mm. Uz udobnu dr\u0161ku od visokokvalitetne plastike, ovaj skalpel je neophodan za svaki va\u0161 kroja\u010dki projekat.<\/p>\n<p>OLFA RM-IC-C-RC rezna mapa<\/p>\n<p>Vi\u0161enamenska podloga za se\u010denje dimenzija 450mm x 300mm x 1,5mm, sadr\u017ei lako \u010ditljive brojeve i dvostrani metri\u010dki sistem u santimetrima sa jedne i in\u010dima sa druge strane. Posebno je dizajnirana za upotrebu sa OLFA rotacionim skalpelima. Ekolo\u0161ki prihvatljiva DEHP-free mapa dizajnirana je za evropsko tr\u017ei\u0161te. Mora se \u010duvati i dr\u017eati ravnom. Samoizle\u010duju\u0107a zavr\u0161na obrada omogu\u0107uje kontinuirano glatku povr\u0161inu, tako \u0161to prilikom se\u010denja ne ostaju tragovi rezova na podlozi.<\/p>\n<p>OLFA MQR-15&#215;16 lenjir<\/p>\n<p>Matirani akrilni lenjir dimenzija 15cm x 16cm sa crnim brojevima lako \u010ditljivim na svetlim i tamnim tkaninama. Ovaj lenjir omogu\u0107ava korisniku da izvr\u0161i precizna merenja i uglove se\u010denja tokom raznih kroja\u010dkih projekata se\u010denja tkanine, pomo\u0107u uglomera i metri\u010dkog sistema u santimetrima. Neklizaju\u0107a povr\u0161ina pru\u017ea dodatunu stabilnosta prilikom postavljanja tkanine za se\u010denje, kao i za optimalnu kontrolu.<\/p>\n","protected":false},"excerpt":{"rendered":"<p>\u2022 OLFA kroja\u010dki komplet sadr\u017ei:<br \/>\n\u2022 RTY-2\/G rotacioni skalpel<br \/>\n\u2022 RM-IC-C-RC rezna mapa<br \/>\n\u2022 MQR-15&#215;16 lenjir<br \/>\n\u2022 Savr\u0161en za poklon<br \/>\n\u2022 Made in Japan<\/p>\n","protected":false},"featured_media":3973,"template":"","meta":{"_uag_custom_page_level_css":"","site-sidebar-layout":"default","site-content-layout":"default","ast-site-content-layout":"default","site-content-style":"default","site-sidebar-style":"default","ast-global-header-display":"","ast-banner-title-visibility":"","ast-main-header-display":"","ast-hfb-above-header-display":"","ast-hfb-below-header-display":"","ast-hfb-mobile-header-display":"","site-post-title":"","ast-breadcrumbs-content":"","ast-featured-img":"","footer-sml-layout":"","theme-transparent-header-meta":"default","adv-header-id-meta":"","stick-header-meta":"","header-above-stick-meta":"","header-main-stick-meta":"","header-below-stick-meta":"","astra-migrate-meta-layouts":"set","ast-page-background-enabled":"default","ast-page-background-meta":{"desktop":{"background-color":"","background-image":"","background-repeat":"repeat","background-position":"center center","background-size":"auto","background-attachment":"scroll","background-type":"","background-media":"","overlay-type":"","overlay-color":"","overlay-opacity":"","overlay-gradient":""},"tablet":{"background-color":"","background-image":"","background-repeat":"repeat","background-position":"center center","background-size":"auto","background-attachment":"scroll","background-type":"","background-media":"","overlay-type":"","overlay-color":"","overlay-opacity":"","overlay-gradient":""},"mobile":{"background-color":"","background-image":"","background-repeat":"repeat","background-position":"center center","background-size":"auto","background-attachment":"scroll","background-type":"","background-media":"","overlay-type":"","overlay-color":"","overlay-opacity":"","overlay-gradient":""}},"ast-content-background-meta":{"desktop":{"background-color":"var(--ast-global-color-5)","background-image":"","background-repeat":"repeat","background-position":"center center","background-size":"auto","background-attachment":"scroll","background-type":"","background-media":"","overlay-type":"","overlay-color":"","overlay-opacity":"","overlay-gradient":""},"tablet":{"background-color":"var(--ast-global-color-5)","background-image":"","background-repeat":"repeat","background-position":"center center","background-size":"auto","background-attachment":"scroll","background-type":"","background-media":"","overlay-type":"","overlay-color":"","overlay-opacity":"","overlay-gradient":""},"mobile":{"background-color":"var(--ast-global-color-5)","background-image":"","background-repeat":"repeat","background-position":"center center","background-size":"auto","background-attachment":"scroll","background-type":"","background-media":"","overlay-type":"","overlay-color":"","overlay-opacity":"","overlay-gradient":""}}},"product_brand":[],"product_cat":[35,54],"product_tag":[],"class_list":{"0":"post-2618","1":"product","2":"type-product","3":"status-publish","4":"has-post-thumbnail","6":"product_cat-podloge","7":"product_cat-rotacioni-skalpeli","8":"desktop-align-left","9":"tablet-align-left","10":"mobile-align-left","12":"first","13":"instock","14":"shipping-taxable","15":"product-type-simple"},"uagb_featured_image_src":{"full":["https:\/\/www.olfa.mimacdoo.rs\/wp-content\/uploads\/2023\/01\/RTY-ST_QR_RC.jpg",980,800,false],"thumbnail":["https:\/\/www.olfa.mimacdoo.rs\/wp-content\/uploads\/2023\/01\/RTY-ST_QR_RC-150x150.jpg",150,150,true],"medium":["https:\/\/www.olfa.mimacdoo.rs\/wp-content\/uploads\/2023\/01\/RTY-ST_QR_RC-300x245.jpg",300,245,true],"medium_large":["https:\/\/www.olfa.mimacdoo.rs\/wp-content\/uploads\/2023\/01\/RTY-ST_QR_RC-768x627.jpg",768,627,true],"large":["https:\/\/www.olfa.mimacdoo.rs\/wp-content\/uploads\/2023\/01\/RTY-ST_QR_RC.jpg",980,800,false],"1536x1536":["https:\/\/www.olfa.mimacdoo.rs\/wp-content\/uploads\/2023\/01\/RTY-ST_QR_RC.jpg",980,800,false],"2048x2048":["https:\/\/www.olfa.mimacdoo.rs\/wp-content\/uploads\/2023\/01\/RTY-ST_QR_RC.jpg",980,800,false],"trp-custom-language-flag":["https:\/\/www.olfa.mimacdoo.rs\/wp-content\/uploads\/2023\/01\/RTY-ST_QR_RC-15x12.jpg",15,12,true],"woocommerce_thumbnail":["https:\/\/www.olfa.mimacdoo.rs\/wp-content\/uploads\/2023\/01\/RTY-ST_QR_RC-300x300.jpg",300,300,true],"woocommerce_single":["https:\/\/www.olfa.mimacdoo.rs\/wp-content\/uploads\/2023\/01\/RTY-ST_QR_RC-600x490.jpg",600,490,true],"woocommerce_gallery_thumbnail":["https:\/\/www.olfa.mimacdoo.rs\/wp-content\/uploads\/2023\/01\/RTY-ST_QR_RC-100x100.jpg",100,100,true]},"uagb_author_info":{"display_name":"mimacdoo","author_link":"https:\/\/www.olfa.mimacdoo.rs\/?author=0"},"uagb_comment_info":0,"uagb_excerpt":"\u2022 OLFA kroja\u010dki komplet sadr\u017ei: \u2022 RTY-2\/G rotacioni skalpel \u2022 RM-IC-C-RC rezna mapa \u2022 MQR-15x16 lenjir \u2022 Savr\u0161en za poklon \u2022 Made in Japan","_links":{"self":[{"href":"https:\/\/www.olfa.mimacdoo.rs\/index.php?rest_route=\/wp\/v2\/product\/2618","targetHints":{"allow":["GET"]}}],"collection":[{"href":"https:\/\/www.olfa.mimacdoo.rs\/index.php?rest_route=\/wp\/v2\/product"}],"about":[{"href":"https:\/\/www.olfa.mimacdoo.rs\/index.php?rest_route=\/wp\/v2\/types\/product"}],"wp:featuredmedia":[{"embeddable":true,"href":"https:\/\/www.olfa.mimacdoo.rs\/index.php?rest_route=\/wp\/v2\/media\/3973"}],"wp:attachment":[{"href":"https:\/\/www.olfa.mimacdoo.rs\/index.php?rest_route=%2Fwp%2Fv2%2Fmedia&parent=2618"}],"wp:term":[{"taxonomy":"product_brand","embeddable":true,"href":"https:\/\/www.olfa.mimacdoo.rs\/index.php?rest_route=%2Fwp%2Fv2%2Fproduct_brand&post=2618"},{"taxonomy":"product_cat","embeddable":true,"href":"https:\/\/www.olfa.mimacdoo.rs\/index.php?rest_route=%2Fwp%2Fv2%2Fproduct_cat&post=2618"},{"taxonomy":"product_tag","embeddable":true,"href":"https:\/\/www.olfa.mimacdoo.rs\/index.php?rest_route=%2Fwp%2Fv2%2Fproduct_tag&post=2618"}],"curies":[{"name":"wp","href":"https:\/\/api.w.org\/{rel}","templated":true}]}}