{"id":2540,"date":"2023-01-08T12:45:28","date_gmt":"2023-01-08T12:45:28","guid":{"rendered":"https:\/\/www.olfa.mimacdoo.rs\/?post_type=product&#038;p=2540"},"modified":"2023-06-05T10:54:40","modified_gmt":"2023-06-05T10:54:40","slug":"rb45h-nozici","status":"publish","type":"product","link":"https:\/\/www.olfa.mimacdoo.rs\/?product=rb45h-nozici","title":{"rendered":"RB45H NO\u017dI\u0106I"},"content":{"rendered":"<p>Izdr\u017eljivi rezervni no\u017ei\u0107i \u0161irine 45mm za rotacione skalpele. Ovo visokvalitetno rotaciono se\u010divo je napravljeno od volframovog \u010delika i oja\u010dano OLFA-inim eksluzivnim procesom kaljenja metala, \u0161to mu omogu\u0107ava da traje dvostruko du\u017ee od standardnih OLFA rotacionih no\u017ei\u0107a. Se\u010de do osam slojeva pamuka istovremeno, \u0161tede\u0107i vam dragoceno vreme. Takodje, se\u010de sve vrste tkanine, ko\u017eu, papir i jo\u0161 mnogo toga. Rezervni no\u017ei\u0107i RB45H odgovaraju skalpelima <a href=\"https:\/\/www.olfa.mimacdoo.rs\/?product=rty-2-c-skalpel\">RTY-2\/C<\/a>, <a href=\"https:\/\/www.olfa.mimacdoo.rs\/?product=rty-2c-yel-skalpel\">RTY-2C\/YEL<\/a>, <a href=\"https:\/\/www.olfa.mimacdoo.rs\/?product=rty-2c-pik-skalpel\">RTY-2C\/PIK<\/a>, <a href=\"https:\/\/www.olfa.mimacdoo.rs\/?product=rty-2-dx-skalpel\">RTY-2\/DX<\/a>, <a href=\"https:\/\/www.olfa.mimacdoo.rs\/?product=rty-2-ns-skalpel\">RTY-2\/NS<\/a> i <a href=\"https:\/\/www.olfa.mimacdoo.rs\/?product=45-c-skalpel\">45-C<\/a>. Za najbolje rezultate, koristite ovo se\u010divo i va\u0161a druga OLFA rotaciona se\u010diva sa <a href=\"https:\/\/www.olfa.mimacdoo.rs\/?product_cat=podloge\">OLFA podlogama za se\u010denje<\/a> koja ne o\u0161te\u0107uju no\u017ei\u0107 i \u010duvaju va\u0161u radnu povr\u0161inu.<\/p>\n<p>Dostupni su u pakovanju od:<br \/>\n\u2022 1 komada no\u017ei\u0107a- RB45H-1<\/p>\n","protected":false},"excerpt":{"rendered":"<p>\u2022 Izdr\u017eljivi rezervni no\u017ei\u0107i za rotacione skalpele<br \/>\n\u2022 No\u017ei\u0107 \u0161irine 45mm od volframovog \u010delika<br \/>\n\u2022 2 puta vi\u0161e rezova po se\u010divu<br \/>\n\u2022 Stru\u010dno izbru\u0161en za o\u0161trinu<br \/>\n\u2022 Dostupni u pakovanju od 1 komada<br \/>\n\u2022 <strong>Made in Japan<\/strong><\/p>\n","protected":false},"featured_media":3813,"template":"","meta":{"_uag_custom_page_level_css":"","site-sidebar-layout":"default","site-content-layout":"default","ast-site-content-layout":"","site-content-style":"default","site-sidebar-style":"default","ast-global-header-display":"","ast-banner-title-visibility":"","ast-main-header-display":"","ast-hfb-above-header-display":"","ast-hfb-below-header-display":"","ast-hfb-mobile-header-display":"","site-post-title":"","ast-breadcrumbs-content":"","ast-featured-img":"","footer-sml-layout":"","theme-transparent-header-meta":"default","adv-header-id-meta":"","stick-header-meta":"","header-above-stick-meta":"","header-main-stick-meta":"","header-below-stick-meta":"","astra-migrate-meta-layouts":"default","ast-page-background-enabled":"default","ast-page-background-meta":{"desktop":{"background-color":"","background-image":"","background-repeat":"repeat","background-position":"center center","background-size":"auto","background-attachment":"scroll","background-type":"","background-media":"","overlay-type":"","overlay-color":"","overlay-opacity":"","overlay-gradient":""},"tablet":{"background-color":"","background-image":"","background-repeat":"repeat","background-position":"center center","background-size":"auto","background-attachment":"scroll","background-type":"","background-media":"","overlay-type":"","overlay-color":"","overlay-opacity":"","overlay-gradient":""},"mobile":{"background-color":"","background-image":"","background-repeat":"repeat","background-position":"center center","background-size":"auto","background-attachment":"scroll","background-type":"","background-media":"","overlay-type":"","overlay-color":"","overlay-opacity":"","overlay-gradient":""}},"ast-content-background-meta":{"desktop":{"background-color":"var(--ast-global-color-5)","background-image":"","background-repeat":"repeat","background-position":"center center","background-size":"auto","background-attachment":"scroll","background-type":"","background-media":"","overlay-type":"","overlay-color":"","overlay-opacity":"","overlay-gradient":""},"tablet":{"background-color":"var(--ast-global-color-5)","background-image":"","background-repeat":"repeat","background-position":"center center","background-size":"auto","background-attachment":"scroll","background-type":"","background-media":"","overlay-type":"","overlay-color":"","overlay-opacity":"","overlay-gradient":""},"mobile":{"background-color":"var(--ast-global-color-5)","background-image":"","background-repeat":"repeat","background-position":"center center","background-size":"auto","background-attachment":"scroll","background-type":"","background-media":"","overlay-type":"","overlay-color":"","overlay-opacity":"","overlay-gradient":""}}},"product_brand":[],"product_cat":[57],"product_tag":[],"class_list":{"0":"post-2540","1":"product","2":"type-product","3":"status-publish","4":"has-post-thumbnail","6":"product_cat-rezervni-nozici","7":"desktop-align-left","8":"tablet-align-left","9":"mobile-align-left","11":"first","12":"instock","13":"shipping-taxable","14":"product-type-simple"},"uagb_featured_image_src":{"full":["https:\/\/www.olfa.mimacdoo.rs\/wp-content\/uploads\/2023\/01\/RB45H.jpg",640,640,false],"thumbnail":["https:\/\/www.olfa.mimacdoo.rs\/wp-content\/uploads\/2023\/01\/RB45H-150x150.jpg",150,150,true],"medium":["https:\/\/www.olfa.mimacdoo.rs\/wp-content\/uploads\/2023\/01\/RB45H-300x300.jpg",300,300,true],"medium_large":["https:\/\/www.olfa.mimacdoo.rs\/wp-content\/uploads\/2023\/01\/RB45H.jpg",640,640,false],"large":["https:\/\/www.olfa.mimacdoo.rs\/wp-content\/uploads\/2023\/01\/RB45H.jpg",640,640,false],"1536x1536":["https:\/\/www.olfa.mimacdoo.rs\/wp-content\/uploads\/2023\/01\/RB45H.jpg",640,640,false],"2048x2048":["https:\/\/www.olfa.mimacdoo.rs\/wp-content\/uploads\/2023\/01\/RB45H.jpg",640,640,false],"trp-custom-language-flag":["https:\/\/www.olfa.mimacdoo.rs\/wp-content\/uploads\/2023\/01\/RB45H-12x12.jpg",12,12,true],"woocommerce_thumbnail":["https:\/\/www.olfa.mimacdoo.rs\/wp-content\/uploads\/2023\/01\/RB45H-300x300.jpg",300,300,true],"woocommerce_single":["https:\/\/www.olfa.mimacdoo.rs\/wp-content\/uploads\/2023\/01\/RB45H-600x600.jpg",600,600,true],"woocommerce_gallery_thumbnail":["https:\/\/www.olfa.mimacdoo.rs\/wp-content\/uploads\/2023\/01\/RB45H-100x100.jpg",100,100,true]},"uagb_author_info":{"display_name":"mimacdoo","author_link":"https:\/\/www.olfa.mimacdoo.rs\/?author=0"},"uagb_comment_info":0,"uagb_excerpt":"\u2022 Izdr\u017eljivi rezervni no\u017ei\u0107i za rotacione skalpele \u2022 No\u017ei\u0107 \u0161irine 45mm od volframovog \u010delika \u2022 2 puta vi\u0161e rezova po se\u010divu \u2022 Stru\u010dno izbru\u0161en za o\u0161trinu \u2022 Dostupni u pakovanju od 1 komada \u2022 Made in Japan","_links":{"self":[{"href":"https:\/\/www.olfa.mimacdoo.rs\/index.php?rest_route=\/wp\/v2\/product\/2540","targetHints":{"allow":["GET"]}}],"collection":[{"href":"https:\/\/www.olfa.mimacdoo.rs\/index.php?rest_route=\/wp\/v2\/product"}],"about":[{"href":"https:\/\/www.olfa.mimacdoo.rs\/index.php?rest_route=\/wp\/v2\/types\/product"}],"wp:featuredmedia":[{"embeddable":true,"href":"https:\/\/www.olfa.mimacdoo.rs\/index.php?rest_route=\/wp\/v2\/media\/3813"}],"wp:attachment":[{"href":"https:\/\/www.olfa.mimacdoo.rs\/index.php?rest_route=%2Fwp%2Fv2%2Fmedia&parent=2540"}],"wp:term":[{"taxonomy":"product_brand","embeddable":true,"href":"https:\/\/www.olfa.mimacdoo.rs\/index.php?rest_route=%2Fwp%2Fv2%2Fproduct_brand&post=2540"},{"taxonomy":"product_cat","embeddable":true,"href":"https:\/\/www.olfa.mimacdoo.rs\/index.php?rest_route=%2Fwp%2Fv2%2Fproduct_cat&post=2540"},{"taxonomy":"product_tag","embeddable":true,"href":"https:\/\/www.olfa.mimacdoo.rs\/index.php?rest_route=%2Fwp%2Fv2%2Fproduct_tag&post=2540"}],"curies":[{"name":"wp","href":"https:\/\/api.w.org\/{rel}","templated":true}]}}