{"id":2513,"date":"2023-01-08T11:59:18","date_gmt":"2023-01-08T11:59:18","guid":{"rendered":"https:\/\/www.olfa.mimacdoo.rs\/?post_type=product&#038;p=2513"},"modified":"2023-06-05T13:33:58","modified_gmt":"2023-06-05T13:33:58","slug":"gsb-2s-nozici","status":"publish","type":"product","link":"https:\/\/www.olfa.mimacdoo.rs\/?product=gsb-2s-nozici","title":{"rendered":"GSB-2S NO\u017dI\u0106I"},"content":{"rendered":"<p>Rezervni no\u017ei\u0107i za struga\u010d <a href=\"https:\/\/www.olfa.mimacdoo.rs\/?product=gsr-2-stugac\">GSR-2<\/a> \u0161irine 40mm, izra\u0111eni su od vrhunskog ner\u0111aju\u0107eg \u010delika otpornog na r\u0111u i koroziju. Jedinstveni dizajn osigurava se\u010divo u dr\u0161ci struga\u010da pru\u017eaju\u0107i sna\u017eno i pouzdano struganje u raznim projektima. No\u017ei\u0107i su sme\u0161teni u zgodnoj kutiji za skladi\u0161tenje koja se mo\u017ee postaviti u ru\u010dku struga\u010da tokom upotrebe ili postaviti kao bezbednosni poklopac se\u010diva, kada se struga\u010d ne koristi.<\/p>\n<p>Dostupni su u pakovanju od:<br \/>\n\u2022 6 komada no\u017ei\u0107a- GSB-2S\/6B<\/p>\n","protected":false},"excerpt":{"rendered":"<p>\u2022 Rezervni no\u017ei\u0107i za struga\u010d GSR-2<br \/>\n\u2022 Premium japanski ugljeni\u010dni alatni \u010delik<br \/>\n\u2022 Izra\u0111eni od ner\u0111aju\u0107eg \u010delika<br \/>\n\u2022 Otporni na koroziju i r\u0111u<br \/>\n\u2022 Dostupni u pakovanju od 6 komada<br \/>\n\u2022 <strong>Made in Japan<\/strong><\/p>\n","protected":false},"featured_media":3850,"template":"","meta":{"_uag_custom_page_level_css":"","site-sidebar-layout":"default","site-content-layout":"default","ast-site-content-layout":"","site-content-style":"default","site-sidebar-style":"default","ast-global-header-display":"","ast-banner-title-visibility":"","ast-main-header-display":"","ast-hfb-above-header-display":"","ast-hfb-below-header-display":"","ast-hfb-mobile-header-display":"","site-post-title":"","ast-breadcrumbs-content":"","ast-featured-img":"","footer-sml-layout":"","theme-transparent-header-meta":"default","adv-header-id-meta":"","stick-header-meta":"","header-above-stick-meta":"","header-main-stick-meta":"","header-below-stick-meta":"","astra-migrate-meta-layouts":"default","ast-page-background-enabled":"default","ast-page-background-meta":{"desktop":{"background-color":"","background-image":"","background-repeat":"repeat","background-position":"center center","background-size":"auto","background-attachment":"scroll","background-type":"","background-media":"","overlay-type":"","overlay-color":"","overlay-opacity":"","overlay-gradient":""},"tablet":{"background-color":"","background-image":"","background-repeat":"repeat","background-position":"center center","background-size":"auto","background-attachment":"scroll","background-type":"","background-media":"","overlay-type":"","overlay-color":"","overlay-opacity":"","overlay-gradient":""},"mobile":{"background-color":"","background-image":"","background-repeat":"repeat","background-position":"center center","background-size":"auto","background-attachment":"scroll","background-type":"","background-media":"","overlay-type":"","overlay-color":"","overlay-opacity":"","overlay-gradient":""}},"ast-content-background-meta":{"desktop":{"background-color":"var(--ast-global-color-5)","background-image":"","background-repeat":"repeat","background-position":"center center","background-size":"auto","background-attachment":"scroll","background-type":"","background-media":"","overlay-type":"","overlay-color":"","overlay-opacity":"","overlay-gradient":""},"tablet":{"background-color":"var(--ast-global-color-5)","background-image":"","background-repeat":"repeat","background-position":"center center","background-size":"auto","background-attachment":"scroll","background-type":"","background-media":"","overlay-type":"","overlay-color":"","overlay-opacity":"","overlay-gradient":""},"mobile":{"background-color":"var(--ast-global-color-5)","background-image":"","background-repeat":"repeat","background-position":"center center","background-size":"auto","background-attachment":"scroll","background-type":"","background-media":"","overlay-type":"","overlay-color":"","overlay-opacity":"","overlay-gradient":""}}},"product_brand":[],"product_cat":[57],"product_tag":[],"class_list":{"0":"post-2513","1":"product","2":"type-product","3":"status-publish","4":"has-post-thumbnail","6":"product_cat-rezervni-nozici","7":"desktop-align-left","8":"tablet-align-left","9":"mobile-align-left","11":"first","12":"instock","13":"shipping-taxable","14":"product-type-simple"},"uagb_featured_image_src":{"full":["https:\/\/www.olfa.mimacdoo.rs\/wp-content\/uploads\/2023\/01\/GSB-2S.jpg",640,640,false],"thumbnail":["https:\/\/www.olfa.mimacdoo.rs\/wp-content\/uploads\/2023\/01\/GSB-2S-150x150.jpg",150,150,true],"medium":["https:\/\/www.olfa.mimacdoo.rs\/wp-content\/uploads\/2023\/01\/GSB-2S-300x300.jpg",300,300,true],"medium_large":["https:\/\/www.olfa.mimacdoo.rs\/wp-content\/uploads\/2023\/01\/GSB-2S.jpg",640,640,false],"large":["https:\/\/www.olfa.mimacdoo.rs\/wp-content\/uploads\/2023\/01\/GSB-2S.jpg",640,640,false],"1536x1536":["https:\/\/www.olfa.mimacdoo.rs\/wp-content\/uploads\/2023\/01\/GSB-2S.jpg",640,640,false],"2048x2048":["https:\/\/www.olfa.mimacdoo.rs\/wp-content\/uploads\/2023\/01\/GSB-2S.jpg",640,640,false],"trp-custom-language-flag":["https:\/\/www.olfa.mimacdoo.rs\/wp-content\/uploads\/2023\/01\/GSB-2S-12x12.jpg",12,12,true],"woocommerce_thumbnail":["https:\/\/www.olfa.mimacdoo.rs\/wp-content\/uploads\/2023\/01\/GSB-2S-300x300.jpg",300,300,true],"woocommerce_single":["https:\/\/www.olfa.mimacdoo.rs\/wp-content\/uploads\/2023\/01\/GSB-2S-600x600.jpg",600,600,true],"woocommerce_gallery_thumbnail":["https:\/\/www.olfa.mimacdoo.rs\/wp-content\/uploads\/2023\/01\/GSB-2S-100x100.jpg",100,100,true]},"uagb_author_info":{"display_name":"mimacdoo","author_link":"https:\/\/www.olfa.mimacdoo.rs\/?author=0"},"uagb_comment_info":0,"uagb_excerpt":"\u2022 Rezervni no\u017ei\u0107i za struga\u010d GSR-2 \u2022 Premium japanski ugljeni\u010dni alatni \u010delik \u2022 Izra\u0111eni od ner\u0111aju\u0107eg \u010delika \u2022 Otporni na koroziju i r\u0111u \u2022 Dostupni u pakovanju od 6 komada \u2022 Made in Japan","_links":{"self":[{"href":"https:\/\/www.olfa.mimacdoo.rs\/index.php?rest_route=\/wp\/v2\/product\/2513","targetHints":{"allow":["GET"]}}],"collection":[{"href":"https:\/\/www.olfa.mimacdoo.rs\/index.php?rest_route=\/wp\/v2\/product"}],"about":[{"href":"https:\/\/www.olfa.mimacdoo.rs\/index.php?rest_route=\/wp\/v2\/types\/product"}],"wp:featuredmedia":[{"embeddable":true,"href":"https:\/\/www.olfa.mimacdoo.rs\/index.php?rest_route=\/wp\/v2\/media\/3850"}],"wp:attachment":[{"href":"https:\/\/www.olfa.mimacdoo.rs\/index.php?rest_route=%2Fwp%2Fv2%2Fmedia&parent=2513"}],"wp:term":[{"taxonomy":"product_brand","embeddable":true,"href":"https:\/\/www.olfa.mimacdoo.rs\/index.php?rest_route=%2Fwp%2Fv2%2Fproduct_brand&post=2513"},{"taxonomy":"product_cat","embeddable":true,"href":"https:\/\/www.olfa.mimacdoo.rs\/index.php?rest_route=%2Fwp%2Fv2%2Fproduct_cat&post=2513"},{"taxonomy":"product_tag","embeddable":true,"href":"https:\/\/www.olfa.mimacdoo.rs\/index.php?rest_route=%2Fwp%2Fv2%2Fproduct_tag&post=2513"}],"curies":[{"name":"wp","href":"https:\/\/api.w.org\/{rel}","templated":true}]}}