{"id":2394,"date":"2022-12-23T22:02:16","date_gmt":"2022-12-23T22:02:16","guid":{"rendered":"https:\/\/www.olfa.mimacdoo.rs\/?post_type=product&#038;p=2394"},"modified":"2024-09-12T10:34:17","modified_gmt":"2024-09-12T10:34:17","slug":"mqr-15x30-lenjir","status":"publish","type":"product","link":"https:\/\/www.olfa.mimacdoo.rs\/?product=mqr-15x30-lenjir","title":{"rendered":"MQR-15&#215;30 LENJIR"},"content":{"rendered":"<p><strong>MQR-15&#215;30<\/strong><\/p>\n<p>Lenjir OLFA MQR-15&#215;30 ima mat akrilnu povr\u0161inu sa crnim brojevima lako \u010ditljivim na svetlim i tamnim tkaninama. Lenjir omogu\u0107ava korisniku da izvr\u0161i precizna merenja i uglove se\u010denja tokom raznih \u0161ive\u0107ih projekata se\u010denja tkanine, pomo\u0107u uglomera i metri\u010dkog sistema u santimetrima. Neklizaju\u0107a povr\u0161ina pru\u017ea dodatnu stabilnost prilikom postavaljanja tkanine za se\u010denje, kao i za optimalnu kontrolu.<\/p>\n<p>Prilago\u0111en za levoruke i desnoruke korisnike. Tako\u0111e, dostupan u dimenziji <a href=\"https:\/\/www.olfa.mimacdoo.rs\/?product=mqr-15x60-lenjir\">15cm x 60cm<\/a>.<\/p>\n<div class=\"ast-oembed-container \" style=\"height: 100%;\"><iframe title=\"OLFA Frosted Advantage\u2122 Acrylic Rulers\" width=\"500\" height=\"281\" src=\"https:\/\/www.youtube.com\/embed\/2XyKdQ1jmC4?feature=oembed\" frameborder=\"0\" allow=\"accelerometer; autoplay; clipboard-write; encrypted-media; gyroscope; picture-in-picture; web-share\" referrerpolicy=\"strict-origin-when-cross-origin\" allowfullscreen><\/iframe><\/div>\n","protected":false},"excerpt":{"rendered":"<p>\u2022 Matirani akrilni lenjir<br \/>\n\u2022 Dimenzije: 15 x 30 cm<br \/>\n\u2022 Metri\u010dki sistem u santimetrima<br \/>\n\u2022 Dizajniran za upotrebu sa OLFA skalpelima<br \/>\n\u2022 Neklizaju\u0107a povr\u0161ina za dodatnu stabilnost i sigurnost<br \/>\n\u2022 <strong>Made in Japan<\/strong><\/p>\n","protected":false},"featured_media":3671,"template":"","meta":{"_uag_custom_page_level_css":"","site-sidebar-layout":"default","site-content-layout":"default","ast-site-content-layout":"default","site-content-style":"default","site-sidebar-style":"default","ast-global-header-display":"","ast-banner-title-visibility":"","ast-main-header-display":"","ast-hfb-above-header-display":"","ast-hfb-below-header-display":"","ast-hfb-mobile-header-display":"","site-post-title":"","ast-breadcrumbs-content":"","ast-featured-img":"","footer-sml-layout":"","theme-transparent-header-meta":"default","adv-header-id-meta":"","stick-header-meta":"","header-above-stick-meta":"","header-main-stick-meta":"","header-below-stick-meta":"","astra-migrate-meta-layouts":"set","ast-page-background-enabled":"default","ast-page-background-meta":{"desktop":{"background-color":"","background-image":"","background-repeat":"repeat","background-position":"center center","background-size":"auto","background-attachment":"scroll","background-type":"","background-media":"","overlay-type":"","overlay-color":"","overlay-opacity":"","overlay-gradient":""},"tablet":{"background-color":"","background-image":"","background-repeat":"repeat","background-position":"center center","background-size":"auto","background-attachment":"scroll","background-type":"","background-media":"","overlay-type":"","overlay-color":"","overlay-opacity":"","overlay-gradient":""},"mobile":{"background-color":"","background-image":"","background-repeat":"repeat","background-position":"center center","background-size":"auto","background-attachment":"scroll","background-type":"","background-media":"","overlay-type":"","overlay-color":"","overlay-opacity":"","overlay-gradient":""}},"ast-content-background-meta":{"desktop":{"background-color":"var(--ast-global-color-5)","background-image":"","background-repeat":"repeat","background-position":"center center","background-size":"auto","background-attachment":"scroll","background-type":"","background-media":"","overlay-type":"","overlay-color":"","overlay-opacity":"","overlay-gradient":""},"tablet":{"background-color":"var(--ast-global-color-5)","background-image":"","background-repeat":"repeat","background-position":"center center","background-size":"auto","background-attachment":"scroll","background-type":"","background-media":"","overlay-type":"","overlay-color":"","overlay-opacity":"","overlay-gradient":""},"mobile":{"background-color":"var(--ast-global-color-5)","background-image":"","background-repeat":"repeat","background-position":"center center","background-size":"auto","background-attachment":"scroll","background-type":"","background-media":"","overlay-type":"","overlay-color":"","overlay-opacity":"","overlay-gradient":""}}},"product_brand":[],"product_cat":[56],"product_tag":[],"class_list":{"0":"post-2394","1":"product","2":"type-product","3":"status-publish","4":"has-post-thumbnail","6":"product_cat-lenjiri","7":"desktop-align-left","8":"tablet-align-left","9":"mobile-align-left","11":"first","12":"instock","13":"shipping-taxable","14":"product-type-simple"},"uagb_featured_image_src":{"full":["https:\/\/www.olfa.mimacdoo.rs\/wp-content\/uploads\/2022\/12\/MQR-15x30-2.jpg",640,640,false],"thumbnail":["https:\/\/www.olfa.mimacdoo.rs\/wp-content\/uploads\/2022\/12\/MQR-15x30-2-150x150.jpg",150,150,true],"medium":["https:\/\/www.olfa.mimacdoo.rs\/wp-content\/uploads\/2022\/12\/MQR-15x30-2-300x300.jpg",300,300,true],"medium_large":["https:\/\/www.olfa.mimacdoo.rs\/wp-content\/uploads\/2022\/12\/MQR-15x30-2.jpg",640,640,false],"large":["https:\/\/www.olfa.mimacdoo.rs\/wp-content\/uploads\/2022\/12\/MQR-15x30-2.jpg",640,640,false],"1536x1536":["https:\/\/www.olfa.mimacdoo.rs\/wp-content\/uploads\/2022\/12\/MQR-15x30-2.jpg",640,640,false],"2048x2048":["https:\/\/www.olfa.mimacdoo.rs\/wp-content\/uploads\/2022\/12\/MQR-15x30-2.jpg",640,640,false],"trp-custom-language-flag":["https:\/\/www.olfa.mimacdoo.rs\/wp-content\/uploads\/2022\/12\/MQR-15x30-2-12x12.jpg",12,12,true],"woocommerce_thumbnail":["https:\/\/www.olfa.mimacdoo.rs\/wp-content\/uploads\/2022\/12\/MQR-15x30-2-300x300.jpg",300,300,true],"woocommerce_single":["https:\/\/www.olfa.mimacdoo.rs\/wp-content\/uploads\/2022\/12\/MQR-15x30-2-600x600.jpg",600,600,true],"woocommerce_gallery_thumbnail":["https:\/\/www.olfa.mimacdoo.rs\/wp-content\/uploads\/2022\/12\/MQR-15x30-2-100x100.jpg",100,100,true]},"uagb_author_info":{"display_name":"mimacdoo","author_link":"https:\/\/www.olfa.mimacdoo.rs\/?author=0"},"uagb_comment_info":0,"uagb_excerpt":"\u2022 Matirani akrilni lenjir \u2022 Dimenzije: 15 x 30 cm \u2022 Metri\u010dki sistem u santimetrima \u2022 Dizajniran za upotrebu sa OLFA skalpelima \u2022 Neklizaju\u0107a povr\u0161ina za dodatnu stabilnost i sigurnost \u2022 Made in Japan","_links":{"self":[{"href":"https:\/\/www.olfa.mimacdoo.rs\/index.php?rest_route=\/wp\/v2\/product\/2394","targetHints":{"allow":["GET"]}}],"collection":[{"href":"https:\/\/www.olfa.mimacdoo.rs\/index.php?rest_route=\/wp\/v2\/product"}],"about":[{"href":"https:\/\/www.olfa.mimacdoo.rs\/index.php?rest_route=\/wp\/v2\/types\/product"}],"wp:featuredmedia":[{"embeddable":true,"href":"https:\/\/www.olfa.mimacdoo.rs\/index.php?rest_route=\/wp\/v2\/media\/3671"}],"wp:attachment":[{"href":"https:\/\/www.olfa.mimacdoo.rs\/index.php?rest_route=%2Fwp%2Fv2%2Fmedia&parent=2394"}],"wp:term":[{"taxonomy":"product_brand","embeddable":true,"href":"https:\/\/www.olfa.mimacdoo.rs\/index.php?rest_route=%2Fwp%2Fv2%2Fproduct_brand&post=2394"},{"taxonomy":"product_cat","embeddable":true,"href":"https:\/\/www.olfa.mimacdoo.rs\/index.php?rest_route=%2Fwp%2Fv2%2Fproduct_cat&post=2394"},{"taxonomy":"product_tag","embeddable":true,"href":"https:\/\/www.olfa.mimacdoo.rs\/index.php?rest_route=%2Fwp%2Fv2%2Fproduct_tag&post=2394"}],"curies":[{"name":"wp","href":"https:\/\/api.w.org\/{rel}","templated":true}]}}