{"id":2371,"date":"2022-12-23T10:16:31","date_gmt":"2022-12-23T10:16:31","guid":{"rendered":"https:\/\/www.olfa.mimacdoo.rs\/?post_type=product&#038;p=2371"},"modified":"2024-09-12T10:40:37","modified_gmt":"2024-09-12T10:40:37","slug":"rm-ic-m-rc-mapa","status":"publish","type":"product","link":"https:\/\/www.olfa.mimacdoo.rs\/?product=rm-ic-m-rc-mapa","title":{"rendered":"RM-IC-M-RC MAPA"},"content":{"rendered":"<p><strong>RM-IC-M-RC<\/strong><\/p>\n<p>Vi\u0161enamenska podloga za se\u010denje OLFA RM-IC-M-RC dimenzija 920mm x 610mm x 1,5mm, sadr\u017ei lako \u010ditljive brojeve i dvostrani metri\u010dki sistem u santimetrima sa jedne i in\u010dima sa druge strane. Posebno je dizajnirana za upotrebu sa OLFA rotacionim skalpelima i RB rotacionim no\u017ei\u0107ima. Ekolo\u0161ki prihvatljiva DEHP-free mapa dizajnirana je za evropsko tr\u017ei\u0161te. Mora se \u010duvati i dr\u017eati ravnom. Samoizle\u010duju\u0107a zavr\u0161na obrada omogu\u0107uje kontinuirano glatku povr\u0161inu, tako \u0161to prilikom se\u010denja ne ostaju tragovi rezova na podlozi.<\/p>\n<p>Rezne mape koje je dizanjirala OLFA pogodne su za upotrebu sa svim modelima skalpela, \u0161tite radnu povr\u0161inu, obezbedjuju dvostruku glatku podlogu za se\u010denje i produ\u017eavaju \u017eivotni vek no\u017ei\u0107a tako \u0161to ne o\u0161te\u0107uju se\u010divo. Dostupne su u razli\u010ditim veli\u010dinama za va\u0161 radni prostor i va\u0161e najzahtevnije zanatske projekte.<\/p>\n","protected":false},"excerpt":{"rendered":"<p>\u2022 Visokokvalitetna rezna mapa<br \/>\n\u2022 Dimenzije: 92 x 61 cm<br \/>\n\u2022 Metri\u010dki sistem za detaljno se\u010denje<br \/>\n\u2022 Dizajnirana za upotrebu sa rotacionim skalpelima<br \/>\n\u2022 Dvostrana rezna povr\u0161ina<br \/>\n\u2022 Debljina 1,5 mm<br \/>\n\u2022 <strong>Made in Japan<\/strong><\/p>\n","protected":false},"featured_media":3692,"template":"","meta":{"_uag_custom_page_level_css":"","site-sidebar-layout":"default","site-content-layout":"default","ast-site-content-layout":"default","site-content-style":"default","site-sidebar-style":"default","ast-global-header-display":"","ast-banner-title-visibility":"","ast-main-header-display":"","ast-hfb-above-header-display":"","ast-hfb-below-header-display":"","ast-hfb-mobile-header-display":"","site-post-title":"","ast-breadcrumbs-content":"","ast-featured-img":"","footer-sml-layout":"","theme-transparent-header-meta":"default","adv-header-id-meta":"","stick-header-meta":"","header-above-stick-meta":"","header-main-stick-meta":"","header-below-stick-meta":"","astra-migrate-meta-layouts":"set","ast-page-background-enabled":"default","ast-page-background-meta":{"desktop":{"background-color":"","background-image":"","background-repeat":"repeat","background-position":"center center","background-size":"auto","background-attachment":"scroll","background-type":"","background-media":"","overlay-type":"","overlay-color":"","overlay-opacity":"","overlay-gradient":""},"tablet":{"background-color":"","background-image":"","background-repeat":"repeat","background-position":"center center","background-size":"auto","background-attachment":"scroll","background-type":"","background-media":"","overlay-type":"","overlay-color":"","overlay-opacity":"","overlay-gradient":""},"mobile":{"background-color":"","background-image":"","background-repeat":"repeat","background-position":"center center","background-size":"auto","background-attachment":"scroll","background-type":"","background-media":"","overlay-type":"","overlay-color":"","overlay-opacity":"","overlay-gradient":""}},"ast-content-background-meta":{"desktop":{"background-color":"var(--ast-global-color-5)","background-image":"","background-repeat":"repeat","background-position":"center center","background-size":"auto","background-attachment":"scroll","background-type":"","background-media":"","overlay-type":"","overlay-color":"","overlay-opacity":"","overlay-gradient":""},"tablet":{"background-color":"var(--ast-global-color-5)","background-image":"","background-repeat":"repeat","background-position":"center center","background-size":"auto","background-attachment":"scroll","background-type":"","background-media":"","overlay-type":"","overlay-color":"","overlay-opacity":"","overlay-gradient":""},"mobile":{"background-color":"var(--ast-global-color-5)","background-image":"","background-repeat":"repeat","background-position":"center center","background-size":"auto","background-attachment":"scroll","background-type":"","background-media":"","overlay-type":"","overlay-color":"","overlay-opacity":"","overlay-gradient":""}}},"product_brand":[],"product_cat":[35],"product_tag":[],"class_list":{"0":"post-2371","1":"product","2":"type-product","3":"status-publish","4":"has-post-thumbnail","6":"product_cat-podloge","7":"desktop-align-left","8":"tablet-align-left","9":"mobile-align-left","11":"first","12":"instock","13":"shipping-taxable","14":"product-type-simple"},"uagb_featured_image_src":{"full":["https:\/\/www.olfa.mimacdoo.rs\/wp-content\/uploads\/2022\/12\/RM-IC-M-RC.jpg",640,640,false],"thumbnail":["https:\/\/www.olfa.mimacdoo.rs\/wp-content\/uploads\/2022\/12\/RM-IC-M-RC-150x150.jpg",150,150,true],"medium":["https:\/\/www.olfa.mimacdoo.rs\/wp-content\/uploads\/2022\/12\/RM-IC-M-RC-300x300.jpg",300,300,true],"medium_large":["https:\/\/www.olfa.mimacdoo.rs\/wp-content\/uploads\/2022\/12\/RM-IC-M-RC.jpg",640,640,false],"large":["https:\/\/www.olfa.mimacdoo.rs\/wp-content\/uploads\/2022\/12\/RM-IC-M-RC.jpg",640,640,false],"1536x1536":["https:\/\/www.olfa.mimacdoo.rs\/wp-content\/uploads\/2022\/12\/RM-IC-M-RC.jpg",640,640,false],"2048x2048":["https:\/\/www.olfa.mimacdoo.rs\/wp-content\/uploads\/2022\/12\/RM-IC-M-RC.jpg",640,640,false],"trp-custom-language-flag":["https:\/\/www.olfa.mimacdoo.rs\/wp-content\/uploads\/2022\/12\/RM-IC-M-RC-12x12.jpg",12,12,true],"woocommerce_thumbnail":["https:\/\/www.olfa.mimacdoo.rs\/wp-content\/uploads\/2022\/12\/RM-IC-M-RC-300x300.jpg",300,300,true],"woocommerce_single":["https:\/\/www.olfa.mimacdoo.rs\/wp-content\/uploads\/2022\/12\/RM-IC-M-RC-600x600.jpg",600,600,true],"woocommerce_gallery_thumbnail":["https:\/\/www.olfa.mimacdoo.rs\/wp-content\/uploads\/2022\/12\/RM-IC-M-RC-100x100.jpg",100,100,true]},"uagb_author_info":{"display_name":"mimacdoo","author_link":"https:\/\/www.olfa.mimacdoo.rs\/?author=0"},"uagb_comment_info":0,"uagb_excerpt":"\u2022 Visokokvalitetna rezna mapa \u2022 Dimenzije: 92 x 61 cm \u2022 Metri\u010dki sistem za detaljno se\u010denje \u2022 Dizajnirana za upotrebu sa rotacionim skalpelima \u2022 Dvostrana rezna povr\u0161ina \u2022 Debljina 1,5 mm \u2022 Made in Japan","_links":{"self":[{"href":"https:\/\/www.olfa.mimacdoo.rs\/index.php?rest_route=\/wp\/v2\/product\/2371","targetHints":{"allow":["GET"]}}],"collection":[{"href":"https:\/\/www.olfa.mimacdoo.rs\/index.php?rest_route=\/wp\/v2\/product"}],"about":[{"href":"https:\/\/www.olfa.mimacdoo.rs\/index.php?rest_route=\/wp\/v2\/types\/product"}],"wp:featuredmedia":[{"embeddable":true,"href":"https:\/\/www.olfa.mimacdoo.rs\/index.php?rest_route=\/wp\/v2\/media\/3692"}],"wp:attachment":[{"href":"https:\/\/www.olfa.mimacdoo.rs\/index.php?rest_route=%2Fwp%2Fv2%2Fmedia&parent=2371"}],"wp:term":[{"taxonomy":"product_brand","embeddable":true,"href":"https:\/\/www.olfa.mimacdoo.rs\/index.php?rest_route=%2Fwp%2Fv2%2Fproduct_brand&post=2371"},{"taxonomy":"product_cat","embeddable":true,"href":"https:\/\/www.olfa.mimacdoo.rs\/index.php?rest_route=%2Fwp%2Fv2%2Fproduct_cat&post=2371"},{"taxonomy":"product_tag","embeddable":true,"href":"https:\/\/www.olfa.mimacdoo.rs\/index.php?rest_route=%2Fwp%2Fv2%2Fproduct_tag&post=2371"}],"curies":[{"name":"wp","href":"https:\/\/api.w.org\/{rel}","templated":true}]}}