{"id":2348,"date":"2022-12-23T09:53:15","date_gmt":"2022-12-23T09:53:15","guid":{"rendered":"https:\/\/www.olfa.mimacdoo.rs\/?post_type=product&#038;p=2348"},"modified":"2024-09-12T10:03:57","modified_gmt":"2024-09-12T10:03:57","slug":"ck-2-skalpel","status":"publish","type":"product","link":"https:\/\/www.olfa.mimacdoo.rs\/?product=ck-2-skalpel","title":{"rendered":"CK-2 SKALPEL"},"content":{"rendered":"<p><strong>CK-2<\/strong><\/p>\n<p>Zanatski skalpel OLFA CK-2, sa specijalno dizajniranim se\u010divom od ner\u0111aju\u0107eg \u010delika za rezbarenje drveta, kalemljenje i razne druge hobi poslove sa drvetom. I dr\u0161ka i se\u010divo su napravljeni od ner\u0111aju\u0107eg \u010delika otpornog na r\u0111u, \u0161to ga \u010dini povoljnim za spolja\u0161nju upotrebu. Ceo no\u017e se mo\u017ee oprati u vodi. O\u0161trica debljine 1.2mm dovoljno je \u010dvrsta za razne zanatske radove u prirodi, a du\u017eina se\u010diva se mo\u017ee podesiti tako da odgovara va\u0161em zadatku.<\/p>\n<p>Ovaj model se isporu\u010duje sa jednostrano nao\u0161trenim srebrnim no\u017ei\u0107em od ner\u0111aju\u0107eg \u010delika. Promena no\u017ei\u0107a je jednostavna i bez dodatnih alata, skinite zavrtanj da biste uklonili no\u017ei\u0107 sa prednje stranje dr\u0161ke i zamenili ga novim.<\/p>\n<p>Koristi rezervne no\u017ei\u0107e <a href=\"https:\/\/www.olfa.mimacdoo.rs\/?product=ckb-2-nozici\">CKB<\/a> serije.<\/p>\n<div class=\"ast-oembed-container \" style=\"height: 100%;\"><iframe title=\"CK-2  -OLFA Other Purpose-Made Hand Tools-\" width=\"500\" height=\"281\" src=\"https:\/\/www.youtube.com\/embed\/M4FnznOcBr0?feature=oembed\" frameborder=\"0\" allow=\"accelerometer; autoplay; clipboard-write; encrypted-media; gyroscope; picture-in-picture; web-share\" referrerpolicy=\"strict-origin-when-cross-origin\" allowfullscreen><\/iframe><\/div>\n","protected":false},"excerpt":{"rendered":"<p>\u2022 Zanatski skalpel za drvo<br \/>\n\u2022 Veoma laka zamena dotrajalog no\u017ei\u0107a<br \/>\n\u2022 Za levoruke i desnoruke<br \/>\n\u2022 Dolazi sa CKB no\u017ei\u0107em od ne\u0111aju\u0107eg \u010delika<br \/>\n\u2022 Otporan na aceton<br \/>\n\u2022 <strong>Made in Japan<\/strong><\/p>\n","protected":false},"featured_media":3347,"template":"","meta":{"_uag_custom_page_level_css":"","site-sidebar-layout":"default","site-content-layout":"default","ast-site-content-layout":"default","site-content-style":"default","site-sidebar-style":"default","ast-global-header-display":"","ast-banner-title-visibility":"","ast-main-header-display":"","ast-hfb-above-header-display":"","ast-hfb-below-header-display":"","ast-hfb-mobile-header-display":"","site-post-title":"","ast-breadcrumbs-content":"","ast-featured-img":"","footer-sml-layout":"","theme-transparent-header-meta":"default","adv-header-id-meta":"","stick-header-meta":"","header-above-stick-meta":"","header-main-stick-meta":"","header-below-stick-meta":"","astra-migrate-meta-layouts":"set","ast-page-background-enabled":"default","ast-page-background-meta":{"desktop":{"background-color":"","background-image":"","background-repeat":"repeat","background-position":"center center","background-size":"auto","background-attachment":"scroll","background-type":"","background-media":"","overlay-type":"","overlay-color":"","overlay-opacity":"","overlay-gradient":""},"tablet":{"background-color":"","background-image":"","background-repeat":"repeat","background-position":"center center","background-size":"auto","background-attachment":"scroll","background-type":"","background-media":"","overlay-type":"","overlay-color":"","overlay-opacity":"","overlay-gradient":""},"mobile":{"background-color":"","background-image":"","background-repeat":"repeat","background-position":"center center","background-size":"auto","background-attachment":"scroll","background-type":"","background-media":"","overlay-type":"","overlay-color":"","overlay-opacity":"","overlay-gradient":""}},"ast-content-background-meta":{"desktop":{"background-color":"var(--ast-global-color-5)","background-image":"","background-repeat":"repeat","background-position":"center center","background-size":"auto","background-attachment":"scroll","background-type":"","background-media":"","overlay-type":"","overlay-color":"","overlay-opacity":"","overlay-gradient":""},"tablet":{"background-color":"var(--ast-global-color-5)","background-image":"","background-repeat":"repeat","background-position":"center center","background-size":"auto","background-attachment":"scroll","background-type":"","background-media":"","overlay-type":"","overlay-color":"","overlay-opacity":"","overlay-gradient":""},"mobile":{"background-color":"var(--ast-global-color-5)","background-image":"","background-repeat":"repeat","background-position":"center center","background-size":"auto","background-attachment":"scroll","background-type":"","background-media":"","overlay-type":"","overlay-color":"","overlay-opacity":"","overlay-gradient":""}}},"product_brand":[],"product_cat":[55],"product_tag":[],"class_list":{"0":"post-2348","1":"product","2":"type-product","3":"status-publish","4":"has-post-thumbnail","6":"product_cat-art-hobby","7":"desktop-align-left","8":"tablet-align-left","9":"mobile-align-left","11":"first","12":"instock","13":"shipping-taxable","14":"product-type-simple"},"uagb_featured_image_src":{"full":["https:\/\/www.olfa.mimacdoo.rs\/wp-content\/uploads\/2022\/12\/CK-2.jpg",640,640,false],"thumbnail":["https:\/\/www.olfa.mimacdoo.rs\/wp-content\/uploads\/2022\/12\/CK-2-150x150.jpg",150,150,true],"medium":["https:\/\/www.olfa.mimacdoo.rs\/wp-content\/uploads\/2022\/12\/CK-2-300x300.jpg",300,300,true],"medium_large":["https:\/\/www.olfa.mimacdoo.rs\/wp-content\/uploads\/2022\/12\/CK-2.jpg",640,640,false],"large":["https:\/\/www.olfa.mimacdoo.rs\/wp-content\/uploads\/2022\/12\/CK-2.jpg",640,640,false],"1536x1536":["https:\/\/www.olfa.mimacdoo.rs\/wp-content\/uploads\/2022\/12\/CK-2.jpg",640,640,false],"2048x2048":["https:\/\/www.olfa.mimacdoo.rs\/wp-content\/uploads\/2022\/12\/CK-2.jpg",640,640,false],"trp-custom-language-flag":["https:\/\/www.olfa.mimacdoo.rs\/wp-content\/uploads\/2022\/12\/CK-2-12x12.jpg",12,12,true],"woocommerce_thumbnail":["https:\/\/www.olfa.mimacdoo.rs\/wp-content\/uploads\/2022\/12\/CK-2-300x300.jpg",300,300,true],"woocommerce_single":["https:\/\/www.olfa.mimacdoo.rs\/wp-content\/uploads\/2022\/12\/CK-2-600x600.jpg",600,600,true],"woocommerce_gallery_thumbnail":["https:\/\/www.olfa.mimacdoo.rs\/wp-content\/uploads\/2022\/12\/CK-2-100x100.jpg",100,100,true]},"uagb_author_info":{"display_name":"mimacdoo","author_link":"https:\/\/www.olfa.mimacdoo.rs\/?author=0"},"uagb_comment_info":0,"uagb_excerpt":"\u2022 Zanatski skalpel za drvo \u2022 Veoma laka zamena dotrajalog no\u017ei\u0107a \u2022 Za levoruke i desnoruke \u2022 Dolazi sa CKB no\u017ei\u0107em od ne\u0111aju\u0107eg \u010delika \u2022 Otporan na aceton \u2022 Made in Japan","_links":{"self":[{"href":"https:\/\/www.olfa.mimacdoo.rs\/index.php?rest_route=\/wp\/v2\/product\/2348","targetHints":{"allow":["GET"]}}],"collection":[{"href":"https:\/\/www.olfa.mimacdoo.rs\/index.php?rest_route=\/wp\/v2\/product"}],"about":[{"href":"https:\/\/www.olfa.mimacdoo.rs\/index.php?rest_route=\/wp\/v2\/types\/product"}],"wp:featuredmedia":[{"embeddable":true,"href":"https:\/\/www.olfa.mimacdoo.rs\/index.php?rest_route=\/wp\/v2\/media\/3347"}],"wp:attachment":[{"href":"https:\/\/www.olfa.mimacdoo.rs\/index.php?rest_route=%2Fwp%2Fv2%2Fmedia&parent=2348"}],"wp:term":[{"taxonomy":"product_brand","embeddable":true,"href":"https:\/\/www.olfa.mimacdoo.rs\/index.php?rest_route=%2Fwp%2Fv2%2Fproduct_brand&post=2348"},{"taxonomy":"product_cat","embeddable":true,"href":"https:\/\/www.olfa.mimacdoo.rs\/index.php?rest_route=%2Fwp%2Fv2%2Fproduct_cat&post=2348"},{"taxonomy":"product_tag","embeddable":true,"href":"https:\/\/www.olfa.mimacdoo.rs\/index.php?rest_route=%2Fwp%2Fv2%2Fproduct_tag&post=2348"}],"curies":[{"name":"wp","href":"https:\/\/api.w.org\/{rel}","templated":true}]}}