{"id":2330,"date":"2022-12-23T09:44:03","date_gmt":"2022-12-23T09:44:03","guid":{"rendered":"https:\/\/www.olfa.mimacdoo.rs\/?post_type=product&#038;p=2330"},"modified":"2024-09-12T10:05:55","modified_gmt":"2024-09-12T10:05:55","slug":"cs-5-skalpel","status":"publish","type":"product","link":"https:\/\/www.olfa.mimacdoo.rs\/?product=cs-5-skalpel","title":{"rendered":"CS-5 SKALPEL"},"content":{"rendered":"<p><strong>CS-5<\/strong><\/p>\n<p>Kombinacija testere sa o\u0161trim \u0161picem i no\u017ei\u0107a od 12.5mm, \u010dine ovaj 2 u 1 model OLFA CS-5 idealnim za elektri\u010dare. No\u017ei\u0107 testere je dvosmeran, radi i kao vu\u010dna i kao potisna testera, a njegov vrh sa o\u0161trim vrhom slu\u017ei za bu\u0161enje rupa u gipsanom zidu za po\u010detak se\u010denja. Sa druge strane nalazi se standardni no\u017ei\u0107 skalpela koji se\u010de \u010dvrste materijale, ja\u010de nego \u0161to ljudi o\u010dekuju od njegovih dimenzija. Bo\u010dne strane rukohvata imaju elastomerni neklizaju\u0107i gumeni jastuk za udobnost prilikom kori\u0161\u0107enja.<\/p>\n<p>Ovaj model se isporu\u010duje sa o\u0161trim srebrnim no\u017ei\u0107em od 12.5mm i testericom 1.25mm debljine. No\u017ei\u0107 srednje veli\u010dine nudi 9 segmenata i zgodno je za skidanje \u017eice i se\u010denje razli\u010ditih materijala. Dok je testera ovog modela idealna za se\u010denje gipsanih plo\u010da, drveta i \u0161perplo\u010de. Promena no\u017ei\u0107a je jednostavna i bez dodatnih alata.<\/p>\n<p>Koristi rezervne no\u017ei\u0107e <a href=\"https:\/\/www.olfa.mimacdoo.rs\/?product=mtb-nozici\">MTB<\/a> i <a href=\"https:\/\/www.olfa.mimacdoo.rs\/?product=swb-5-nozici\">SWB-5<\/a> serije.<\/p>\n<div class=\"ast-oembed-container \" style=\"height: 100%;\"><iframe title=\"CS-5 -OLFA Other Purpose-Made Hand Tools-\" width=\"500\" height=\"281\" src=\"https:\/\/www.youtube.com\/embed\/Il_1eXvijp8?feature=oembed\" frameborder=\"0\" allow=\"accelerometer; autoplay; clipboard-write; encrypted-media; gyroscope; picture-in-picture; web-share\" referrerpolicy=\"strict-origin-when-cross-origin\" allowfullscreen><\/iframe><\/div>\n<p>&nbsp;<\/p>\n","protected":false},"excerpt":{"rendered":"<p>\u2022 2 u 1 alat za elektri\u010dare<br \/>\n\u2022 Kombinacija testere i skalpela<br \/>\n\u2022 Veoma laka zamena dotrajalog no\u017ei\u0107a<br \/>\n\u2022 Za levoruke i desnoruke<br \/>\n\u2022 Otporan na aceton<br \/>\n\u2022 <strong>Made in Japan<\/strong><\/p>\n","protected":false},"featured_media":3369,"template":"","meta":{"_uag_custom_page_level_css":"","site-sidebar-layout":"default","site-content-layout":"default","ast-site-content-layout":"default","site-content-style":"default","site-sidebar-style":"default","ast-global-header-display":"","ast-banner-title-visibility":"","ast-main-header-display":"","ast-hfb-above-header-display":"","ast-hfb-below-header-display":"","ast-hfb-mobile-header-display":"","site-post-title":"","ast-breadcrumbs-content":"","ast-featured-img":"","footer-sml-layout":"","theme-transparent-header-meta":"default","adv-header-id-meta":"","stick-header-meta":"","header-above-stick-meta":"","header-main-stick-meta":"","header-below-stick-meta":"","astra-migrate-meta-layouts":"set","ast-page-background-enabled":"default","ast-page-background-meta":{"desktop":{"background-color":"","background-image":"","background-repeat":"repeat","background-position":"center center","background-size":"auto","background-attachment":"scroll","background-type":"","background-media":"","overlay-type":"","overlay-color":"","overlay-opacity":"","overlay-gradient":""},"tablet":{"background-color":"","background-image":"","background-repeat":"repeat","background-position":"center center","background-size":"auto","background-attachment":"scroll","background-type":"","background-media":"","overlay-type":"","overlay-color":"","overlay-opacity":"","overlay-gradient":""},"mobile":{"background-color":"","background-image":"","background-repeat":"repeat","background-position":"center center","background-size":"auto","background-attachment":"scroll","background-type":"","background-media":"","overlay-type":"","overlay-color":"","overlay-opacity":"","overlay-gradient":""}},"ast-content-background-meta":{"desktop":{"background-color":"var(--ast-global-color-5)","background-image":"","background-repeat":"repeat","background-position":"center center","background-size":"auto","background-attachment":"scroll","background-type":"","background-media":"","overlay-type":"","overlay-color":"","overlay-opacity":"","overlay-gradient":""},"tablet":{"background-color":"var(--ast-global-color-5)","background-image":"","background-repeat":"repeat","background-position":"center center","background-size":"auto","background-attachment":"scroll","background-type":"","background-media":"","overlay-type":"","overlay-color":"","overlay-opacity":"","overlay-gradient":""},"mobile":{"background-color":"var(--ast-global-color-5)","background-image":"","background-repeat":"repeat","background-position":"center center","background-size":"auto","background-attachment":"scroll","background-type":"","background-media":"","overlay-type":"","overlay-color":"","overlay-opacity":"","overlay-gradient":""}}},"product_brand":[],"product_cat":[55],"product_tag":[],"class_list":{"0":"post-2330","1":"product","2":"type-product","3":"status-publish","4":"has-post-thumbnail","6":"product_cat-art-hobby","7":"desktop-align-left","8":"tablet-align-left","9":"mobile-align-left","11":"first","12":"instock","13":"shipping-taxable","14":"product-type-simple"},"uagb_featured_image_src":{"full":["https:\/\/www.olfa.mimacdoo.rs\/wp-content\/uploads\/2022\/12\/CS-5.jpg",640,640,false],"thumbnail":["https:\/\/www.olfa.mimacdoo.rs\/wp-content\/uploads\/2022\/12\/CS-5-150x150.jpg",150,150,true],"medium":["https:\/\/www.olfa.mimacdoo.rs\/wp-content\/uploads\/2022\/12\/CS-5-300x300.jpg",300,300,true],"medium_large":["https:\/\/www.olfa.mimacdoo.rs\/wp-content\/uploads\/2022\/12\/CS-5.jpg",640,640,false],"large":["https:\/\/www.olfa.mimacdoo.rs\/wp-content\/uploads\/2022\/12\/CS-5.jpg",640,640,false],"1536x1536":["https:\/\/www.olfa.mimacdoo.rs\/wp-content\/uploads\/2022\/12\/CS-5.jpg",640,640,false],"2048x2048":["https:\/\/www.olfa.mimacdoo.rs\/wp-content\/uploads\/2022\/12\/CS-5.jpg",640,640,false],"trp-custom-language-flag":["https:\/\/www.olfa.mimacdoo.rs\/wp-content\/uploads\/2022\/12\/CS-5-12x12.jpg",12,12,true],"woocommerce_thumbnail":["https:\/\/www.olfa.mimacdoo.rs\/wp-content\/uploads\/2022\/12\/CS-5-300x300.jpg",300,300,true],"woocommerce_single":["https:\/\/www.olfa.mimacdoo.rs\/wp-content\/uploads\/2022\/12\/CS-5-600x600.jpg",600,600,true],"woocommerce_gallery_thumbnail":["https:\/\/www.olfa.mimacdoo.rs\/wp-content\/uploads\/2022\/12\/CS-5-100x100.jpg",100,100,true]},"uagb_author_info":{"display_name":"mimacdoo","author_link":"https:\/\/www.olfa.mimacdoo.rs\/?author=0"},"uagb_comment_info":0,"uagb_excerpt":"\u2022 2 u 1 alat za elektri\u010dare \u2022 Kombinacija testere i skalpela \u2022 Veoma laka zamena dotrajalog no\u017ei\u0107a \u2022 Za levoruke i desnoruke \u2022 Otporan na aceton \u2022 Made in Japan","_links":{"self":[{"href":"https:\/\/www.olfa.mimacdoo.rs\/index.php?rest_route=\/wp\/v2\/product\/2330","targetHints":{"allow":["GET"]}}],"collection":[{"href":"https:\/\/www.olfa.mimacdoo.rs\/index.php?rest_route=\/wp\/v2\/product"}],"about":[{"href":"https:\/\/www.olfa.mimacdoo.rs\/index.php?rest_route=\/wp\/v2\/types\/product"}],"wp:featuredmedia":[{"embeddable":true,"href":"https:\/\/www.olfa.mimacdoo.rs\/index.php?rest_route=\/wp\/v2\/media\/3369"}],"wp:attachment":[{"href":"https:\/\/www.olfa.mimacdoo.rs\/index.php?rest_route=%2Fwp%2Fv2%2Fmedia&parent=2330"}],"wp:term":[{"taxonomy":"product_brand","embeddable":true,"href":"https:\/\/www.olfa.mimacdoo.rs\/index.php?rest_route=%2Fwp%2Fv2%2Fproduct_brand&post=2330"},{"taxonomy":"product_cat","embeddable":true,"href":"https:\/\/www.olfa.mimacdoo.rs\/index.php?rest_route=%2Fwp%2Fv2%2Fproduct_cat&post=2330"},{"taxonomy":"product_tag","embeddable":true,"href":"https:\/\/www.olfa.mimacdoo.rs\/index.php?rest_route=%2Fwp%2Fv2%2Fproduct_tag&post=2330"}],"curies":[{"name":"wp","href":"https:\/\/api.w.org\/{rel}","templated":true}]}}