{"id":2302,"date":"2022-12-23T09:14:33","date_gmt":"2022-12-23T09:14:33","guid":{"rendered":"https:\/\/www.olfa.mimacdoo.rs\/?post_type=product&#038;p=2302"},"modified":"2024-09-12T10:07:32","modified_gmt":"2024-09-12T10:07:32","slug":"ts-1-skalpel","status":"publish","type":"product","link":"https:\/\/www.olfa.mimacdoo.rs\/?product=ts-1-skalpel","title":{"rendered":"TS-1 SKALPEL"},"content":{"rendered":"<p><strong>TS-1<\/strong><\/p>\n<p>Koliko god neverovatno izgledalo, OLFA TS-1 skalpel sa podesivom funkcijom automatske kontrole pritiska i prostorijom za 2 rezervna no\u017ei\u0107a, se\u010de samo gornji list! Se\u010divo sa zaobljenim vrhom pravi precizne rezove, izbegavaju\u0107i probijanje materijala ispod reza. Kada je materijal koji se se\u010de tanak kao list novina, pomerite regulator dubine se\u010denja prema znaku \u201cMIN\u201d, a naprotiv, kada je materijal deblji povucite njegov regulator prema znaku \u201cMAX\u201d.<\/p>\n<p>Ovaj model se isporu\u010duje sa visokokvalitetnim o\u0161trim i dugotrajnim no\u017ei\u0107em od legiranog alatnog \u010delika namenskim samo za ovaj skalpel. Dolazi sa jednim no\u017ei\u0107em umetnutim u skalpel za trenutnu upotrebu, plus dva dodatna no\u017ei\u0107a sme\u0161tena u dr\u0161ci. Promena no\u017ei\u0107a je jednostavna i bez dodatnih alata. Pogodan za se\u010denje novina, papira, stre\u010d folije, trake, plasti\u010dne folije, filma i jo\u0161 mnogo toga kada \u017eelite da ise\u010dete samo prvi sloj bez o\u0161te\u0107enja slojeva ispod.<\/p>\n<p>Koristi rezervne no\u017ei\u0107e <a href=\"https:\/\/www.olfa.mimacdoo.rs\/?product=tsb-1-nozici\">TSB-1<\/a> serije.<\/p>\n<div class=\"ast-oembed-container \" style=\"height: 100%;\"><iframe title=\"TS-1  -OLFA Other Purpose-Made Hand Tools-\" width=\"500\" height=\"281\" src=\"https:\/\/www.youtube.com\/embed\/HAXMKzlHL14?feature=oembed\" frameborder=\"0\" allow=\"accelerometer; autoplay; clipboard-write; encrypted-media; gyroscope; picture-in-picture; web-share\" referrerpolicy=\"strict-origin-when-cross-origin\" allowfullscreen><\/iframe><\/div>\n","protected":false},"excerpt":{"rendered":"<p>\u2022 Skalpel za se\u010denje gornjeg lista<br \/>\n\u2022 Rezovi do 0.1mm<br \/>\n\u2022 Automatsko pode\u0161avanje pritiska<br \/>\n\u2022 Dolazi sa 3 rezervna no\u017ei\u0107a TSB<br \/>\n\u2022 Skladi\u0161te no\u017ei\u0107a u dr\u0161ci<br \/>\n\u2022 <strong>Made in Japan<\/strong><\/p>\n","protected":false},"featured_media":3434,"template":"","meta":{"_uag_custom_page_level_css":"","site-sidebar-layout":"default","site-content-layout":"default","ast-site-content-layout":"default","site-content-style":"default","site-sidebar-style":"default","ast-global-header-display":"","ast-banner-title-visibility":"","ast-main-header-display":"","ast-hfb-above-header-display":"","ast-hfb-below-header-display":"","ast-hfb-mobile-header-display":"","site-post-title":"","ast-breadcrumbs-content":"","ast-featured-img":"","footer-sml-layout":"","theme-transparent-header-meta":"default","adv-header-id-meta":"","stick-header-meta":"","header-above-stick-meta":"","header-main-stick-meta":"","header-below-stick-meta":"","astra-migrate-meta-layouts":"set","ast-page-background-enabled":"default","ast-page-background-meta":{"desktop":{"background-color":"","background-image":"","background-repeat":"repeat","background-position":"center center","background-size":"auto","background-attachment":"scroll","background-type":"","background-media":"","overlay-type":"","overlay-color":"","overlay-opacity":"","overlay-gradient":""},"tablet":{"background-color":"","background-image":"","background-repeat":"repeat","background-position":"center center","background-size":"auto","background-attachment":"scroll","background-type":"","background-media":"","overlay-type":"","overlay-color":"","overlay-opacity":"","overlay-gradient":""},"mobile":{"background-color":"","background-image":"","background-repeat":"repeat","background-position":"center center","background-size":"auto","background-attachment":"scroll","background-type":"","background-media":"","overlay-type":"","overlay-color":"","overlay-opacity":"","overlay-gradient":""}},"ast-content-background-meta":{"desktop":{"background-color":"var(--ast-global-color-5)","background-image":"","background-repeat":"repeat","background-position":"center center","background-size":"auto","background-attachment":"scroll","background-type":"","background-media":"","overlay-type":"","overlay-color":"","overlay-opacity":"","overlay-gradient":""},"tablet":{"background-color":"var(--ast-global-color-5)","background-image":"","background-repeat":"repeat","background-position":"center center","background-size":"auto","background-attachment":"scroll","background-type":"","background-media":"","overlay-type":"","overlay-color":"","overlay-opacity":"","overlay-gradient":""},"mobile":{"background-color":"var(--ast-global-color-5)","background-image":"","background-repeat":"repeat","background-position":"center center","background-size":"auto","background-attachment":"scroll","background-type":"","background-media":"","overlay-type":"","overlay-color":"","overlay-opacity":"","overlay-gradient":""}}},"product_brand":[],"product_cat":[55],"product_tag":[],"class_list":{"0":"post-2302","1":"product","2":"type-product","3":"status-publish","4":"has-post-thumbnail","6":"product_cat-art-hobby","7":"desktop-align-left","8":"tablet-align-left","9":"mobile-align-left","11":"first","12":"instock","13":"shipping-taxable","14":"product-type-simple"},"uagb_featured_image_src":{"full":["https:\/\/www.olfa.mimacdoo.rs\/wp-content\/uploads\/2022\/12\/TS-1.jpg",640,640,false],"thumbnail":["https:\/\/www.olfa.mimacdoo.rs\/wp-content\/uploads\/2022\/12\/TS-1-150x150.jpg",150,150,true],"medium":["https:\/\/www.olfa.mimacdoo.rs\/wp-content\/uploads\/2022\/12\/TS-1-300x300.jpg",300,300,true],"medium_large":["https:\/\/www.olfa.mimacdoo.rs\/wp-content\/uploads\/2022\/12\/TS-1.jpg",640,640,false],"large":["https:\/\/www.olfa.mimacdoo.rs\/wp-content\/uploads\/2022\/12\/TS-1.jpg",640,640,false],"1536x1536":["https:\/\/www.olfa.mimacdoo.rs\/wp-content\/uploads\/2022\/12\/TS-1.jpg",640,640,false],"2048x2048":["https:\/\/www.olfa.mimacdoo.rs\/wp-content\/uploads\/2022\/12\/TS-1.jpg",640,640,false],"trp-custom-language-flag":["https:\/\/www.olfa.mimacdoo.rs\/wp-content\/uploads\/2022\/12\/TS-1-12x12.jpg",12,12,true],"woocommerce_thumbnail":["https:\/\/www.olfa.mimacdoo.rs\/wp-content\/uploads\/2022\/12\/TS-1-300x300.jpg",300,300,true],"woocommerce_single":["https:\/\/www.olfa.mimacdoo.rs\/wp-content\/uploads\/2022\/12\/TS-1-600x600.jpg",600,600,true],"woocommerce_gallery_thumbnail":["https:\/\/www.olfa.mimacdoo.rs\/wp-content\/uploads\/2022\/12\/TS-1-100x100.jpg",100,100,true]},"uagb_author_info":{"display_name":"mimacdoo","author_link":"https:\/\/www.olfa.mimacdoo.rs\/?author=0"},"uagb_comment_info":0,"uagb_excerpt":"\u2022 Skalpel za se\u010denje gornjeg lista \u2022 Rezovi do 0.1mm \u2022 Automatsko pode\u0161avanje pritiska \u2022 Dolazi sa 3 rezervna no\u017ei\u0107a TSB \u2022 Skladi\u0161te no\u017ei\u0107a u dr\u0161ci \u2022 Made in Japan","_links":{"self":[{"href":"https:\/\/www.olfa.mimacdoo.rs\/index.php?rest_route=\/wp\/v2\/product\/2302","targetHints":{"allow":["GET"]}}],"collection":[{"href":"https:\/\/www.olfa.mimacdoo.rs\/index.php?rest_route=\/wp\/v2\/product"}],"about":[{"href":"https:\/\/www.olfa.mimacdoo.rs\/index.php?rest_route=\/wp\/v2\/types\/product"}],"wp:featuredmedia":[{"embeddable":true,"href":"https:\/\/www.olfa.mimacdoo.rs\/index.php?rest_route=\/wp\/v2\/media\/3434"}],"wp:attachment":[{"href":"https:\/\/www.olfa.mimacdoo.rs\/index.php?rest_route=%2Fwp%2Fv2%2Fmedia&parent=2302"}],"wp:term":[{"taxonomy":"product_brand","embeddable":true,"href":"https:\/\/www.olfa.mimacdoo.rs\/index.php?rest_route=%2Fwp%2Fv2%2Fproduct_brand&post=2302"},{"taxonomy":"product_cat","embeddable":true,"href":"https:\/\/www.olfa.mimacdoo.rs\/index.php?rest_route=%2Fwp%2Fv2%2Fproduct_cat&post=2302"},{"taxonomy":"product_tag","embeddable":true,"href":"https:\/\/www.olfa.mimacdoo.rs\/index.php?rest_route=%2Fwp%2Fv2%2Fproduct_tag&post=2302"}],"curies":[{"name":"wp","href":"https:\/\/api.w.org\/{rel}","templated":true}]}}