{"id":2298,"date":"2022-12-23T09:12:55","date_gmt":"2022-12-23T09:12:55","guid":{"rendered":"https:\/\/www.olfa.mimacdoo.rs\/?post_type=product&#038;p=2298"},"modified":"2024-09-12T10:08:21","modified_gmt":"2024-09-12T10:08:21","slug":"utc-1-skalpel","status":"publish","type":"product","link":"https:\/\/www.olfa.mimacdoo.rs\/?product=utc-1-skalpel","title":{"rendered":"UTC-1 SKALPEL"},"content":{"rendered":"<p><strong>UTC-1<\/strong><\/p>\n<p>Skalpel OLFA UTC-1 sa 5 polo\u017eaja se\u010diva idealan je za sve poslove. Udobnost i preciznost su pobolj\u0161ani ru\u010dkom oja\u010danom staklenim vlaknima sa gumenim rukohvatom. Poseduje se\u010divo sa automatskim zaklju\u010davanjem u pet promenljivih pozicija za razli\u010dite dubine se\u010denja. Kanal kroz koji prolazi no\u017ei\u0107 izra\u0111en je od ner\u0111aju\u0107eg \u010delika.<\/p>\n<p>Ovaj model se isporu\u010duje sa o\u0161trim trapezoidnim no\u017ei\u0107em sa dve ivice. Jednostavno okretanje no\u017ei\u0107a \u010dini alat pogodnim za levoruke i desnoruke. Promena no\u017ei\u0107a je jednostavna i bez dodatnih alata.<\/p>\n<p>Koristi rezervne no\u017ei\u0107e <a href=\"https:\/\/www.olfa.mimacdoo.rs\/?product=skb-2-nozici\">SKB-2<\/a>, <a href=\"https:\/\/www.olfa.mimacdoo.rs\/?product=rskb-2-nozici\">RSKB-2<\/a> i <a href=\"https:\/\/www.olfa.mimacdoo.rs\/?product=hob-2-nozici\">HOB-2<\/a> serije.<\/p>\n","protected":false},"excerpt":{"rendered":"<p>\u2022 Auto-Lock zaklju\u010davanje no\u017ei\u0107a<br \/>\n\u2022 Veoma laka zamena dotrajalog no\u017ei\u0107a<br \/>\n\u2022 Telo oja\u010dano fiberglasom<br \/>\n\u2022 Dolazi sa SKB-2 trapezoidnim no\u017ei\u0107em<br \/>\n\u2022 Za levoruke i desnoruke<br \/>\n\u2022 <strong>Made in Japan<\/strong><\/p>\n","protected":false},"featured_media":3438,"template":"","meta":{"_uag_custom_page_level_css":"","site-sidebar-layout":"default","site-content-layout":"default","ast-site-content-layout":"default","site-content-style":"default","site-sidebar-style":"default","ast-global-header-display":"","ast-banner-title-visibility":"","ast-main-header-display":"","ast-hfb-above-header-display":"","ast-hfb-below-header-display":"","ast-hfb-mobile-header-display":"","site-post-title":"","ast-breadcrumbs-content":"","ast-featured-img":"","footer-sml-layout":"","theme-transparent-header-meta":"default","adv-header-id-meta":"","stick-header-meta":"","header-above-stick-meta":"","header-main-stick-meta":"","header-below-stick-meta":"","astra-migrate-meta-layouts":"set","ast-page-background-enabled":"default","ast-page-background-meta":{"desktop":{"background-color":"","background-image":"","background-repeat":"repeat","background-position":"center center","background-size":"auto","background-attachment":"scroll","background-type":"","background-media":"","overlay-type":"","overlay-color":"","overlay-opacity":"","overlay-gradient":""},"tablet":{"background-color":"","background-image":"","background-repeat":"repeat","background-position":"center center","background-size":"auto","background-attachment":"scroll","background-type":"","background-media":"","overlay-type":"","overlay-color":"","overlay-opacity":"","overlay-gradient":""},"mobile":{"background-color":"","background-image":"","background-repeat":"repeat","background-position":"center center","background-size":"auto","background-attachment":"scroll","background-type":"","background-media":"","overlay-type":"","overlay-color":"","overlay-opacity":"","overlay-gradient":""}},"ast-content-background-meta":{"desktop":{"background-color":"var(--ast-global-color-5)","background-image":"","background-repeat":"repeat","background-position":"center center","background-size":"auto","background-attachment":"scroll","background-type":"","background-media":"","overlay-type":"","overlay-color":"","overlay-opacity":"","overlay-gradient":""},"tablet":{"background-color":"var(--ast-global-color-5)","background-image":"","background-repeat":"repeat","background-position":"center center","background-size":"auto","background-attachment":"scroll","background-type":"","background-media":"","overlay-type":"","overlay-color":"","overlay-opacity":"","overlay-gradient":""},"mobile":{"background-color":"var(--ast-global-color-5)","background-image":"","background-repeat":"repeat","background-position":"center center","background-size":"auto","background-attachment":"scroll","background-type":"","background-media":"","overlay-type":"","overlay-color":"","overlay-opacity":"","overlay-gradient":""}}},"product_brand":[],"product_cat":[55],"product_tag":[],"class_list":{"0":"post-2298","1":"product","2":"type-product","3":"status-publish","4":"has-post-thumbnail","6":"product_cat-art-hobby","7":"desktop-align-left","8":"tablet-align-left","9":"mobile-align-left","11":"first","12":"instock","13":"shipping-taxable","14":"product-type-simple"},"uagb_featured_image_src":{"full":["https:\/\/www.olfa.mimacdoo.rs\/wp-content\/uploads\/2022\/12\/UTC-1.jpg",640,640,false],"thumbnail":["https:\/\/www.olfa.mimacdoo.rs\/wp-content\/uploads\/2022\/12\/UTC-1-150x150.jpg",150,150,true],"medium":["https:\/\/www.olfa.mimacdoo.rs\/wp-content\/uploads\/2022\/12\/UTC-1-300x300.jpg",300,300,true],"medium_large":["https:\/\/www.olfa.mimacdoo.rs\/wp-content\/uploads\/2022\/12\/UTC-1.jpg",640,640,false],"large":["https:\/\/www.olfa.mimacdoo.rs\/wp-content\/uploads\/2022\/12\/UTC-1.jpg",640,640,false],"1536x1536":["https:\/\/www.olfa.mimacdoo.rs\/wp-content\/uploads\/2022\/12\/UTC-1.jpg",640,640,false],"2048x2048":["https:\/\/www.olfa.mimacdoo.rs\/wp-content\/uploads\/2022\/12\/UTC-1.jpg",640,640,false],"trp-custom-language-flag":["https:\/\/www.olfa.mimacdoo.rs\/wp-content\/uploads\/2022\/12\/UTC-1-12x12.jpg",12,12,true],"woocommerce_thumbnail":["https:\/\/www.olfa.mimacdoo.rs\/wp-content\/uploads\/2022\/12\/UTC-1-300x300.jpg",300,300,true],"woocommerce_single":["https:\/\/www.olfa.mimacdoo.rs\/wp-content\/uploads\/2022\/12\/UTC-1-600x600.jpg",600,600,true],"woocommerce_gallery_thumbnail":["https:\/\/www.olfa.mimacdoo.rs\/wp-content\/uploads\/2022\/12\/UTC-1-100x100.jpg",100,100,true]},"uagb_author_info":{"display_name":"mimacdoo","author_link":"https:\/\/www.olfa.mimacdoo.rs\/?author=0"},"uagb_comment_info":0,"uagb_excerpt":"\u2022 Auto-Lock zaklju\u010davanje no\u017ei\u0107a \u2022 Veoma laka zamena dotrajalog no\u017ei\u0107a \u2022 Telo oja\u010dano fiberglasom \u2022 Dolazi sa SKB-2 trapezoidnim no\u017ei\u0107em \u2022 Za levoruke i desnoruke \u2022 Made in Japan","_links":{"self":[{"href":"https:\/\/www.olfa.mimacdoo.rs\/index.php?rest_route=\/wp\/v2\/product\/2298","targetHints":{"allow":["GET"]}}],"collection":[{"href":"https:\/\/www.olfa.mimacdoo.rs\/index.php?rest_route=\/wp\/v2\/product"}],"about":[{"href":"https:\/\/www.olfa.mimacdoo.rs\/index.php?rest_route=\/wp\/v2\/types\/product"}],"wp:featuredmedia":[{"embeddable":true,"href":"https:\/\/www.olfa.mimacdoo.rs\/index.php?rest_route=\/wp\/v2\/media\/3438"}],"wp:attachment":[{"href":"https:\/\/www.olfa.mimacdoo.rs\/index.php?rest_route=%2Fwp%2Fv2%2Fmedia&parent=2298"}],"wp:term":[{"taxonomy":"product_brand","embeddable":true,"href":"https:\/\/www.olfa.mimacdoo.rs\/index.php?rest_route=%2Fwp%2Fv2%2Fproduct_brand&post=2298"},{"taxonomy":"product_cat","embeddable":true,"href":"https:\/\/www.olfa.mimacdoo.rs\/index.php?rest_route=%2Fwp%2Fv2%2Fproduct_cat&post=2298"},{"taxonomy":"product_tag","embeddable":true,"href":"https:\/\/www.olfa.mimacdoo.rs\/index.php?rest_route=%2Fwp%2Fv2%2Fproduct_tag&post=2298"}],"curies":[{"name":"wp","href":"https:\/\/api.w.org\/{rel}","templated":true}]}}