{"id":2280,"date":"2022-12-22T15:08:05","date_gmt":"2022-12-22T15:08:05","guid":{"rendered":"https:\/\/www.olfa.mimacdoo.rs\/?post_type=product&#038;p=2280"},"modified":"2024-10-29T13:04:41","modified_gmt":"2024-10-29T13:04:41","slug":"gsr-2-stugac","status":"publish","type":"product","link":"https:\/\/www.olfa.mimacdoo.rs\/?product=gsr-2-stugac","title":{"rendered":"GSR-2 STUGA\u010c"},"content":{"rendered":"<p><strong>GSR-2<\/strong><\/p>\n<p>OLFA GSR-2 mini struga\u010d za staklo sa o\u0161tricom od ner\u0111aju\u0107eg \u010delika nudi robusne mogu\u0107nosti struganja u kompaktnoj veli\u010dini. Trajnost ru\u010dke od polipropilena i elastomera oja\u010dane staklenim vlaknima, isti\u010de se snagom, izdr\u017eljivo\u0161\u0107u i otporno\u0161\u0107u na rastvara\u010de, upotpunjena je delovima od ner\u0111aju\u0107eg \u010delika koji su otporni na koroziji i r\u0111u. Udoban gumeni rukohvat protiv klizanja se lako dr\u017ei i bezbedno stoji u ruci.<\/p>\n<p>Sa uskim se\u010divom i tankom dr\u0161kom , GSR-2 dose\u017ee uske prostore i uglove na maloj povr\u0161ini kao \u0161to su kuhinje. No\u017ei\u0107 od ner\u0111aju\u0107eg \u010delika je relativno mek\u0161i i otporniji na r\u0111u, \u0161to ga \u010dini pogodnim za rad oko vode i \u010di\u0161\u0107enje staklenih povr\u0161ina. Se\u010diva i metalni delovi su napravljeni od ner\u0111aju\u0107eg \u010delika, a struktura sa otvorima za vodu na dr\u0161ci spre\u010dava skupljanje vode i prljav\u0161tine u unutra\u0161njosti, \u010dine\u0107i ga higijenskim.<\/p>\n<p>Ovaj model se isporu\u010duje sa o\u0161trim srebrnim no\u017ei\u0107em \u0161irine 40 mm, napravljenim od vrhunskog ner\u0111aju\u0107eg \u010delika. Skalpel dolazi u pakovanju sa 6 rezervnih no\u017ei\u0107a koji su sme\u0161teni u kutiji za rezervne no\u017ei\u0107e koja se mo\u017ee postaviti u ru\u010dku tokom upotrebe, a mo\u017ee se koristiti i kao za\u0161titni poklopac za se\u010divo kada se ne koristi. Kada treba da zamenite no\u017ei\u0107, jednostavan zavrtanj omogu\u0107ava brzu i laku promenu no\u017ei\u0107a. Rezervni no\u017ei\u0107 GSB-1S se mo\u017ee koristiti tako \u0161to \u0107ete ga \u0161koljocnuti na tri dela du\u017e linije loma pomo\u0107u kle\u0161ta.<\/p>\n<p>Koristi rezervne no\u017ei\u0107e <a href=\"https:\/\/www.olfa.mimacdoo.rs\/?product=gsb-2s-nozici\">GSB-2S<\/a> i <a href=\"https:\/\/www.olfa.mimacdoo.rs\/?product=gsb-1s-nozici\">GSB-1S<\/a> serije.<\/p>\n<div class=\"ast-oembed-container \" style=\"height: 100%;\"><iframe title=\"GSR-2 Introduction movie\" width=\"500\" height=\"281\" src=\"https:\/\/www.youtube.com\/embed\/szSl9OCqoe8?feature=oembed\" frameborder=\"0\" allow=\"accelerometer; autoplay; clipboard-write; encrypted-media; gyroscope; picture-in-picture; web-share\" referrerpolicy=\"strict-origin-when-cross-origin\" allowfullscreen><\/iframe><\/div>\n","protected":false},"excerpt":{"rendered":"<p>\u2022 Struga\u010d za staklene povr\u0161ine<br \/>\n\u2022 Veoma laka zamena dotrajalog no\u017ei\u0107a<br \/>\n\u2022 Telo oja\u010dano fiberglasom<br \/>\n\u2022 No\u017ei\u0107 od ner\u0111aju\u0107eg \u010delika<br \/>\n\u2022 Za levoruke i desnoruke<br \/>\n\u2022 Otporan na aceton<br \/>\n\u2022 <strong>Made in Japan<\/strong><\/p>\n","protected":false},"featured_media":3609,"template":"","meta":{"_uag_custom_page_level_css":"","site-sidebar-layout":"default","site-content-layout":"default","ast-site-content-layout":"default","site-content-style":"default","site-sidebar-style":"default","ast-global-header-display":"","ast-banner-title-visibility":"","ast-main-header-display":"","ast-hfb-above-header-display":"","ast-hfb-below-header-display":"","ast-hfb-mobile-header-display":"","site-post-title":"","ast-breadcrumbs-content":"","ast-featured-img":"","footer-sml-layout":"","theme-transparent-header-meta":"default","adv-header-id-meta":"","stick-header-meta":"","header-above-stick-meta":"","header-main-stick-meta":"","header-below-stick-meta":"","astra-migrate-meta-layouts":"set","ast-page-background-enabled":"default","ast-page-background-meta":{"desktop":{"background-color":"","background-image":"","background-repeat":"repeat","background-position":"center center","background-size":"auto","background-attachment":"scroll","background-type":"","background-media":"","overlay-type":"","overlay-color":"","overlay-opacity":"","overlay-gradient":""},"tablet":{"background-color":"","background-image":"","background-repeat":"repeat","background-position":"center center","background-size":"auto","background-attachment":"scroll","background-type":"","background-media":"","overlay-type":"","overlay-color":"","overlay-opacity":"","overlay-gradient":""},"mobile":{"background-color":"","background-image":"","background-repeat":"repeat","background-position":"center center","background-size":"auto","background-attachment":"scroll","background-type":"","background-media":"","overlay-type":"","overlay-color":"","overlay-opacity":"","overlay-gradient":""}},"ast-content-background-meta":{"desktop":{"background-color":"var(--ast-global-color-5)","background-image":"","background-repeat":"repeat","background-position":"center center","background-size":"auto","background-attachment":"scroll","background-type":"","background-media":"","overlay-type":"","overlay-color":"","overlay-opacity":"","overlay-gradient":""},"tablet":{"background-color":"var(--ast-global-color-5)","background-image":"","background-repeat":"repeat","background-position":"center center","background-size":"auto","background-attachment":"scroll","background-type":"","background-media":"","overlay-type":"","overlay-color":"","overlay-opacity":"","overlay-gradient":""},"mobile":{"background-color":"var(--ast-global-color-5)","background-image":"","background-repeat":"repeat","background-position":"center center","background-size":"auto","background-attachment":"scroll","background-type":"","background-media":"","overlay-type":"","overlay-color":"","overlay-opacity":"","overlay-gradient":""}}},"product_brand":[],"product_cat":[49],"product_tag":[],"class_list":{"0":"post-2280","1":"product","2":"type-product","3":"status-publish","4":"has-post-thumbnail","6":"product_cat-strugaci","7":"desktop-align-left","8":"tablet-align-left","9":"mobile-align-left","11":"first","12":"instock","13":"shipping-taxable","14":"product-type-simple"},"uagb_featured_image_src":{"full":["https:\/\/www.olfa.mimacdoo.rs\/wp-content\/uploads\/2022\/12\/GSR-2.jpg",640,640,false],"thumbnail":["https:\/\/www.olfa.mimacdoo.rs\/wp-content\/uploads\/2022\/12\/GSR-2-150x150.jpg",150,150,true],"medium":["https:\/\/www.olfa.mimacdoo.rs\/wp-content\/uploads\/2022\/12\/GSR-2-300x300.jpg",300,300,true],"medium_large":["https:\/\/www.olfa.mimacdoo.rs\/wp-content\/uploads\/2022\/12\/GSR-2.jpg",640,640,false],"large":["https:\/\/www.olfa.mimacdoo.rs\/wp-content\/uploads\/2022\/12\/GSR-2.jpg",640,640,false],"1536x1536":["https:\/\/www.olfa.mimacdoo.rs\/wp-content\/uploads\/2022\/12\/GSR-2.jpg",640,640,false],"2048x2048":["https:\/\/www.olfa.mimacdoo.rs\/wp-content\/uploads\/2022\/12\/GSR-2.jpg",640,640,false],"trp-custom-language-flag":["https:\/\/www.olfa.mimacdoo.rs\/wp-content\/uploads\/2022\/12\/GSR-2-12x12.jpg",12,12,true],"woocommerce_thumbnail":["https:\/\/www.olfa.mimacdoo.rs\/wp-content\/uploads\/2022\/12\/GSR-2-300x300.jpg",300,300,true],"woocommerce_single":["https:\/\/www.olfa.mimacdoo.rs\/wp-content\/uploads\/2022\/12\/GSR-2-600x600.jpg",600,600,true],"woocommerce_gallery_thumbnail":["https:\/\/www.olfa.mimacdoo.rs\/wp-content\/uploads\/2022\/12\/GSR-2-100x100.jpg",100,100,true]},"uagb_author_info":{"display_name":"mimacdoo","author_link":"https:\/\/www.olfa.mimacdoo.rs\/?author=0"},"uagb_comment_info":0,"uagb_excerpt":"\u2022 Struga\u010d za staklene povr\u0161ine \u2022 Veoma laka zamena dotrajalog no\u017ei\u0107a \u2022 Telo oja\u010dano fiberglasom \u2022 No\u017ei\u0107 od ner\u0111aju\u0107eg \u010delika \u2022 Za levoruke i desnoruke \u2022 Otporan na aceton \u2022 Made in Japan","_links":{"self":[{"href":"https:\/\/www.olfa.mimacdoo.rs\/index.php?rest_route=\/wp\/v2\/product\/2280","targetHints":{"allow":["GET"]}}],"collection":[{"href":"https:\/\/www.olfa.mimacdoo.rs\/index.php?rest_route=\/wp\/v2\/product"}],"about":[{"href":"https:\/\/www.olfa.mimacdoo.rs\/index.php?rest_route=\/wp\/v2\/types\/product"}],"wp:featuredmedia":[{"embeddable":true,"href":"https:\/\/www.olfa.mimacdoo.rs\/index.php?rest_route=\/wp\/v2\/media\/3609"}],"wp:attachment":[{"href":"https:\/\/www.olfa.mimacdoo.rs\/index.php?rest_route=%2Fwp%2Fv2%2Fmedia&parent=2280"}],"wp:term":[{"taxonomy":"product_brand","embeddable":true,"href":"https:\/\/www.olfa.mimacdoo.rs\/index.php?rest_route=%2Fwp%2Fv2%2Fproduct_brand&post=2280"},{"taxonomy":"product_cat","embeddable":true,"href":"https:\/\/www.olfa.mimacdoo.rs\/index.php?rest_route=%2Fwp%2Fv2%2Fproduct_cat&post=2280"},{"taxonomy":"product_tag","embeddable":true,"href":"https:\/\/www.olfa.mimacdoo.rs\/index.php?rest_route=%2Fwp%2Fv2%2Fproduct_tag&post=2280"}],"curies":[{"name":"wp","href":"https:\/\/api.w.org\/{rel}","templated":true}]}}