{"id":2275,"date":"2022-12-22T15:00:29","date_gmt":"2022-12-22T15:00:29","guid":{"rendered":"https:\/\/www.olfa.mimacdoo.rs\/?post_type=product&#038;p=2275"},"modified":"2024-10-29T13:04:56","modified_gmt":"2024-10-29T13:04:56","slug":"scr-l-stugac","status":"publish","type":"product","link":"https:\/\/www.olfa.mimacdoo.rs\/?product=scr-l-stugac","title":{"rendered":"SCR-L STUGA\u010c"},"content":{"rendered":"<p><strong>SCR-L<\/strong><\/p>\n<p>OLFA SCR-L vi\u0161enamenski struga\u010d dolazi opremljen izuzetnom o\u0161tricom od ner\u0111aju\u0107eg \u010delika kako bi se izbegla r\u0111a i odr\u017eala fina ivica za struganje. Dr\u0161ka je napravljena od izdr\u017eljive ABS plastike koja je otporna na aceton za lako \u010di\u0161\u0107enje. Oblikovani \u017elebovi na dr\u0161ci pru\u017eaju teksturu za \u010dvrsto prianjanje i dodatnu kontrolu. No\u017ei\u0107 od ner\u0111aju\u0107eg \u010delika je relativno mek\u0161i i otporniji na r\u0111u, \u0161to ga \u010dini pogodnim za rad oko vode i \u010di\u0161\u0107enje staklenih povr\u0161ina. Cela dr\u0161ka i se\u010divo su izdra\u0111eni zajedno iz jednodelnog kalupa i mogu se oprati vodom.<\/p>\n<p>Ovaj model se isporu\u010duje sa jednostrano nao\u0161trenim srebrnim no\u017ei\u0107em \u0161irine 60 mm, napravljenim od vrhunskog ner\u0111aju\u0107eg \u010delika. Za\u0161titini poklopac se\u010diva je uklju\u010den, za bezbedno odlaganje struga\u010da kada se ne koristi. Ovaj struga\u010d za jednokratnu upotrebu pogodan je za \u010di\u0161\u0107enje staklenih povr\u0161ina, lju\u0161tenje i struganje boje, r\u0111e, nalepnica i jo\u0161 mnogo toga.<\/p>\n","protected":false},"excerpt":{"rendered":"<p>\u2022 Struga\u010d za staklene povr\u0161ine<br \/>\n\u2022 Telo od ABS plastike<br \/>\n\u2022 No\u017ei\u0107 od ner\u0111aju\u0107eg \u010delika<br \/>\n\u2022 Za levoruke i desnoruke<br \/>\n\u2022 Otporan na aceton<br \/>\n\u2022 <strong>Made in Japan<\/strong><\/p>\n","protected":false},"featured_media":3617,"template":"","meta":{"_uag_custom_page_level_css":"","site-sidebar-layout":"default","site-content-layout":"default","ast-site-content-layout":"default","site-content-style":"default","site-sidebar-style":"default","ast-global-header-display":"","ast-banner-title-visibility":"","ast-main-header-display":"","ast-hfb-above-header-display":"","ast-hfb-below-header-display":"","ast-hfb-mobile-header-display":"","site-post-title":"","ast-breadcrumbs-content":"","ast-featured-img":"","footer-sml-layout":"","theme-transparent-header-meta":"default","adv-header-id-meta":"","stick-header-meta":"","header-above-stick-meta":"","header-main-stick-meta":"","header-below-stick-meta":"","astra-migrate-meta-layouts":"set","ast-page-background-enabled":"default","ast-page-background-meta":{"desktop":{"background-color":"","background-image":"","background-repeat":"repeat","background-position":"center center","background-size":"auto","background-attachment":"scroll","background-type":"","background-media":"","overlay-type":"","overlay-color":"","overlay-opacity":"","overlay-gradient":""},"tablet":{"background-color":"","background-image":"","background-repeat":"repeat","background-position":"center center","background-size":"auto","background-attachment":"scroll","background-type":"","background-media":"","overlay-type":"","overlay-color":"","overlay-opacity":"","overlay-gradient":""},"mobile":{"background-color":"","background-image":"","background-repeat":"repeat","background-position":"center center","background-size":"auto","background-attachment":"scroll","background-type":"","background-media":"","overlay-type":"","overlay-color":"","overlay-opacity":"","overlay-gradient":""}},"ast-content-background-meta":{"desktop":{"background-color":"var(--ast-global-color-5)","background-image":"","background-repeat":"repeat","background-position":"center center","background-size":"auto","background-attachment":"scroll","background-type":"","background-media":"","overlay-type":"","overlay-color":"","overlay-opacity":"","overlay-gradient":""},"tablet":{"background-color":"var(--ast-global-color-5)","background-image":"","background-repeat":"repeat","background-position":"center center","background-size":"auto","background-attachment":"scroll","background-type":"","background-media":"","overlay-type":"","overlay-color":"","overlay-opacity":"","overlay-gradient":""},"mobile":{"background-color":"var(--ast-global-color-5)","background-image":"","background-repeat":"repeat","background-position":"center center","background-size":"auto","background-attachment":"scroll","background-type":"","background-media":"","overlay-type":"","overlay-color":"","overlay-opacity":"","overlay-gradient":""}}},"product_brand":[],"product_cat":[49],"product_tag":[],"class_list":{"0":"post-2275","1":"product","2":"type-product","3":"status-publish","4":"has-post-thumbnail","6":"product_cat-strugaci","7":"desktop-align-left","8":"tablet-align-left","9":"mobile-align-left","11":"first","12":"instock","13":"shipping-taxable","14":"product-type-simple"},"uagb_featured_image_src":{"full":["https:\/\/www.olfa.mimacdoo.rs\/wp-content\/uploads\/2022\/12\/SCR-L.jpg",640,640,false],"thumbnail":["https:\/\/www.olfa.mimacdoo.rs\/wp-content\/uploads\/2022\/12\/SCR-L-150x150.jpg",150,150,true],"medium":["https:\/\/www.olfa.mimacdoo.rs\/wp-content\/uploads\/2022\/12\/SCR-L-300x300.jpg",300,300,true],"medium_large":["https:\/\/www.olfa.mimacdoo.rs\/wp-content\/uploads\/2022\/12\/SCR-L.jpg",640,640,false],"large":["https:\/\/www.olfa.mimacdoo.rs\/wp-content\/uploads\/2022\/12\/SCR-L.jpg",640,640,false],"1536x1536":["https:\/\/www.olfa.mimacdoo.rs\/wp-content\/uploads\/2022\/12\/SCR-L.jpg",640,640,false],"2048x2048":["https:\/\/www.olfa.mimacdoo.rs\/wp-content\/uploads\/2022\/12\/SCR-L.jpg",640,640,false],"trp-custom-language-flag":["https:\/\/www.olfa.mimacdoo.rs\/wp-content\/uploads\/2022\/12\/SCR-L-12x12.jpg",12,12,true],"woocommerce_thumbnail":["https:\/\/www.olfa.mimacdoo.rs\/wp-content\/uploads\/2022\/12\/SCR-L-300x300.jpg",300,300,true],"woocommerce_single":["https:\/\/www.olfa.mimacdoo.rs\/wp-content\/uploads\/2022\/12\/SCR-L-600x600.jpg",600,600,true],"woocommerce_gallery_thumbnail":["https:\/\/www.olfa.mimacdoo.rs\/wp-content\/uploads\/2022\/12\/SCR-L-100x100.jpg",100,100,true]},"uagb_author_info":{"display_name":"mimacdoo","author_link":"https:\/\/www.olfa.mimacdoo.rs\/?author=0"},"uagb_comment_info":0,"uagb_excerpt":"\u2022 Struga\u010d za staklene povr\u0161ine \u2022 Telo od ABS plastike \u2022 No\u017ei\u0107 od ner\u0111aju\u0107eg \u010delika \u2022 Za levoruke i desnoruke \u2022 Otporan na aceton \u2022 Made in Japan","_links":{"self":[{"href":"https:\/\/www.olfa.mimacdoo.rs\/index.php?rest_route=\/wp\/v2\/product\/2275","targetHints":{"allow":["GET"]}}],"collection":[{"href":"https:\/\/www.olfa.mimacdoo.rs\/index.php?rest_route=\/wp\/v2\/product"}],"about":[{"href":"https:\/\/www.olfa.mimacdoo.rs\/index.php?rest_route=\/wp\/v2\/types\/product"}],"wp:featuredmedia":[{"embeddable":true,"href":"https:\/\/www.olfa.mimacdoo.rs\/index.php?rest_route=\/wp\/v2\/media\/3617"}],"wp:attachment":[{"href":"https:\/\/www.olfa.mimacdoo.rs\/index.php?rest_route=%2Fwp%2Fv2%2Fmedia&parent=2275"}],"wp:term":[{"taxonomy":"product_brand","embeddable":true,"href":"https:\/\/www.olfa.mimacdoo.rs\/index.php?rest_route=%2Fwp%2Fv2%2Fproduct_brand&post=2275"},{"taxonomy":"product_cat","embeddable":true,"href":"https:\/\/www.olfa.mimacdoo.rs\/index.php?rest_route=%2Fwp%2Fv2%2Fproduct_cat&post=2275"},{"taxonomy":"product_tag","embeddable":true,"href":"https:\/\/www.olfa.mimacdoo.rs\/index.php?rest_route=%2Fwp%2Fv2%2Fproduct_tag&post=2275"}],"curies":[{"name":"wp","href":"https:\/\/api.w.org\/{rel}","templated":true}]}}