{"id":2248,"date":"2022-12-22T14:24:28","date_gmt":"2022-12-22T14:24:28","guid":{"rendered":"https:\/\/www.olfa.mimacdoo.rs\/?post_type=product&#038;p=2248"},"modified":"2024-09-12T10:35:02","modified_gmt":"2024-09-12T10:35:02","slug":"scs-2-makaze","status":"publish","type":"product","link":"https:\/\/www.olfa.mimacdoo.rs\/?product=scs-2-makaze","title":{"rendered":"SCS-2 MAKAZE"},"content":{"rendered":"<p><strong>SCS-2<\/strong><\/p>\n<p>Kada treba da se\u010dete \u010dvrste industrijske materijale uz zadr\u017eavanje preciznosti, izaberite OLFA SCS-2 makaze veli\u010dine 172mm od ner\u0111aju\u0107eg \u010delika sa nazubljenom ivicom za precizne rezultate. Proizvedene od visokokvalitetnog ner\u0111aju\u0107eg \u010delika otpornog na r\u0111u i koroziju, ove profesionalne makaze su veoma o\u0161tre i dugotrajne. Nazubljeno se\u010divo \u010dvtsto dr\u017ei predmet koji se se\u010de, za precizno i sna\u017eno se\u010denje. Dizajnirane od izdr\u017eljive i lagane ABS plastike, simetri\u010dna ru\u010dka omogu\u0107ava precizno se\u010denje i desnom i levom rukom. Polutupi vrh se\u010diva dodaje dodatni nivo sigurnosti.<\/p>\n<p>Osigurane \u010dvrstom zakovicom od ner\u0111aju\u0107eg \u010delika, ove makaze pru\u017eaju industrijsku snagu se\u010denja, \u010dak i kada su u pitanju ja\u010di materijali kao \u0161to su fiberglas, aluminijum, linoleum ili kevlar. O\u0161trice su nazubljene da precizno seku \u010dak i klizave materijale kao \u0161to su film i vinil. Takodje, pogodne su za se\u010denje najlona, ko\u017ee, tkanine, tekstila, papira, gume&#8230;<\/p>\n","protected":false},"excerpt":{"rendered":"<p>\u2022 Dizajn se\u010diva od ner\u0111aju\u0107eg \u010delika<br \/>\n\u2022 Nao\u0161trene do vrha radi preciznosti<br \/>\n\u2022 Simetri\u010dan dizajn ze levoruke i desnoruke<br \/>\n\u2022 Se\u010divo sa nazubljenom ivicom spre\u010dava klizanje tokom se\u010denja<br \/>\n\u2022 Telo od ABS plastike<br \/>\n\u2022 <strong>Made in Japan<\/strong><\/p>\n","protected":false},"featured_media":3409,"template":"","meta":{"_uag_custom_page_level_css":"","site-sidebar-layout":"default","site-content-layout":"default","ast-site-content-layout":"default","site-content-style":"default","site-sidebar-style":"default","ast-global-header-display":"","ast-banner-title-visibility":"","ast-main-header-display":"","ast-hfb-above-header-display":"","ast-hfb-below-header-display":"","ast-hfb-mobile-header-display":"","site-post-title":"","ast-breadcrumbs-content":"","ast-featured-img":"","footer-sml-layout":"","theme-transparent-header-meta":"default","adv-header-id-meta":"","stick-header-meta":"","header-above-stick-meta":"","header-main-stick-meta":"","header-below-stick-meta":"","astra-migrate-meta-layouts":"set","ast-page-background-enabled":"default","ast-page-background-meta":{"desktop":{"background-color":"","background-image":"","background-repeat":"repeat","background-position":"center center","background-size":"auto","background-attachment":"scroll","background-type":"","background-media":"","overlay-type":"","overlay-color":"","overlay-opacity":"","overlay-gradient":""},"tablet":{"background-color":"","background-image":"","background-repeat":"repeat","background-position":"center center","background-size":"auto","background-attachment":"scroll","background-type":"","background-media":"","overlay-type":"","overlay-color":"","overlay-opacity":"","overlay-gradient":""},"mobile":{"background-color":"","background-image":"","background-repeat":"repeat","background-position":"center center","background-size":"auto","background-attachment":"scroll","background-type":"","background-media":"","overlay-type":"","overlay-color":"","overlay-opacity":"","overlay-gradient":""}},"ast-content-background-meta":{"desktop":{"background-color":"var(--ast-global-color-5)","background-image":"","background-repeat":"repeat","background-position":"center center","background-size":"auto","background-attachment":"scroll","background-type":"","background-media":"","overlay-type":"","overlay-color":"","overlay-opacity":"","overlay-gradient":""},"tablet":{"background-color":"var(--ast-global-color-5)","background-image":"","background-repeat":"repeat","background-position":"center center","background-size":"auto","background-attachment":"scroll","background-type":"","background-media":"","overlay-type":"","overlay-color":"","overlay-opacity":"","overlay-gradient":""},"mobile":{"background-color":"var(--ast-global-color-5)","background-image":"","background-repeat":"repeat","background-position":"center center","background-size":"auto","background-attachment":"scroll","background-type":"","background-media":"","overlay-type":"","overlay-color":"","overlay-opacity":"","overlay-gradient":""}}},"product_brand":[],"product_cat":[52],"product_tag":[],"class_list":{"0":"post-2248","1":"product","2":"type-product","3":"status-publish","4":"has-post-thumbnail","6":"product_cat-makaze","7":"desktop-align-left","8":"tablet-align-left","9":"mobile-align-left","11":"first","12":"instock","13":"shipping-taxable","14":"product-type-simple"},"uagb_featured_image_src":{"full":["https:\/\/www.olfa.mimacdoo.rs\/wp-content\/uploads\/2022\/12\/SCS-2.jpg",640,640,false],"thumbnail":["https:\/\/www.olfa.mimacdoo.rs\/wp-content\/uploads\/2022\/12\/SCS-2-150x150.jpg",150,150,true],"medium":["https:\/\/www.olfa.mimacdoo.rs\/wp-content\/uploads\/2022\/12\/SCS-2-300x300.jpg",300,300,true],"medium_large":["https:\/\/www.olfa.mimacdoo.rs\/wp-content\/uploads\/2022\/12\/SCS-2.jpg",640,640,false],"large":["https:\/\/www.olfa.mimacdoo.rs\/wp-content\/uploads\/2022\/12\/SCS-2.jpg",640,640,false],"1536x1536":["https:\/\/www.olfa.mimacdoo.rs\/wp-content\/uploads\/2022\/12\/SCS-2.jpg",640,640,false],"2048x2048":["https:\/\/www.olfa.mimacdoo.rs\/wp-content\/uploads\/2022\/12\/SCS-2.jpg",640,640,false],"trp-custom-language-flag":["https:\/\/www.olfa.mimacdoo.rs\/wp-content\/uploads\/2022\/12\/SCS-2-12x12.jpg",12,12,true],"woocommerce_thumbnail":["https:\/\/www.olfa.mimacdoo.rs\/wp-content\/uploads\/2022\/12\/SCS-2-300x300.jpg",300,300,true],"woocommerce_single":["https:\/\/www.olfa.mimacdoo.rs\/wp-content\/uploads\/2022\/12\/SCS-2-600x600.jpg",600,600,true],"woocommerce_gallery_thumbnail":["https:\/\/www.olfa.mimacdoo.rs\/wp-content\/uploads\/2022\/12\/SCS-2-100x100.jpg",100,100,true]},"uagb_author_info":{"display_name":"mimacdoo","author_link":"https:\/\/www.olfa.mimacdoo.rs\/?author=0"},"uagb_comment_info":0,"uagb_excerpt":"\u2022 Dizajn se\u010diva od ner\u0111aju\u0107eg \u010delika \u2022 Nao\u0161trene do vrha radi preciznosti \u2022 Simetri\u010dan dizajn ze levoruke i desnoruke \u2022 Se\u010divo sa nazubljenom ivicom spre\u010dava klizanje tokom se\u010denja \u2022 Telo od ABS plastike \u2022 Made in Japan","_links":{"self":[{"href":"https:\/\/www.olfa.mimacdoo.rs\/index.php?rest_route=\/wp\/v2\/product\/2248","targetHints":{"allow":["GET"]}}],"collection":[{"href":"https:\/\/www.olfa.mimacdoo.rs\/index.php?rest_route=\/wp\/v2\/product"}],"about":[{"href":"https:\/\/www.olfa.mimacdoo.rs\/index.php?rest_route=\/wp\/v2\/types\/product"}],"wp:featuredmedia":[{"embeddable":true,"href":"https:\/\/www.olfa.mimacdoo.rs\/index.php?rest_route=\/wp\/v2\/media\/3409"}],"wp:attachment":[{"href":"https:\/\/www.olfa.mimacdoo.rs\/index.php?rest_route=%2Fwp%2Fv2%2Fmedia&parent=2248"}],"wp:term":[{"taxonomy":"product_brand","embeddable":true,"href":"https:\/\/www.olfa.mimacdoo.rs\/index.php?rest_route=%2Fwp%2Fv2%2Fproduct_brand&post=2248"},{"taxonomy":"product_cat","embeddable":true,"href":"https:\/\/www.olfa.mimacdoo.rs\/index.php?rest_route=%2Fwp%2Fv2%2Fproduct_cat&post=2248"},{"taxonomy":"product_tag","embeddable":true,"href":"https:\/\/www.olfa.mimacdoo.rs\/index.php?rest_route=%2Fwp%2Fv2%2Fproduct_tag&post=2248"}],"curies":[{"name":"wp","href":"https:\/\/api.w.org\/{rel}","templated":true}]}}