{"id":2203,"date":"2022-12-22T13:33:07","date_gmt":"2022-12-22T13:33:07","guid":{"rendered":"https:\/\/www.olfa.mimacdoo.rs\/?post_type=product&#038;p=2203"},"modified":"2024-10-29T12:43:27","modified_gmt":"2024-10-29T12:43:27","slug":"sk-4-skalpel","status":"publish","type":"product","link":"https:\/\/www.olfa.mimacdoo.rs\/?product=sk-4-skalpel","title":{"rendered":"SK-4 SKALPEL"},"content":{"rendered":"<p><strong>SK-4<\/strong><\/p>\n<p>OLFA SK-4 poluautomatski samou<span style=\"font-size: 16px;\">vla\u010de\u0107i<\/span><span style=\"font-size: 16px;\">\u00a0sigurnosni skalpel je idealan za one koji tra\u017ee precizno se\u010denje sa vrhunskim sigurnosnim karakteristikama. Se\u010divo se aktivira oprugom i povla\u010di kada se podigne sa povr\u0161ine koja se se\u010de, minimiziraju\u0107i nezgode i ne\u017eeljene posekotine. Sna\u017ena opruga od ner\u0111aju\u0107eg \u010delika obezbe\u0111uje<\/span><span style=\"font-size: 16px;\">\u00a0zategnutost se\u010diva pri svakom rezu. Izdr\u017eljivo telo od ABS plastike ima tektsturirani dizajn za udoban, neklizaju\u0107i hvat. \u010cvsti potporni kanal od ner\u0111aju\u0107eg \u010delika se prote\u017ee du\u017e cele dr\u0161ke kako bi podr\u017eao no\u017ei\u0107 za te\u0161ka se\u010denja.<\/span><\/p>\n<p>Model SK-4 je dobio oznaku <strong>GS<\/strong> <em>(Gepr\u00fcfte Sicherheit)<\/em>, koja potvr\u0111uje da ispunjava standarde kvaliteta i bezbednosti postavljene nema\u010dkim Zakonom o bezbednosti proizvoda.<\/p>\n<p><img fetchpriority=\"high\" class=\"alignnone wp-image-3083\" src=\"https:\/\/www.olfa.mimacdoo.rs\/wp-content\/uploads\/2022\/12\/gsmark-2-300x105.jpg\" alt=\"\" width=\"469\" height=\"163\" srcset=\"https:\/\/www.olfa.mimacdoo.rs\/wp-content\/uploads\/2022\/12\/gsmark-2-300x105.jpg 300w, https:\/\/www.olfa.mimacdoo.rs\/wp-content\/uploads\/2022\/12\/gsmark-2-1024x357.jpg 1024w, https:\/\/www.olfa.mimacdoo.rs\/wp-content\/uploads\/2022\/12\/gsmark-2-768x268.jpg 768w, https:\/\/www.olfa.mimacdoo.rs\/wp-content\/uploads\/2022\/12\/gsmark-2-18x6.jpg 18w, https:\/\/www.olfa.mimacdoo.rs\/wp-content\/uploads\/2022\/12\/gsmark-2-600x209.jpg 600w, https:\/\/www.olfa.mimacdoo.rs\/wp-content\/uploads\/2022\/12\/gsmark-2.jpg 1200w\" sizes=\"(max-width: 469px) 100vw, 469px\" \/><\/p>\n<p>Ovaj model se isporu\u010duje sa o\u0161trim trapezoidnim no\u017ei\u0107em sa dve ivice. Jednostavno okretanje no\u017ei\u0107a \u010dini alat pogodnim za levoruke i desnoruke. Promena no\u017ei\u0107a je jednostavna i bez dodatnih alata.<\/p>\n<p>Koristi rezervene no\u017ei\u0107e <a href=\"https:\/\/www.olfa.mimacdoo.rs\/?product=skb-2-nozici\">SKB-2<\/a>, <a href=\"https:\/\/www.olfa.mimacdoo.rs\/?product=skb-2s-nozici\">SKB-2S<\/a>, <a href=\"https:\/\/www.olfa.mimacdoo.rs\/?product=rskb-2-nozici\">RSKB-2<\/a> i <a href=\"https:\/\/www.olfa.mimacdoo.rs\/?product=hob-2-nozici\">HOB-2<\/a> serije.<\/p>\n<div class=\"ast-oembed-container \" style=\"height: 100%;\"><iframe title=\"SK-4 \/ OLFA Safety Models\" width=\"500\" height=\"281\" src=\"https:\/\/www.youtube.com\/embed\/SVc8xk8acEE?feature=oembed\" frameborder=\"0\" allow=\"accelerometer; autoplay; clipboard-write; encrypted-media; gyroscope; picture-in-picture; web-share\" referrerpolicy=\"strict-origin-when-cross-origin\" allowfullscreen><\/iframe><\/div>\n","protected":false},"excerpt":{"rendered":"<p>\u2022 OLFA model iz serije Sigurnosnih skalpela<br \/>\n\u2022 Veoma laka zamena dotrajalog no\u017ei\u0107a<br \/>\n\u2022 Za levoruke i desnoruke<br \/>\n\u2022 GS certifikat<br \/>\n\u2022 Kanal od ner\u0111aju\u0107eg \u010delika<br \/>\n\u2022 <strong>Made in Japan<\/strong><\/p>\n","protected":false},"featured_media":3494,"template":"","meta":{"_uag_custom_page_level_css":"","site-sidebar-layout":"default","site-content-layout":"default","ast-site-content-layout":"default","site-content-style":"default","site-sidebar-style":"default","ast-global-header-display":"","ast-banner-title-visibility":"","ast-main-header-display":"","ast-hfb-above-header-display":"","ast-hfb-below-header-display":"","ast-hfb-mobile-header-display":"","site-post-title":"","ast-breadcrumbs-content":"","ast-featured-img":"","footer-sml-layout":"","theme-transparent-header-meta":"default","adv-header-id-meta":"","stick-header-meta":"","header-above-stick-meta":"","header-main-stick-meta":"","header-below-stick-meta":"","astra-migrate-meta-layouts":"set","ast-page-background-enabled":"default","ast-page-background-meta":{"desktop":{"background-color":"","background-image":"","background-repeat":"repeat","background-position":"center center","background-size":"auto","background-attachment":"scroll","background-type":"","background-media":"","overlay-type":"","overlay-color":"","overlay-opacity":"","overlay-gradient":""},"tablet":{"background-color":"","background-image":"","background-repeat":"repeat","background-position":"center center","background-size":"auto","background-attachment":"scroll","background-type":"","background-media":"","overlay-type":"","overlay-color":"","overlay-opacity":"","overlay-gradient":""},"mobile":{"background-color":"","background-image":"","background-repeat":"repeat","background-position":"center center","background-size":"auto","background-attachment":"scroll","background-type":"","background-media":"","overlay-type":"","overlay-color":"","overlay-opacity":"","overlay-gradient":""}},"ast-content-background-meta":{"desktop":{"background-color":"var(--ast-global-color-5)","background-image":"","background-repeat":"repeat","background-position":"center center","background-size":"auto","background-attachment":"scroll","background-type":"","background-media":"","overlay-type":"","overlay-color":"","overlay-opacity":"","overlay-gradient":""},"tablet":{"background-color":"var(--ast-global-color-5)","background-image":"","background-repeat":"repeat","background-position":"center center","background-size":"auto","background-attachment":"scroll","background-type":"","background-media":"","overlay-type":"","overlay-color":"","overlay-opacity":"","overlay-gradient":""},"mobile":{"background-color":"var(--ast-global-color-5)","background-image":"","background-repeat":"repeat","background-position":"center center","background-size":"auto","background-attachment":"scroll","background-type":"","background-media":"","overlay-type":"","overlay-color":"","overlay-opacity":"","overlay-gradient":""}}},"product_brand":[],"product_cat":[44],"product_tag":[],"class_list":{"0":"post-2203","1":"product","2":"type-product","3":"status-publish","4":"has-post-thumbnail","6":"product_cat-sigurnosni-skalpeli","7":"desktop-align-left","8":"tablet-align-left","9":"mobile-align-left","11":"first","12":"instock","13":"shipping-taxable","14":"product-type-simple"},"uagb_featured_image_src":{"full":["https:\/\/www.olfa.mimacdoo.rs\/wp-content\/uploads\/2022\/12\/SK-4.jpg",640,640,false],"thumbnail":["https:\/\/www.olfa.mimacdoo.rs\/wp-content\/uploads\/2022\/12\/SK-4-150x150.jpg",150,150,true],"medium":["https:\/\/www.olfa.mimacdoo.rs\/wp-content\/uploads\/2022\/12\/SK-4-300x300.jpg",300,300,true],"medium_large":["https:\/\/www.olfa.mimacdoo.rs\/wp-content\/uploads\/2022\/12\/SK-4.jpg",640,640,false],"large":["https:\/\/www.olfa.mimacdoo.rs\/wp-content\/uploads\/2022\/12\/SK-4.jpg",640,640,false],"1536x1536":["https:\/\/www.olfa.mimacdoo.rs\/wp-content\/uploads\/2022\/12\/SK-4.jpg",640,640,false],"2048x2048":["https:\/\/www.olfa.mimacdoo.rs\/wp-content\/uploads\/2022\/12\/SK-4.jpg",640,640,false],"trp-custom-language-flag":["https:\/\/www.olfa.mimacdoo.rs\/wp-content\/uploads\/2022\/12\/SK-4-12x12.jpg",12,12,true],"woocommerce_thumbnail":["https:\/\/www.olfa.mimacdoo.rs\/wp-content\/uploads\/2022\/12\/SK-4-300x300.jpg",300,300,true],"woocommerce_single":["https:\/\/www.olfa.mimacdoo.rs\/wp-content\/uploads\/2022\/12\/SK-4-600x600.jpg",600,600,true],"woocommerce_gallery_thumbnail":["https:\/\/www.olfa.mimacdoo.rs\/wp-content\/uploads\/2022\/12\/SK-4-100x100.jpg",100,100,true]},"uagb_author_info":{"display_name":"mimacdoo","author_link":"https:\/\/www.olfa.mimacdoo.rs\/?author=0"},"uagb_comment_info":0,"uagb_excerpt":"\u2022 OLFA model iz serije Sigurnosnih skalpela \u2022 Veoma laka zamena dotrajalog no\u017ei\u0107a \u2022 Za levoruke i desnoruke \u2022 GS certifikat \u2022 Kanal od ner\u0111aju\u0107eg \u010delika \u2022 Made in Japan","_links":{"self":[{"href":"https:\/\/www.olfa.mimacdoo.rs\/index.php?rest_route=\/wp\/v2\/product\/2203","targetHints":{"allow":["GET"]}}],"collection":[{"href":"https:\/\/www.olfa.mimacdoo.rs\/index.php?rest_route=\/wp\/v2\/product"}],"about":[{"href":"https:\/\/www.olfa.mimacdoo.rs\/index.php?rest_route=\/wp\/v2\/types\/product"}],"wp:featuredmedia":[{"embeddable":true,"href":"https:\/\/www.olfa.mimacdoo.rs\/index.php?rest_route=\/wp\/v2\/media\/3494"}],"wp:attachment":[{"href":"https:\/\/www.olfa.mimacdoo.rs\/index.php?rest_route=%2Fwp%2Fv2%2Fmedia&parent=2203"}],"wp:term":[{"taxonomy":"product_brand","embeddable":true,"href":"https:\/\/www.olfa.mimacdoo.rs\/index.php?rest_route=%2Fwp%2Fv2%2Fproduct_brand&post=2203"},{"taxonomy":"product_cat","embeddable":true,"href":"https:\/\/www.olfa.mimacdoo.rs\/index.php?rest_route=%2Fwp%2Fv2%2Fproduct_cat&post=2203"},{"taxonomy":"product_tag","embeddable":true,"href":"https:\/\/www.olfa.mimacdoo.rs\/index.php?rest_route=%2Fwp%2Fv2%2Fproduct_tag&post=2203"}],"curies":[{"name":"wp","href":"https:\/\/api.w.org\/{rel}","templated":true}]}}