{"id":2190,"date":"2022-12-22T13:13:00","date_gmt":"2022-12-22T13:13:00","guid":{"rendered":"https:\/\/www.olfa.mimacdoo.rs\/?post_type=product&#038;p=2190"},"modified":"2024-10-29T12:44:20","modified_gmt":"2024-10-29T12:44:20","slug":"sk-7-skalpel","status":"publish","type":"product","link":"https:\/\/www.olfa.mimacdoo.rs\/?product=sk-7-skalpel","title":{"rendered":"SK-7 SKALPEL"},"content":{"rendered":"<p><strong>SK-7<\/strong><\/p>\n<p>Mali, lagan i bezbedan za no\u0161enje u d\u017eepu, OLFA SK-7 poluautomatski kompaktni samouvla\u010de\u0107i sigurnosni skalpel je svestrana i prakti\u010dna opcija za otpakivanje paleta i kutija, isecanje trake, stre\u010d folije i jo\u0161 mnogo toga. Se\u010divo se aktivira oprugom i povla\u010di kada se podigne sa povr\u0161ine koja se se\u010de, minimiziraju\u0107i nezgode i ne\u017eeljene posekotine. Kompaktno, izdr\u017eljivo ABS telo je napravljeno od 100% recikliranih materijala. \u010cvsti potporni kanal od ner\u0111aju\u0107eg \u010delika se prote\u017ee du\u017e cele dr\u0161ke kako bi podr\u017eao no\u017ei\u0107 za te\u0161ka se\u010denja.<\/p>\n<p>Model SK-7 je dobio oznaku <strong>GS<\/strong> <em>(Gepr\u00fcfte Sicherheit)<\/em>, koja potvr\u0111uje da ispunjava standarde kvaliteta i bezbednosti postavljene nema\u010dkim Zakonom o bezbednosti proizvoda.<\/p>\n<p><img fetchpriority=\"high\" class=\"alignnone wp-image-3083\" src=\"https:\/\/www.olfa.mimacdoo.rs\/wp-content\/uploads\/2022\/12\/gsmark-2-300x105.jpg\" alt=\"\" width=\"469\" height=\"163\" srcset=\"https:\/\/www.olfa.mimacdoo.rs\/wp-content\/uploads\/2022\/12\/gsmark-2-300x105.jpg 300w, https:\/\/www.olfa.mimacdoo.rs\/wp-content\/uploads\/2022\/12\/gsmark-2-1024x357.jpg 1024w, https:\/\/www.olfa.mimacdoo.rs\/wp-content\/uploads\/2022\/12\/gsmark-2-768x268.jpg 768w, https:\/\/www.olfa.mimacdoo.rs\/wp-content\/uploads\/2022\/12\/gsmark-2-18x6.jpg 18w, https:\/\/www.olfa.mimacdoo.rs\/wp-content\/uploads\/2022\/12\/gsmark-2-600x209.jpg 600w, https:\/\/www.olfa.mimacdoo.rs\/wp-content\/uploads\/2022\/12\/gsmark-2.jpg 1200w\" sizes=\"(max-width: 469px) 100vw, 469px\" \/><\/p>\n<p>Ovaj model se isporu\u010duje sa o\u0161trim pravougaonim no\u017ei\u0107em od 90 stepeni specijalno dizajniranim za ovaj skalpel. Kao i kod drugih modela, jedan no\u017ei\u0107 daje korisnicima 2 ivice za se\u010denje. Jednostavna promena smera no\u017ei\u0107a \u010dini alat pogodnim za levoruke i desnoruke. Promena no\u017ei\u0107a je jednostavna i bez dodatnih alata.<\/p>\n<p>Koristi rezervene no\u017ei\u0107e <a href=\"https:\/\/www.olfa.mimacdoo.rs\/?product=skb-7-nozici\">SKB-7<\/a> serije.<\/p>\n<div class=\"ast-oembed-container \" style=\"height: 100%;\"><iframe title=\"SK-7 with NO CAPTION \/ OLFA Safety Models\" width=\"500\" height=\"281\" src=\"https:\/\/www.youtube.com\/embed\/8a9n7aXXa3Y?feature=oembed\" frameborder=\"0\" allow=\"accelerometer; autoplay; clipboard-write; encrypted-media; gyroscope; picture-in-picture; web-share\" referrerpolicy=\"strict-origin-when-cross-origin\" allowfullscreen><\/iframe><\/div>\n","protected":false},"excerpt":{"rendered":"<p>\u2022 OLFA model iz serije Sigurnosnih skalpela<br \/>\n\u2022 Veoma laka zamena dotrajalog no\u017ei\u0107a<br \/>\n\u2022 Za levoruke i desnoruke<br \/>\n\u2022 GS certifikat<br \/>\n\u2022 Kanal od ner\u0111aju\u0107eg \u010delika<br \/>\n\u2022 <strong>Made in Japan<\/strong><\/p>\n","protected":false},"featured_media":3509,"template":"","meta":{"_uag_custom_page_level_css":"","site-sidebar-layout":"default","site-content-layout":"default","ast-site-content-layout":"default","site-content-style":"default","site-sidebar-style":"default","ast-global-header-display":"","ast-banner-title-visibility":"","ast-main-header-display":"","ast-hfb-above-header-display":"","ast-hfb-below-header-display":"","ast-hfb-mobile-header-display":"","site-post-title":"","ast-breadcrumbs-content":"","ast-featured-img":"","footer-sml-layout":"","theme-transparent-header-meta":"default","adv-header-id-meta":"","stick-header-meta":"","header-above-stick-meta":"","header-main-stick-meta":"","header-below-stick-meta":"","astra-migrate-meta-layouts":"set","ast-page-background-enabled":"default","ast-page-background-meta":{"desktop":{"background-color":"","background-image":"","background-repeat":"repeat","background-position":"center center","background-size":"auto","background-attachment":"scroll","background-type":"","background-media":"","overlay-type":"","overlay-color":"","overlay-opacity":"","overlay-gradient":""},"tablet":{"background-color":"","background-image":"","background-repeat":"repeat","background-position":"center center","background-size":"auto","background-attachment":"scroll","background-type":"","background-media":"","overlay-type":"","overlay-color":"","overlay-opacity":"","overlay-gradient":""},"mobile":{"background-color":"","background-image":"","background-repeat":"repeat","background-position":"center center","background-size":"auto","background-attachment":"scroll","background-type":"","background-media":"","overlay-type":"","overlay-color":"","overlay-opacity":"","overlay-gradient":""}},"ast-content-background-meta":{"desktop":{"background-color":"var(--ast-global-color-5)","background-image":"","background-repeat":"repeat","background-position":"center center","background-size":"auto","background-attachment":"scroll","background-type":"","background-media":"","overlay-type":"","overlay-color":"","overlay-opacity":"","overlay-gradient":""},"tablet":{"background-color":"var(--ast-global-color-5)","background-image":"","background-repeat":"repeat","background-position":"center center","background-size":"auto","background-attachment":"scroll","background-type":"","background-media":"","overlay-type":"","overlay-color":"","overlay-opacity":"","overlay-gradient":""},"mobile":{"background-color":"var(--ast-global-color-5)","background-image":"","background-repeat":"repeat","background-position":"center center","background-size":"auto","background-attachment":"scroll","background-type":"","background-media":"","overlay-type":"","overlay-color":"","overlay-opacity":"","overlay-gradient":""}}},"product_brand":[],"product_cat":[44],"product_tag":[],"class_list":{"0":"post-2190","1":"product","2":"type-product","3":"status-publish","4":"has-post-thumbnail","6":"product_cat-sigurnosni-skalpeli","7":"desktop-align-left","8":"tablet-align-left","9":"mobile-align-left","11":"first","12":"instock","13":"shipping-taxable","14":"product-type-simple"},"uagb_featured_image_src":{"full":["https:\/\/www.olfa.mimacdoo.rs\/wp-content\/uploads\/2022\/12\/SK-7.jpg",640,640,false],"thumbnail":["https:\/\/www.olfa.mimacdoo.rs\/wp-content\/uploads\/2022\/12\/SK-7-150x150.jpg",150,150,true],"medium":["https:\/\/www.olfa.mimacdoo.rs\/wp-content\/uploads\/2022\/12\/SK-7-300x300.jpg",300,300,true],"medium_large":["https:\/\/www.olfa.mimacdoo.rs\/wp-content\/uploads\/2022\/12\/SK-7.jpg",640,640,false],"large":["https:\/\/www.olfa.mimacdoo.rs\/wp-content\/uploads\/2022\/12\/SK-7.jpg",640,640,false],"1536x1536":["https:\/\/www.olfa.mimacdoo.rs\/wp-content\/uploads\/2022\/12\/SK-7.jpg",640,640,false],"2048x2048":["https:\/\/www.olfa.mimacdoo.rs\/wp-content\/uploads\/2022\/12\/SK-7.jpg",640,640,false],"trp-custom-language-flag":["https:\/\/www.olfa.mimacdoo.rs\/wp-content\/uploads\/2022\/12\/SK-7-12x12.jpg",12,12,true],"woocommerce_thumbnail":["https:\/\/www.olfa.mimacdoo.rs\/wp-content\/uploads\/2022\/12\/SK-7-300x300.jpg",300,300,true],"woocommerce_single":["https:\/\/www.olfa.mimacdoo.rs\/wp-content\/uploads\/2022\/12\/SK-7-600x600.jpg",600,600,true],"woocommerce_gallery_thumbnail":["https:\/\/www.olfa.mimacdoo.rs\/wp-content\/uploads\/2022\/12\/SK-7-100x100.jpg",100,100,true]},"uagb_author_info":{"display_name":"mimacdoo","author_link":"https:\/\/www.olfa.mimacdoo.rs\/?author=0"},"uagb_comment_info":0,"uagb_excerpt":"\u2022 OLFA model iz serije Sigurnosnih skalpela \u2022 Veoma laka zamena dotrajalog no\u017ei\u0107a \u2022 Za levoruke i desnoruke \u2022 GS certifikat \u2022 Kanal od ner\u0111aju\u0107eg \u010delika \u2022 Made in Japan","_links":{"self":[{"href":"https:\/\/www.olfa.mimacdoo.rs\/index.php?rest_route=\/wp\/v2\/product\/2190","targetHints":{"allow":["GET"]}}],"collection":[{"href":"https:\/\/www.olfa.mimacdoo.rs\/index.php?rest_route=\/wp\/v2\/product"}],"about":[{"href":"https:\/\/www.olfa.mimacdoo.rs\/index.php?rest_route=\/wp\/v2\/types\/product"}],"wp:featuredmedia":[{"embeddable":true,"href":"https:\/\/www.olfa.mimacdoo.rs\/index.php?rest_route=\/wp\/v2\/media\/3509"}],"wp:attachment":[{"href":"https:\/\/www.olfa.mimacdoo.rs\/index.php?rest_route=%2Fwp%2Fv2%2Fmedia&parent=2190"}],"wp:term":[{"taxonomy":"product_brand","embeddable":true,"href":"https:\/\/www.olfa.mimacdoo.rs\/index.php?rest_route=%2Fwp%2Fv2%2Fproduct_brand&post=2190"},{"taxonomy":"product_cat","embeddable":true,"href":"https:\/\/www.olfa.mimacdoo.rs\/index.php?rest_route=%2Fwp%2Fv2%2Fproduct_cat&post=2190"},{"taxonomy":"product_tag","embeddable":true,"href":"https:\/\/www.olfa.mimacdoo.rs\/index.php?rest_route=%2Fwp%2Fv2%2Fproduct_tag&post=2190"}],"curies":[{"name":"wp","href":"https:\/\/api.w.org\/{rel}","templated":true}]}}