{"id":2098,"date":"2022-12-22T10:15:29","date_gmt":"2022-12-22T10:15:29","guid":{"rendered":"https:\/\/www.olfa.mimacdoo.rs\/?post_type=product&#038;p=2098"},"modified":"2024-09-12T11:07:33","modified_gmt":"2024-09-12T11:07:33","slug":"rty-2-ns-skalpel","status":"publish","type":"product","link":"https:\/\/www.olfa.mimacdoo.rs\/?product=rty-2-ns-skalpel","title":{"rendered":"RTY-2\/NS SKALPEL"},"content":{"rendered":"<p><strong>RTY-2\/NS<\/strong><\/p>\n<p>OLFA RTY-2\/NS rotacioni skalpel savr\u0161eno kombinuje mo\u0107no se\u010denje sa vrhunskim bezbednosnim karakteristikama. Inovativni podeljeni poklopac na ovom OLFA rotacionom skalpelu omogu\u0107ava da se izlo\u017ei samo jedna ivica se\u010diva. Jednostavno povucite poklopac se\u010diva na izabranu stranu i po\u010dnite da se\u010dete. Druga polovina rotacionog se\u010diva ostaje za\u0161ti\u0107ena radi bezbednosti. Oba \u0161titnika se\u010diva se mogu otvoriti u isto vreme kada vam zatreba puna o\u0161trica.<\/p>\n<p>Deo ru\u010dke je napravljen od elastomerne smole za udoban, neklizaju\u0107i hvat. Ergonomski dizajniran, pogodan za levoruke i desnoruke. Integrisani \u017elebovi za prste za smanjene klizanja.<\/p>\n<p>Preporu\u010duje se za upotrebu sa <a href=\"https:\/\/www.olfa.mimacdoo.rs\/?product_cat=podloge\">OLFA podlogama za se\u010denje<\/a> koje ne o\u0161te\u0107uju no\u017ei\u0107. OLFA se\u010divo od volframovog \u010delika pru\u017ea dugotrajnu o\u0161tru ivicu za \u0161irok spektar projekata. Promena no\u017ei\u0107a je jednostavna i bez dodatnih alata, samo jednim klikom. Namenjen za se\u010denje svih vrsta tkanine, tekstila, ko\u017ee, vune, pamuka, vinila, papira, filma i jo\u0161 mnogo toga.<\/p>\n<p>Koristi rezervne no\u017ei\u0107e <a href=\"https:\/\/www.olfa.mimacdoo.rs\/?product=rb45-nozici\">RB45<\/a> i <a href=\"https:\/\/www.olfa.mimacdoo.rs\/?product=rb45h-nozici\">RB45H<\/a> serije.<\/p>\n<blockquote><p><em>OLFA je 1979. godine izumom rotacionog skalpela, napravila revoluciju u na\u010dinu se\u010denja tkanine i materijala, i time donela mnoge olak\u0161ice i pogodnosti koje nisu mogle da se zamisle u to vreme.<\/em><\/p><\/blockquote>\n<div class=\"ast-oembed-container \" style=\"height: 100%;\"><iframe title=\"OLFA&#039;s 45mm RTY-2\/NS Quick-Change Rotary Cutter\" width=\"500\" height=\"281\" src=\"https:\/\/www.youtube.com\/embed\/WWtgfSThD9E?feature=oembed\" frameborder=\"0\" allow=\"accelerometer; autoplay; clipboard-write; encrypted-media; gyroscope; picture-in-picture; web-share\" referrerpolicy=\"strict-origin-when-cross-origin\" allowfullscreen><\/iframe><\/div>\n","protected":false},"excerpt":{"rendered":"<p>\u2022 Premium rotacioni skalpel \u0161irine 45mm<br \/>\n\u2022 Podeljeni poklopac se\u010diva<br \/>\n\u2022 Veoma laka zamena dotrajalog no\u017ei\u0107a<br \/>\n\u2022 Dolazi sa visokokvalitetnim RB45 no\u017ei\u0107em<br \/>\n\u2022 Dr\u0161ka protiv klizanja<br \/>\n\u2022 Za levoruke i desnoruke<br \/>\n\u2022 <strong>Made in Japan<\/strong><\/p>\n","protected":false},"featured_media":3475,"template":"","meta":{"_uag_custom_page_level_css":"","site-sidebar-layout":"default","site-content-layout":"default","ast-site-content-layout":"default","site-content-style":"default","site-sidebar-style":"default","ast-global-header-display":"","ast-banner-title-visibility":"","ast-main-header-display":"","ast-hfb-above-header-display":"","ast-hfb-below-header-display":"","ast-hfb-mobile-header-display":"","site-post-title":"","ast-breadcrumbs-content":"","ast-featured-img":"","footer-sml-layout":"","theme-transparent-header-meta":"default","adv-header-id-meta":"","stick-header-meta":"","header-above-stick-meta":"","header-main-stick-meta":"","header-below-stick-meta":"","astra-migrate-meta-layouts":"set","ast-page-background-enabled":"default","ast-page-background-meta":{"desktop":{"background-color":"","background-image":"","background-repeat":"repeat","background-position":"center center","background-size":"auto","background-attachment":"scroll","background-type":"","background-media":"","overlay-type":"","overlay-color":"","overlay-opacity":"","overlay-gradient":""},"tablet":{"background-color":"","background-image":"","background-repeat":"repeat","background-position":"center center","background-size":"auto","background-attachment":"scroll","background-type":"","background-media":"","overlay-type":"","overlay-color":"","overlay-opacity":"","overlay-gradient":""},"mobile":{"background-color":"","background-image":"","background-repeat":"repeat","background-position":"center center","background-size":"auto","background-attachment":"scroll","background-type":"","background-media":"","overlay-type":"","overlay-color":"","overlay-opacity":"","overlay-gradient":""}},"ast-content-background-meta":{"desktop":{"background-color":"var(--ast-global-color-5)","background-image":"","background-repeat":"repeat","background-position":"center center","background-size":"auto","background-attachment":"scroll","background-type":"","background-media":"","overlay-type":"","overlay-color":"","overlay-opacity":"","overlay-gradient":""},"tablet":{"background-color":"var(--ast-global-color-5)","background-image":"","background-repeat":"repeat","background-position":"center center","background-size":"auto","background-attachment":"scroll","background-type":"","background-media":"","overlay-type":"","overlay-color":"","overlay-opacity":"","overlay-gradient":""},"mobile":{"background-color":"var(--ast-global-color-5)","background-image":"","background-repeat":"repeat","background-position":"center center","background-size":"auto","background-attachment":"scroll","background-type":"","background-media":"","overlay-type":"","overlay-color":"","overlay-opacity":"","overlay-gradient":""}}},"product_brand":[],"product_cat":[54],"product_tag":[],"class_list":{"0":"post-2098","1":"product","2":"type-product","3":"status-publish","4":"has-post-thumbnail","6":"product_cat-rotacioni-skalpeli","7":"desktop-align-left","8":"tablet-align-left","9":"mobile-align-left","11":"first","12":"instock","13":"shipping-taxable","14":"product-type-simple"},"uagb_featured_image_src":{"full":["https:\/\/www.olfa.mimacdoo.rs\/wp-content\/uploads\/2022\/12\/RTY-2_NS.jpg",640,640,false],"thumbnail":["https:\/\/www.olfa.mimacdoo.rs\/wp-content\/uploads\/2022\/12\/RTY-2_NS-150x150.jpg",150,150,true],"medium":["https:\/\/www.olfa.mimacdoo.rs\/wp-content\/uploads\/2022\/12\/RTY-2_NS-300x300.jpg",300,300,true],"medium_large":["https:\/\/www.olfa.mimacdoo.rs\/wp-content\/uploads\/2022\/12\/RTY-2_NS.jpg",640,640,false],"large":["https:\/\/www.olfa.mimacdoo.rs\/wp-content\/uploads\/2022\/12\/RTY-2_NS.jpg",640,640,false],"1536x1536":["https:\/\/www.olfa.mimacdoo.rs\/wp-content\/uploads\/2022\/12\/RTY-2_NS.jpg",640,640,false],"2048x2048":["https:\/\/www.olfa.mimacdoo.rs\/wp-content\/uploads\/2022\/12\/RTY-2_NS.jpg",640,640,false],"trp-custom-language-flag":["https:\/\/www.olfa.mimacdoo.rs\/wp-content\/uploads\/2022\/12\/RTY-2_NS-12x12.jpg",12,12,true],"woocommerce_thumbnail":["https:\/\/www.olfa.mimacdoo.rs\/wp-content\/uploads\/2022\/12\/RTY-2_NS-300x300.jpg",300,300,true],"woocommerce_single":["https:\/\/www.olfa.mimacdoo.rs\/wp-content\/uploads\/2022\/12\/RTY-2_NS-600x600.jpg",600,600,true],"woocommerce_gallery_thumbnail":["https:\/\/www.olfa.mimacdoo.rs\/wp-content\/uploads\/2022\/12\/RTY-2_NS-100x100.jpg",100,100,true]},"uagb_author_info":{"display_name":"mimacdoo","author_link":"https:\/\/www.olfa.mimacdoo.rs\/?author=0"},"uagb_comment_info":0,"uagb_excerpt":"\u2022 Premium rotacioni skalpel \u0161irine 45mm \u2022 Podeljeni poklopac se\u010diva \u2022 Veoma laka zamena dotrajalog no\u017ei\u0107a \u2022 Dolazi sa visokokvalitetnim RB45 no\u017ei\u0107em \u2022 Dr\u0161ka protiv klizanja \u2022 Za levoruke i desnoruke \u2022 Made in Japan","_links":{"self":[{"href":"https:\/\/www.olfa.mimacdoo.rs\/index.php?rest_route=\/wp\/v2\/product\/2098","targetHints":{"allow":["GET"]}}],"collection":[{"href":"https:\/\/www.olfa.mimacdoo.rs\/index.php?rest_route=\/wp\/v2\/product"}],"about":[{"href":"https:\/\/www.olfa.mimacdoo.rs\/index.php?rest_route=\/wp\/v2\/types\/product"}],"wp:featuredmedia":[{"embeddable":true,"href":"https:\/\/www.olfa.mimacdoo.rs\/index.php?rest_route=\/wp\/v2\/media\/3475"}],"wp:attachment":[{"href":"https:\/\/www.olfa.mimacdoo.rs\/index.php?rest_route=%2Fwp%2Fv2%2Fmedia&parent=2098"}],"wp:term":[{"taxonomy":"product_brand","embeddable":true,"href":"https:\/\/www.olfa.mimacdoo.rs\/index.php?rest_route=%2Fwp%2Fv2%2Fproduct_brand&post=2098"},{"taxonomy":"product_cat","embeddable":true,"href":"https:\/\/www.olfa.mimacdoo.rs\/index.php?rest_route=%2Fwp%2Fv2%2Fproduct_cat&post=2098"},{"taxonomy":"product_tag","embeddable":true,"href":"https:\/\/www.olfa.mimacdoo.rs\/index.php?rest_route=%2Fwp%2Fv2%2Fproduct_tag&post=2098"}],"curies":[{"name":"wp","href":"https:\/\/api.w.org\/{rel}","templated":true}]}}