{"id":2089,"date":"2022-12-22T10:02:27","date_gmt":"2022-12-22T10:02:27","guid":{"rendered":"https:\/\/www.olfa.mimacdoo.rs\/?post_type=product&#038;p=2089"},"modified":"2024-09-12T11:08:02","modified_gmt":"2024-09-12T11:08:02","slug":"rty-4-skalpel","status":"publish","type":"product","link":"https:\/\/www.olfa.mimacdoo.rs\/?product=rty-4-skalpel","title":{"rendered":"RTY-4 SKALPEL"},"content":{"rendered":"<p><strong>RTY-4<\/strong><\/p>\n<p>Najmanji u liniji rotacionih skalpela OLFA RTY-4 opremljen rotiraju\u0107im no\u017ei\u0107em od ner\u0111aju\u0107eg \u010delika pre\u010dnika 18mm, oboga\u0107en je sjajnim karakteristikama. Njegova preciznost i o\u0161trina pomeraju su u uskim uglovima za minijaturne radove. Mo\u017ee se koristiti sa <a href=\"https:\/\/www.olfa.mimacdoo.rs\/?product_cat=lenjiri\">OLFA lenjirom<\/a> za se\u010denje ravnih linija ili slobodno isecanje krivih. Poklopac se\u010diva jednostavno povucite pozadi kako bi otkrili se\u010divo kada se\u010dete i gurnite napred kada se ne koristi, za bezbedno skladi\u0161tenje.<\/p>\n<p>Secite pritiskom na predmet odnodno materijal na podlozi za se\u010denje. Mo\u017ee koristiti i PRB18 no\u017ei\u0107e za perforacije. Ergonomski dizajn prilago\u0111en je za upotrebu desnom i levom rukom, a integrisani \u017elebovi za prste poma\u017eu u spre\u010davanju klizanja prilikom se\u010denja.<\/p>\n<p>Preporu\u010duje se za upotrebu sa <a href=\"https:\/\/www.olfa.mimacdoo.rs\/?product_cat=podloge\">OLFA podlogama za se\u010denje<\/a>. Ovaj model se isporu\u010duje sa o\u0161trim no\u017ei\u0107em pre\u010dnika 18mm od ner\u0111aju\u0107eg ugljeni\u010dnog \u010delika. Promena no\u017ei\u0107a je jednostavna i bez dodatnih alata, samo jednim klikom. Namenjen za se\u010denje svih vrsta tkanine, tekstila, ko\u017ee i drugih materijala.<\/p>\n<p>Koristi rezervne no\u017ei\u0107e <a href=\"https:\/\/www.olfa.mimacdoo.rs\/?product=rb18-nozici\">RB18<\/a> i <a href=\"https:\/\/www.olfa.mimacdoo.rs\/?product=prb18-nozici\">PRB18<\/a> serije.<\/p>\n<blockquote><p><em>OLFA je 1979. godine izumom rotacionog skalpela, napravila revoluciju u na\u010dinu se\u010denja tkanine i materijala, i time donela mnoge olak\u0161ice i pogodnosti koje nisu mogle da se zamisle u to vreme.<\/em><\/p><\/blockquote>\n","protected":false},"excerpt":{"rendered":"<p>\u2022 Rotacioni skalpel \u0161irine 18mm<br \/>\n\u2022 Veoma laka zamena dotrajalog no\u017ei\u0107a<br \/>\n\u2022 Dolazi sa 18mm RB no\u017ei\u0107em od ner\u0111aju\u0107eg \u010delika<br \/>\n\u2022 Za levoruke i desnoruke<br \/>\n\u2022 <strong>Made in Japan<\/strong><\/p>\n","protected":false},"featured_media":3487,"template":"","meta":{"_uag_custom_page_level_css":"","site-sidebar-layout":"default","site-content-layout":"default","ast-site-content-layout":"default","site-content-style":"default","site-sidebar-style":"default","ast-global-header-display":"","ast-banner-title-visibility":"","ast-main-header-display":"","ast-hfb-above-header-display":"","ast-hfb-below-header-display":"","ast-hfb-mobile-header-display":"","site-post-title":"","ast-breadcrumbs-content":"","ast-featured-img":"","footer-sml-layout":"","theme-transparent-header-meta":"default","adv-header-id-meta":"","stick-header-meta":"","header-above-stick-meta":"","header-main-stick-meta":"","header-below-stick-meta":"","astra-migrate-meta-layouts":"set","ast-page-background-enabled":"default","ast-page-background-meta":{"desktop":{"background-color":"","background-image":"","background-repeat":"repeat","background-position":"center center","background-size":"auto","background-attachment":"scroll","background-type":"","background-media":"","overlay-type":"","overlay-color":"","overlay-opacity":"","overlay-gradient":""},"tablet":{"background-color":"","background-image":"","background-repeat":"repeat","background-position":"center center","background-size":"auto","background-attachment":"scroll","background-type":"","background-media":"","overlay-type":"","overlay-color":"","overlay-opacity":"","overlay-gradient":""},"mobile":{"background-color":"","background-image":"","background-repeat":"repeat","background-position":"center center","background-size":"auto","background-attachment":"scroll","background-type":"","background-media":"","overlay-type":"","overlay-color":"","overlay-opacity":"","overlay-gradient":""}},"ast-content-background-meta":{"desktop":{"background-color":"var(--ast-global-color-5)","background-image":"","background-repeat":"repeat","background-position":"center center","background-size":"auto","background-attachment":"scroll","background-type":"","background-media":"","overlay-type":"","overlay-color":"","overlay-opacity":"","overlay-gradient":""},"tablet":{"background-color":"var(--ast-global-color-5)","background-image":"","background-repeat":"repeat","background-position":"center center","background-size":"auto","background-attachment":"scroll","background-type":"","background-media":"","overlay-type":"","overlay-color":"","overlay-opacity":"","overlay-gradient":""},"mobile":{"background-color":"var(--ast-global-color-5)","background-image":"","background-repeat":"repeat","background-position":"center center","background-size":"auto","background-attachment":"scroll","background-type":"","background-media":"","overlay-type":"","overlay-color":"","overlay-opacity":"","overlay-gradient":""}}},"product_brand":[],"product_cat":[54],"product_tag":[],"class_list":{"0":"post-2089","1":"product","2":"type-product","3":"status-publish","4":"has-post-thumbnail","6":"product_cat-rotacioni-skalpeli","7":"desktop-align-left","8":"tablet-align-left","9":"mobile-align-left","11":"first","12":"instock","13":"shipping-taxable","14":"product-type-simple"},"uagb_featured_image_src":{"full":["https:\/\/www.olfa.mimacdoo.rs\/wp-content\/uploads\/2022\/12\/RTY-4.jpg",640,640,false],"thumbnail":["https:\/\/www.olfa.mimacdoo.rs\/wp-content\/uploads\/2022\/12\/RTY-4-150x150.jpg",150,150,true],"medium":["https:\/\/www.olfa.mimacdoo.rs\/wp-content\/uploads\/2022\/12\/RTY-4-300x300.jpg",300,300,true],"medium_large":["https:\/\/www.olfa.mimacdoo.rs\/wp-content\/uploads\/2022\/12\/RTY-4.jpg",640,640,false],"large":["https:\/\/www.olfa.mimacdoo.rs\/wp-content\/uploads\/2022\/12\/RTY-4.jpg",640,640,false],"1536x1536":["https:\/\/www.olfa.mimacdoo.rs\/wp-content\/uploads\/2022\/12\/RTY-4.jpg",640,640,false],"2048x2048":["https:\/\/www.olfa.mimacdoo.rs\/wp-content\/uploads\/2022\/12\/RTY-4.jpg",640,640,false],"trp-custom-language-flag":["https:\/\/www.olfa.mimacdoo.rs\/wp-content\/uploads\/2022\/12\/RTY-4-12x12.jpg",12,12,true],"woocommerce_thumbnail":["https:\/\/www.olfa.mimacdoo.rs\/wp-content\/uploads\/2022\/12\/RTY-4-300x300.jpg",300,300,true],"woocommerce_single":["https:\/\/www.olfa.mimacdoo.rs\/wp-content\/uploads\/2022\/12\/RTY-4-600x600.jpg",600,600,true],"woocommerce_gallery_thumbnail":["https:\/\/www.olfa.mimacdoo.rs\/wp-content\/uploads\/2022\/12\/RTY-4-100x100.jpg",100,100,true]},"uagb_author_info":{"display_name":"mimacdoo","author_link":"https:\/\/www.olfa.mimacdoo.rs\/?author=0"},"uagb_comment_info":0,"uagb_excerpt":"\u2022 Rotacioni skalpel \u0161irine 18mm \u2022 Veoma laka zamena dotrajalog no\u017ei\u0107a \u2022 Dolazi sa 18mm RB no\u017ei\u0107em od ner\u0111aju\u0107eg \u010delika \u2022 Za levoruke i desnoruke \u2022 Made in Japan","_links":{"self":[{"href":"https:\/\/www.olfa.mimacdoo.rs\/index.php?rest_route=\/wp\/v2\/product\/2089","targetHints":{"allow":["GET"]}}],"collection":[{"href":"https:\/\/www.olfa.mimacdoo.rs\/index.php?rest_route=\/wp\/v2\/product"}],"about":[{"href":"https:\/\/www.olfa.mimacdoo.rs\/index.php?rest_route=\/wp\/v2\/types\/product"}],"wp:featuredmedia":[{"embeddable":true,"href":"https:\/\/www.olfa.mimacdoo.rs\/index.php?rest_route=\/wp\/v2\/media\/3487"}],"wp:attachment":[{"href":"https:\/\/www.olfa.mimacdoo.rs\/index.php?rest_route=%2Fwp%2Fv2%2Fmedia&parent=2089"}],"wp:term":[{"taxonomy":"product_brand","embeddable":true,"href":"https:\/\/www.olfa.mimacdoo.rs\/index.php?rest_route=%2Fwp%2Fv2%2Fproduct_brand&post=2089"},{"taxonomy":"product_cat","embeddable":true,"href":"https:\/\/www.olfa.mimacdoo.rs\/index.php?rest_route=%2Fwp%2Fv2%2Fproduct_cat&post=2089"},{"taxonomy":"product_tag","embeddable":true,"href":"https:\/\/www.olfa.mimacdoo.rs\/index.php?rest_route=%2Fwp%2Fv2%2Fproduct_tag&post=2089"}],"curies":[{"name":"wp","href":"https:\/\/api.w.org\/{rel}","templated":true}]}}