{"id":2074,"date":"2022-12-22T09:46:06","date_gmt":"2022-12-22T09:46:06","guid":{"rendered":"https:\/\/www.olfa.mimacdoo.rs\/?post_type=product&#038;p=2074"},"modified":"2024-09-12T10:10:47","modified_gmt":"2024-09-12T10:10:47","slug":"hsw-1-skalpel","status":"publish","type":"product","link":"https:\/\/www.olfa.mimacdoo.rs\/?product=hsw-1-skalpel","title":{"rendered":"HSW-1 TESTERA"},"content":{"rendered":"<p><strong>HSW-1<\/strong><\/p>\n<p>Za sve va\u0161e projekte obrade drveta OLFA 25mm HSW-1 vu\u010dna, dvostruko nazubljena testera je upravo ono \u0161to vam treba. Model HSW-1 donosi perfektnu kombinaciju tvrdo\u0107e i o\u0161trine. Proces impulsnog kaljenja vrhunskog japanskog ugljeni\u010dnog alatnog \u010delika u mnogome produ\u017eava vek se\u010diva testere i pove\u0107ava izdr\u017eljivost. Bezelektri\u010dno niklovanje pru\u017ea dodatnut izdr\u017eljivost i dodatnu otpornost na koroziju. Se\u010divo se mo\u017ee pri\u010dvrstiti pomo\u0107u to\u010dki\u0107a, a kanal kroz koji prolazi se\u010divo je napravljen od ner\u0111aju\u0107eg \u010delika. Gumeni rukohvat sa zadnje strane protiv klizanja osigurava bezbedno rukovanje i dodaje na udobnosti. HSW-1 pru\u017ea nivo o\u0161trine koji korisnik ne mo\u017ee o\u010dekivati od njegovog kompaktnog izgleda.<\/p>\n<p>Ovaj model se isporu\u010duje sa o\u0161trim srebrnim no\u017ei\u0107em testericom od 25mm, idealnim za se\u010denje drveta i plastike. Promena se\u010diva je jednostavna i bez dodatnih alata. Sa rezervnim no\u017ei\u0107ima HB i HBB koji se prodaju posebno, HSW-1 se pretvara u skalpel.<\/p>\n<p><span style=\"font-size: 16px;\">Koristi rezervne no\u017ei\u0107e <\/span><a style=\"font-size: 16px; background-color: #ffffff;\" href=\"https:\/\/www.olfa.mimacdoo.rs\/?product=hswb-nozici\">HSWB-1<\/a><span style=\"font-size: 16px;\">, <\/span><a style=\"font-size: 16px; background-color: #ffffff;\" href=\"https:\/\/www.olfa.mimacdoo.rs\/?product=hb-nozici\">HB<\/a><span style=\"font-size: 16px;\"> i <\/span><a style=\"font-size: 16px; background-color: #ffffff;\" href=\"https:\/\/www.olfa.mimacdoo.rs\/?product=hbb-nozici\">HBB<\/a><span style=\"font-size: 16px;\"> serije.<\/span><\/p>\n","protected":false},"excerpt":{"rendered":"<p>\u2022 Dvostruko nazubljena vu\u010dna testera<br \/>\n\u2022 To\u010dki\u0107 za zaklju\u010danje no\u017ei\u0107a testerice<br \/>\n\u2022 Otporan na koroziju<br \/>\n\u2022 Dolazi sa 25mm HSWB testericom<br \/>\n\u2022 Kanal no\u017ei\u0107a od ner\u0111aju\u0107eg \u010delika<br \/>\n\u2022 <strong>Made in Japan<\/strong><\/p>\n","protected":false},"featured_media":3305,"template":"","meta":{"_uag_custom_page_level_css":"","site-sidebar-layout":"default","site-content-layout":"default","ast-site-content-layout":"default","site-content-style":"default","site-sidebar-style":"default","ast-global-header-display":"","ast-banner-title-visibility":"","ast-main-header-display":"","ast-hfb-above-header-display":"","ast-hfb-below-header-display":"","ast-hfb-mobile-header-display":"","site-post-title":"","ast-breadcrumbs-content":"","ast-featured-img":"","footer-sml-layout":"","theme-transparent-header-meta":"default","adv-header-id-meta":"","stick-header-meta":"","header-above-stick-meta":"","header-main-stick-meta":"","header-below-stick-meta":"","astra-migrate-meta-layouts":"set","ast-page-background-enabled":"default","ast-page-background-meta":{"desktop":{"background-color":"","background-image":"","background-repeat":"repeat","background-position":"center center","background-size":"auto","background-attachment":"scroll","background-type":"","background-media":"","overlay-type":"","overlay-color":"","overlay-opacity":"","overlay-gradient":""},"tablet":{"background-color":"","background-image":"","background-repeat":"repeat","background-position":"center center","background-size":"auto","background-attachment":"scroll","background-type":"","background-media":"","overlay-type":"","overlay-color":"","overlay-opacity":"","overlay-gradient":""},"mobile":{"background-color":"","background-image":"","background-repeat":"repeat","background-position":"center center","background-size":"auto","background-attachment":"scroll","background-type":"","background-media":"","overlay-type":"","overlay-color":"","overlay-opacity":"","overlay-gradient":""}},"ast-content-background-meta":{"desktop":{"background-color":"var(--ast-global-color-5)","background-image":"","background-repeat":"repeat","background-position":"center center","background-size":"auto","background-attachment":"scroll","background-type":"","background-media":"","overlay-type":"","overlay-color":"","overlay-opacity":"","overlay-gradient":""},"tablet":{"background-color":"var(--ast-global-color-5)","background-image":"","background-repeat":"repeat","background-position":"center center","background-size":"auto","background-attachment":"scroll","background-type":"","background-media":"","overlay-type":"","overlay-color":"","overlay-opacity":"","overlay-gradient":""},"mobile":{"background-color":"var(--ast-global-color-5)","background-image":"","background-repeat":"repeat","background-position":"center center","background-size":"auto","background-attachment":"scroll","background-type":"","background-media":"","overlay-type":"","overlay-color":"","overlay-opacity":"","overlay-gradient":""}}},"product_brand":[],"product_cat":[48,55],"product_tag":[],"class_list":{"0":"post-2074","1":"product","2":"type-product","3":"status-publish","4":"has-post-thumbnail","6":"product_cat-25mm","7":"product_cat-art-hobby","8":"desktop-align-left","9":"tablet-align-left","10":"mobile-align-left","12":"first","13":"instock","14":"shipping-taxable","15":"product-type-simple"},"uagb_featured_image_src":{"full":["https:\/\/www.olfa.mimacdoo.rs\/wp-content\/uploads\/2022\/12\/HSW-1.jpg",640,640,false],"thumbnail":["https:\/\/www.olfa.mimacdoo.rs\/wp-content\/uploads\/2022\/12\/HSW-1-150x150.jpg",150,150,true],"medium":["https:\/\/www.olfa.mimacdoo.rs\/wp-content\/uploads\/2022\/12\/HSW-1-300x300.jpg",300,300,true],"medium_large":["https:\/\/www.olfa.mimacdoo.rs\/wp-content\/uploads\/2022\/12\/HSW-1.jpg",640,640,false],"large":["https:\/\/www.olfa.mimacdoo.rs\/wp-content\/uploads\/2022\/12\/HSW-1.jpg",640,640,false],"1536x1536":["https:\/\/www.olfa.mimacdoo.rs\/wp-content\/uploads\/2022\/12\/HSW-1.jpg",640,640,false],"2048x2048":["https:\/\/www.olfa.mimacdoo.rs\/wp-content\/uploads\/2022\/12\/HSW-1.jpg",640,640,false],"trp-custom-language-flag":["https:\/\/www.olfa.mimacdoo.rs\/wp-content\/uploads\/2022\/12\/HSW-1-12x12.jpg",12,12,true],"woocommerce_thumbnail":["https:\/\/www.olfa.mimacdoo.rs\/wp-content\/uploads\/2022\/12\/HSW-1-300x300.jpg",300,300,true],"woocommerce_single":["https:\/\/www.olfa.mimacdoo.rs\/wp-content\/uploads\/2022\/12\/HSW-1-600x600.jpg",600,600,true],"woocommerce_gallery_thumbnail":["https:\/\/www.olfa.mimacdoo.rs\/wp-content\/uploads\/2022\/12\/HSW-1-100x100.jpg",100,100,true]},"uagb_author_info":{"display_name":"mimacdoo","author_link":"https:\/\/www.olfa.mimacdoo.rs\/?author=0"},"uagb_comment_info":0,"uagb_excerpt":"\u2022 Dvostruko nazubljena vu\u010dna testera \u2022 To\u010dki\u0107 za zaklju\u010danje no\u017ei\u0107a testerice \u2022 Otporan na koroziju \u2022 Dolazi sa 25mm HSWB testericom \u2022 Kanal no\u017ei\u0107a od ner\u0111aju\u0107eg \u010delika \u2022 Made in Japan","_links":{"self":[{"href":"https:\/\/www.olfa.mimacdoo.rs\/index.php?rest_route=\/wp\/v2\/product\/2074","targetHints":{"allow":["GET"]}}],"collection":[{"href":"https:\/\/www.olfa.mimacdoo.rs\/index.php?rest_route=\/wp\/v2\/product"}],"about":[{"href":"https:\/\/www.olfa.mimacdoo.rs\/index.php?rest_route=\/wp\/v2\/types\/product"}],"wp:featuredmedia":[{"embeddable":true,"href":"https:\/\/www.olfa.mimacdoo.rs\/index.php?rest_route=\/wp\/v2\/media\/3305"}],"wp:attachment":[{"href":"https:\/\/www.olfa.mimacdoo.rs\/index.php?rest_route=%2Fwp%2Fv2%2Fmedia&parent=2074"}],"wp:term":[{"taxonomy":"product_brand","embeddable":true,"href":"https:\/\/www.olfa.mimacdoo.rs\/index.php?rest_route=%2Fwp%2Fv2%2Fproduct_brand&post=2074"},{"taxonomy":"product_cat","embeddable":true,"href":"https:\/\/www.olfa.mimacdoo.rs\/index.php?rest_route=%2Fwp%2Fv2%2Fproduct_cat&post=2074"},{"taxonomy":"product_tag","embeddable":true,"href":"https:\/\/www.olfa.mimacdoo.rs\/index.php?rest_route=%2Fwp%2Fv2%2Fproduct_tag&post=2074"}],"curies":[{"name":"wp","href":"https:\/\/api.w.org\/{rel}","templated":true}]}}