{"id":2044,"date":"2022-12-22T09:15:49","date_gmt":"2022-12-22T09:15:49","guid":{"rendered":"https:\/\/www.olfa.mimacdoo.rs\/?post_type=product&#038;p=2044"},"modified":"2024-10-29T12:55:13","modified_gmt":"2024-10-29T12:55:13","slug":"l-2-skalpel","status":"publish","type":"product","link":"https:\/\/www.olfa.mimacdoo.rs\/?product=l-2-skalpel","title":{"rendered":"L-2 SKALPEL"},"content":{"rendered":"<p><strong>L-2<\/strong><\/p>\n<p>Skalpel OLFA L-2 za te\u0161ke uslove rada sa izdr\u017eljivom ABS ru\u010dkom i gumenim rukohvatom protiv klizanja i sigurno rukovanje. Odli\u010dan za se\u010denje debelih materijala kao \u0161to su karton, guma i \u0161perplo\u010da. Sa kanalom od ner\u0111aju\u0107eg \u010delika kroz koji prolazi no\u017ei\u0107 svojom punom du\u017einom, fizi\u010dke karakteristike ovog skalpela ga \u010dine prakti\u010dnim za najte\u017ee gra\u0111evinske i industrijske poslove. Sistem zaklju\u010davanja no\u017ei\u0107a to\u010dki\u0107em obezbe\u0111uje neograni\u010dene polo\u017eaje se\u010diva.<\/p>\n<p>Ovaj model se isporu\u010duje sa o\u0161trim srebrnim no\u017ei\u0107em od 18mm. No\u017ei\u0107 nudi 8 segmenata koji pru\u017eaju ta\u010dne i detaljne rezove. Kada se segment istupi, jednostavno lomljenje segmenta no\u017ei\u0107a otkriva novu o\u0161tricu, \u0161to omogu\u0107ava brz povratak na posao. Promena no\u017ei\u0107a je jednostavna i bez dodatnih alata.<\/p>\n<p>Koristi rezervne no\u017ei\u0107e <a href=\"https:\/\/www.olfa.mimacdoo.rs\/?product=lb-nozici\">LB<\/a>, <a href=\"https:\/\/www.olfa.mimacdoo.rs\/?product=lbb-nozici\">LBB<\/a>, <a href=\"https:\/\/www.olfa.mimacdoo.rs\/?product=lbd-nozici\">LBD<\/a>, <a href=\"https:\/\/www.olfa.mimacdoo.rs\/?product=lb-sol-nozici\">LB-SOL<\/a>, <a href=\"https:\/\/www.olfa.mimacdoo.rs\/?product=lfb-nozici\">LFB<\/a> i <a href=\"https:\/\/www.olfa.mimacdoo.rs\/?product=lwb-nozici\">LWB<\/a> serije.<\/p>\n","protected":false},"excerpt":{"rendered":"<p>\u2022 To\u010dki\u0107 za zaklju\u010davanje no\u017ei\u0107a<br \/>\n\u2022 Veoma laka zamena dotrajalog no\u017ei\u0107a<br \/>\n\u2022 Telo od ABS plastike<br \/>\n\u2022 Dolazi sa 18mm LB visokokvalitetnim no\u017ei\u0107em<br \/>\n\u2022 Kanal no\u017ei\u0107a od ner\u0111aju\u0107eg \u010delika<br \/>\n\u2022 <strong>Made in Japan<\/strong><\/p>\n","protected":false},"featured_media":3252,"template":"","meta":{"_uag_custom_page_level_css":"","site-sidebar-layout":"default","site-content-layout":"default","ast-site-content-layout":"default","site-content-style":"default","site-sidebar-style":"default","ast-global-header-display":"","ast-banner-title-visibility":"","ast-main-header-display":"","ast-hfb-above-header-display":"","ast-hfb-below-header-display":"","ast-hfb-mobile-header-display":"","site-post-title":"","ast-breadcrumbs-content":"","ast-featured-img":"","footer-sml-layout":"","theme-transparent-header-meta":"default","adv-header-id-meta":"","stick-header-meta":"","header-above-stick-meta":"","header-main-stick-meta":"","header-below-stick-meta":"","astra-migrate-meta-layouts":"set","ast-page-background-enabled":"default","ast-page-background-meta":{"desktop":{"background-color":"","background-image":"","background-repeat":"repeat","background-position":"center center","background-size":"auto","background-attachment":"scroll","background-type":"","background-media":"","overlay-type":"","overlay-color":"","overlay-opacity":"","overlay-gradient":""},"tablet":{"background-color":"","background-image":"","background-repeat":"repeat","background-position":"center center","background-size":"auto","background-attachment":"scroll","background-type":"","background-media":"","overlay-type":"","overlay-color":"","overlay-opacity":"","overlay-gradient":""},"mobile":{"background-color":"","background-image":"","background-repeat":"repeat","background-position":"center center","background-size":"auto","background-attachment":"scroll","background-type":"","background-media":"","overlay-type":"","overlay-color":"","overlay-opacity":"","overlay-gradient":""}},"ast-content-background-meta":{"desktop":{"background-color":"var(--ast-global-color-5)","background-image":"","background-repeat":"repeat","background-position":"center center","background-size":"auto","background-attachment":"scroll","background-type":"","background-media":"","overlay-type":"","overlay-color":"","overlay-opacity":"","overlay-gradient":""},"tablet":{"background-color":"var(--ast-global-color-5)","background-image":"","background-repeat":"repeat","background-position":"center center","background-size":"auto","background-attachment":"scroll","background-type":"","background-media":"","overlay-type":"","overlay-color":"","overlay-opacity":"","overlay-gradient":""},"mobile":{"background-color":"var(--ast-global-color-5)","background-image":"","background-repeat":"repeat","background-position":"center center","background-size":"auto","background-attachment":"scroll","background-type":"","background-media":"","overlay-type":"","overlay-color":"","overlay-opacity":"","overlay-gradient":""}}},"product_brand":[],"product_cat":[43],"product_tag":[],"class_list":{"0":"post-2044","1":"product","2":"type-product","3":"status-publish","4":"has-post-thumbnail","6":"product_cat-18mm","7":"desktop-align-left","8":"tablet-align-left","9":"mobile-align-left","11":"first","12":"instock","13":"shipping-taxable","14":"product-type-simple"},"uagb_featured_image_src":{"full":["https:\/\/www.olfa.mimacdoo.rs\/wp-content\/uploads\/2022\/12\/L-2.jpg",640,640,false],"thumbnail":["https:\/\/www.olfa.mimacdoo.rs\/wp-content\/uploads\/2022\/12\/L-2-150x150.jpg",150,150,true],"medium":["https:\/\/www.olfa.mimacdoo.rs\/wp-content\/uploads\/2022\/12\/L-2-300x300.jpg",300,300,true],"medium_large":["https:\/\/www.olfa.mimacdoo.rs\/wp-content\/uploads\/2022\/12\/L-2.jpg",640,640,false],"large":["https:\/\/www.olfa.mimacdoo.rs\/wp-content\/uploads\/2022\/12\/L-2.jpg",640,640,false],"1536x1536":["https:\/\/www.olfa.mimacdoo.rs\/wp-content\/uploads\/2022\/12\/L-2.jpg",640,640,false],"2048x2048":["https:\/\/www.olfa.mimacdoo.rs\/wp-content\/uploads\/2022\/12\/L-2.jpg",640,640,false],"trp-custom-language-flag":["https:\/\/www.olfa.mimacdoo.rs\/wp-content\/uploads\/2022\/12\/L-2-12x12.jpg",12,12,true],"woocommerce_thumbnail":["https:\/\/www.olfa.mimacdoo.rs\/wp-content\/uploads\/2022\/12\/L-2-300x300.jpg",300,300,true],"woocommerce_single":["https:\/\/www.olfa.mimacdoo.rs\/wp-content\/uploads\/2022\/12\/L-2-600x600.jpg",600,600,true],"woocommerce_gallery_thumbnail":["https:\/\/www.olfa.mimacdoo.rs\/wp-content\/uploads\/2022\/12\/L-2-100x100.jpg",100,100,true]},"uagb_author_info":{"display_name":"mimacdoo","author_link":"https:\/\/www.olfa.mimacdoo.rs\/?author=0"},"uagb_comment_info":0,"uagb_excerpt":"\u2022 To\u010dki\u0107 za zaklju\u010davanje no\u017ei\u0107a \u2022 Veoma laka zamena dotrajalog no\u017ei\u0107a \u2022 Telo od ABS plastike \u2022 Dolazi sa 18mm LB visokokvalitetnim no\u017ei\u0107em \u2022 Kanal no\u017ei\u0107a od ner\u0111aju\u0107eg \u010delika \u2022 Made in Japan","_links":{"self":[{"href":"https:\/\/www.olfa.mimacdoo.rs\/index.php?rest_route=\/wp\/v2\/product\/2044","targetHints":{"allow":["GET"]}}],"collection":[{"href":"https:\/\/www.olfa.mimacdoo.rs\/index.php?rest_route=\/wp\/v2\/product"}],"about":[{"href":"https:\/\/www.olfa.mimacdoo.rs\/index.php?rest_route=\/wp\/v2\/types\/product"}],"wp:featuredmedia":[{"embeddable":true,"href":"https:\/\/www.olfa.mimacdoo.rs\/index.php?rest_route=\/wp\/v2\/media\/3252"}],"wp:attachment":[{"href":"https:\/\/www.olfa.mimacdoo.rs\/index.php?rest_route=%2Fwp%2Fv2%2Fmedia&parent=2044"}],"wp:term":[{"taxonomy":"product_brand","embeddable":true,"href":"https:\/\/www.olfa.mimacdoo.rs\/index.php?rest_route=%2Fwp%2Fv2%2Fproduct_brand&post=2044"},{"taxonomy":"product_cat","embeddable":true,"href":"https:\/\/www.olfa.mimacdoo.rs\/index.php?rest_route=%2Fwp%2Fv2%2Fproduct_cat&post=2044"},{"taxonomy":"product_tag","embeddable":true,"href":"https:\/\/www.olfa.mimacdoo.rs\/index.php?rest_route=%2Fwp%2Fv2%2Fproduct_tag&post=2044"}],"curies":[{"name":"wp","href":"https:\/\/api.w.org\/{rel}","templated":true}]}}