{"id":1878,"date":"2022-12-21T09:13:28","date_gmt":"2022-12-21T09:13:28","guid":{"rendered":"https:\/\/www.olfa.mimacdoo.rs\/?post_type=product&#038;p=1878"},"modified":"2024-09-11T14:35:36","modified_gmt":"2024-09-11T14:35:36","slug":"a-1-skalpel","status":"publish","type":"product","link":"https:\/\/www.olfa.mimacdoo.rs\/?product=a-1-skalpel","title":{"rendered":"A-1 SKALPEL"},"content":{"rendered":"<p><strong>A-1<\/strong><\/p>\n<p>Izaberite OLFA 9mm A-1 precizni skalpel kao pristupa\u010dno re\u0161enje za precizno se\u010denje. Tanka ru\u010dka od ABS plastike nudi udobnost uz kontrolu poput olovke. Kanal od ner\u0111ajuc\u0301eg \u010delika obezbe\u0111uje se\u010divo za bezbedan rad na zahtevnim poslovima. Koristite kliza\u010d za automatsko zaklju\u010davanje da pomerite se\u010divo na unapred \u017eeljenu dubinu se\u010denja. Svako zaustavljanje ima zvu\u010dne klikove za precizne rezultate.<\/p>\n<p>Ovaj skalpel se isporu\u010duje sa o\u0161trim srebrnim no\u017ei\u0107em od 9mm. No\u017ei\u0107 nudi 13 segmenata koji pru\u017eaju ta\u010dne i detaljne rezove. Prakti\u010dni d\u017eepni klip tako\u0111e slu\u017ei za lomljenje no\u017ei\u0107a i time omogu\u0107ava siguran pristup novom segmentu no\u017ei\u0107a.<\/p>\n<p>Nikada ne gubite vreme na promenu no\u017ei\u0107a. Ovaj skalpel ima jednostavnu zamenu no\u017ei\u0107a bez alata. Uklonite d\u017eepnu kop\u010du i gurnite kori\u0161c\u0301eni segment sa zadnje strane ru\u010dke. Ubacite novi no\u017ei\u0107 i vratite klip na mesto.<\/p>\n<p>Koristi rezervne no\u017ei\u0107e <a href=\"https:\/\/www.olfa.mimacdoo.rs\/?product=ab-nozici\">AB<\/a>, <a href=\"https:\/\/www.olfa.mimacdoo.rs\/?product=abb-nozici\">ABB<\/a>, <a href=\"https:\/\/www.olfa.mimacdoo.rs\/?product=ab-s-nozici\">AB-S<\/a>, <a href=\"https:\/\/www.olfa.mimacdoo.rs\/?product=ab-sol-nozici\">AB-SOL<\/a> i <a href=\"https:\/\/www.olfa.mimacdoo.rs\/?product=dkb-nozici\">DKB<\/a> serije.<\/p>\n","protected":false},"excerpt":{"rendered":"<p>\u2022 Auto-Lock zaklju\u010davanje no\u017ei\u0107a<br \/>\n\u2022 Veoma laka zamena dotrajalog no\u017ei\u0107a<br \/>\n\u2022 Telo od ABS plastike<br \/>\n\u2022 Dolazi sa 9mm AB visokokvalitetnim no\u017ei\u0107em<br \/>\n\u2022 Za levoruke i desnoruke<br \/>\n\u2022 <strong>Made in Japan<\/strong><\/p>\n","protected":false},"featured_media":3175,"template":"","meta":{"_uag_custom_page_level_css":"","site-sidebar-layout":"default","site-content-layout":"default","ast-site-content-layout":"default","site-content-style":"default","site-sidebar-style":"default","ast-global-header-display":"","ast-banner-title-visibility":"","ast-main-header-display":"","ast-hfb-above-header-display":"","ast-hfb-below-header-display":"","ast-hfb-mobile-header-display":"","site-post-title":"","ast-breadcrumbs-content":"","ast-featured-img":"","footer-sml-layout":"","theme-transparent-header-meta":"default","adv-header-id-meta":"","stick-header-meta":"","header-above-stick-meta":"","header-main-stick-meta":"","header-below-stick-meta":"","astra-migrate-meta-layouts":"set","ast-page-background-enabled":"default","ast-page-background-meta":{"desktop":{"background-color":"","background-image":"","background-repeat":"repeat","background-position":"center center","background-size":"auto","background-attachment":"scroll","background-type":"","background-media":"","overlay-type":"","overlay-color":"","overlay-opacity":"","overlay-gradient":""},"tablet":{"background-color":"","background-image":"","background-repeat":"repeat","background-position":"center center","background-size":"auto","background-attachment":"scroll","background-type":"","background-media":"","overlay-type":"","overlay-color":"","overlay-opacity":"","overlay-gradient":""},"mobile":{"background-color":"","background-image":"","background-repeat":"repeat","background-position":"center center","background-size":"auto","background-attachment":"scroll","background-type":"","background-media":"","overlay-type":"","overlay-color":"","overlay-opacity":"","overlay-gradient":""}},"ast-content-background-meta":{"desktop":{"background-color":"var(--ast-global-color-5)","background-image":"","background-repeat":"repeat","background-position":"center center","background-size":"auto","background-attachment":"scroll","background-type":"","background-media":"","overlay-type":"","overlay-color":"","overlay-opacity":"","overlay-gradient":""},"tablet":{"background-color":"var(--ast-global-color-5)","background-image":"","background-repeat":"repeat","background-position":"center center","background-size":"auto","background-attachment":"scroll","background-type":"","background-media":"","overlay-type":"","overlay-color":"","overlay-opacity":"","overlay-gradient":""},"mobile":{"background-color":"var(--ast-global-color-5)","background-image":"","background-repeat":"repeat","background-position":"center center","background-size":"auto","background-attachment":"scroll","background-type":"","background-media":"","overlay-type":"","overlay-color":"","overlay-opacity":"","overlay-gradient":""}}},"product_brand":[],"product_cat":[47],"product_tag":[],"class_list":{"0":"post-1878","1":"product","2":"type-product","3":"status-publish","4":"has-post-thumbnail","6":"product_cat-9mm","7":"desktop-align-left","8":"tablet-align-left","9":"mobile-align-left","11":"first","12":"instock","13":"shipping-taxable","14":"product-type-simple"},"uagb_featured_image_src":{"full":["https:\/\/www.olfa.mimacdoo.rs\/wp-content\/uploads\/2022\/12\/A-1.jpg",640,640,false],"thumbnail":["https:\/\/www.olfa.mimacdoo.rs\/wp-content\/uploads\/2022\/12\/A-1-150x150.jpg",150,150,true],"medium":["https:\/\/www.olfa.mimacdoo.rs\/wp-content\/uploads\/2022\/12\/A-1-300x300.jpg",300,300,true],"medium_large":["https:\/\/www.olfa.mimacdoo.rs\/wp-content\/uploads\/2022\/12\/A-1.jpg",640,640,false],"large":["https:\/\/www.olfa.mimacdoo.rs\/wp-content\/uploads\/2022\/12\/A-1.jpg",640,640,false],"1536x1536":["https:\/\/www.olfa.mimacdoo.rs\/wp-content\/uploads\/2022\/12\/A-1.jpg",640,640,false],"2048x2048":["https:\/\/www.olfa.mimacdoo.rs\/wp-content\/uploads\/2022\/12\/A-1.jpg",640,640,false],"trp-custom-language-flag":["https:\/\/www.olfa.mimacdoo.rs\/wp-content\/uploads\/2022\/12\/A-1-12x12.jpg",12,12,true],"woocommerce_thumbnail":["https:\/\/www.olfa.mimacdoo.rs\/wp-content\/uploads\/2022\/12\/A-1-300x300.jpg",300,300,true],"woocommerce_single":["https:\/\/www.olfa.mimacdoo.rs\/wp-content\/uploads\/2022\/12\/A-1-600x600.jpg",600,600,true],"woocommerce_gallery_thumbnail":["https:\/\/www.olfa.mimacdoo.rs\/wp-content\/uploads\/2022\/12\/A-1-100x100.jpg",100,100,true]},"uagb_author_info":{"display_name":"mimacdoo","author_link":"https:\/\/www.olfa.mimacdoo.rs\/?author=0"},"uagb_comment_info":0,"uagb_excerpt":"\u2022 Auto-Lock zaklju\u010davanje no\u017ei\u0107a \u2022 Veoma laka zamena dotrajalog no\u017ei\u0107a \u2022 Telo od ABS plastike \u2022 Dolazi sa 9mm AB visokokvalitetnim no\u017ei\u0107em \u2022 Za levoruke i desnoruke \u2022 Made in Japan","_links":{"self":[{"href":"https:\/\/www.olfa.mimacdoo.rs\/index.php?rest_route=\/wp\/v2\/product\/1878","targetHints":{"allow":["GET"]}}],"collection":[{"href":"https:\/\/www.olfa.mimacdoo.rs\/index.php?rest_route=\/wp\/v2\/product"}],"about":[{"href":"https:\/\/www.olfa.mimacdoo.rs\/index.php?rest_route=\/wp\/v2\/types\/product"}],"wp:featuredmedia":[{"embeddable":true,"href":"https:\/\/www.olfa.mimacdoo.rs\/index.php?rest_route=\/wp\/v2\/media\/3175"}],"wp:attachment":[{"href":"https:\/\/www.olfa.mimacdoo.rs\/index.php?rest_route=%2Fwp%2Fv2%2Fmedia&parent=1878"}],"wp:term":[{"taxonomy":"product_brand","embeddable":true,"href":"https:\/\/www.olfa.mimacdoo.rs\/index.php?rest_route=%2Fwp%2Fv2%2Fproduct_brand&post=1878"},{"taxonomy":"product_cat","embeddable":true,"href":"https:\/\/www.olfa.mimacdoo.rs\/index.php?rest_route=%2Fwp%2Fv2%2Fproduct_cat&post=1878"},{"taxonomy":"product_tag","embeddable":true,"href":"https:\/\/www.olfa.mimacdoo.rs\/index.php?rest_route=%2Fwp%2Fv2%2Fproduct_tag&post=1878"}],"curies":[{"name":"wp","href":"https:\/\/api.w.org\/{rel}","templated":true}]}}